{"id":22425,"date":"2025-07-22T20:00:40","date_gmt":"2025-07-22T18:00:40","guid":{"rendered":"https:\/\/uj.adatbank.ro\/lexikon\/termek\/szocs-karoly-2\/"},"modified":"2025-07-22T20:00:40","modified_gmt":"2025-07-22T18:00:40","slug":"szocs-karoly-2","status":"publish","type":"product","link":"https:\/\/uj.adatbank.ro\/lexikon\/termek\/szocs-karoly-2\/","title":{"rendered":"SZ\u0150CS K\u00e1roly"},"content":{"rendered":"<p>? \u2020?: szerkeszt\u0151. \u2013 A mv.-en megjelen\u0151 \u00daj Sz\u00f3 szerkeszt\u0151je (1935\u201336), amely fejl\u00e9c\u00e9ben irodalmi, t\u00e1rsadalmi \u00e9s gazdas\u00e1gi szemlek\u00e9nt hat\u00e1rozta meg mag\u00e1t. Rendszeresen k\u00f6z\u00f6lt benne \u00e1lneveken J\u00f3zsa B\u00e9la, Kib\u00e9di S\u00e1ndor, Keleti S\u00e1ndor, Kov\u00e1cs Gy\u00f6rgy, L\u00e1szl\u00f3 Lajos, Tam\u00e1s G\u00e1sp\u00e1r. <br \/><strong>Irod.:<\/strong> RMIL.<\/br><\/p>\n","protected":false},"excerpt":{"rendered":"<p>? \u2020?: szerkeszt\u0151. \u2013 A mv.-en megjelen\u0151 \u00daj Sz\u00f3 szerkeszt\u0151je (1935\u201336), amely fejl\u00e9c\u00e9ben irodalmi, t\u00e1rsadalmi \u00e9s gazdas\u00e1gi szemlek\u00e9nt hat\u00e1rozta meg mag\u00e1t. Rendszeresen k\u00f6z\u00f6lt benne \u00e1lneveken J\u00f3zsa B\u00e9la, Kib\u00e9di S\u00e1ndor, Keleti S\u00e1ndor, Kov\u00e1cs Gy\u00f6rgy, L\u00e1szl\u00f3 Lajos, Tam\u00e1s G\u00e1sp\u00e1r. Irod.: RMIL.<\/p>\n","protected":false},"featured_media":0,"comment_status":"open","ping_status":"closed","template":"","meta":[],"product_brand":[],"product_cat":[137],"product_tag":[],"class_list":{"0":"post-22425","1":"product","2":"type-product","3":"status-publish","5":"product_cat-maros-megyei-eletrajzi-lexikon","7":"first","8":"instock","9":"shipping-taxable","10":"product-type-simple"},"_links":{"self":[{"href":"https:\/\/uj.adatbank.ro\/lexikon\/wp-json\/wp\/v2\/product\/22425","targetHints":{"allow":["GET"]}}],"collection":[{"href":"https:\/\/uj.adatbank.ro\/lexikon\/wp-json\/wp\/v2\/product"}],"about":[{"href":"https:\/\/uj.adatbank.ro\/lexikon\/wp-json\/wp\/v2\/types\/product"}],"replies":[{"embeddable":true,"href":"https:\/\/uj.adatbank.ro\/lexikon\/wp-json\/wp\/v2\/comments?post=22425"}],"wp:attachment":[{"href":"https:\/\/uj.adatbank.ro\/lexikon\/wp-json\/wp\/v2\/media?parent=22425"}],"wp:term":[{"taxonomy":"product_brand","embeddable":true,"href":"https:\/\/uj.adatbank.ro\/lexikon\/wp-json\/wp\/v2\/product_brand?post=22425"},{"taxonomy":"product_cat","embeddable":true,"href":"https:\/\/uj.adatbank.ro\/lexikon\/wp-json\/wp\/v2\/product_cat?post=22425"},{"taxonomy":"product_tag","embeddable":true,"href":"https:\/\/uj.adatbank.ro\/lexikon\/wp-json\/wp\/v2\/product_tag?post=22425"}],"curies":[{"name":"wp","href":"https:\/\/api.w.org\/{rel}","templated":true}]}}