{"id":22426,"date":"2025-07-22T20:00:42","date_gmt":"2025-07-22T18:00:42","guid":{"rendered":"https:\/\/uj.adatbank.ro\/lexikon\/termek\/szocs-lajos-sovaradi\/"},"modified":"2025-07-22T20:00:42","modified_gmt":"2025-07-22T18:00:42","slug":"szocs-lajos-sovaradi","status":"publish","type":"product","link":"https:\/\/uj.adatbank.ro\/lexikon\/termek\/szocs-lajos-sovaradi\/","title":{"rendered":"SZ\u0150CS Lajos, s\u00f3v\u00e1radi"},"content":{"rendered":"<p>1922., \u20201979.: ref. lelk\u00e9sz. \u2013 Seg\u00e9dlelk\u00e9sz K\u00e9zdiv\u00e1s\u00e1rhelyen \u00e9s Bereckben (1955). Mez\u0151m\u00e9hes gy\u00fclekezet\u00e9ben szolg\u00e1lt \u00e9s helyettes lelk\u00e9sz Sz\u00e1szsebeszben (1956\u2013), Kisg\u00f6rg\u00e9nyben (1957\u2013), Galambodon (1959\u20131965). Lelkip\u00e1sztor \u00c9tfalva-Zolt\u00e1nban (1966\u2013) \u00e9s Ludv\u00e9gen szolg\u00e1lt nyugd\u00edjba vonul\u00e1s\u00e1ig (1975\u2013). Irod.: Cs\u00e1ky, P\u00e1lmay.<\/br><\/p>\n","protected":false},"excerpt":{"rendered":"<p>1922., \u20201979.: ref. lelk\u00e9sz. \u2013 Seg\u00e9dlelk\u00e9sz K\u00e9zdiv\u00e1s\u00e1rhelyen \u00e9s Bereckben (1955). Mez\u0151m\u00e9hes gy\u00fclekezet\u00e9ben szolg\u00e1lt \u00e9s helyettes lelk\u00e9sz Sz\u00e1szsebeszben (1956\u2013), Kisg\u00f6rg\u00e9nyben (1957\u2013), Galambodon (1959\u20131965). Lelkip\u00e1sztor \u00c9tfalva-Zolt\u00e1nban (1966\u2013) \u00e9s Ludv\u00e9gen szolg\u00e1lt nyugd\u00edjba vonul\u00e1s\u00e1ig (1975\u2013). Irod.: Cs\u00e1ky, P\u00e1lmay.<\/p>\n","protected":false},"featured_media":0,"comment_status":"open","ping_status":"closed","template":"","meta":[],"product_brand":[],"product_cat":[137],"product_tag":[],"class_list":{"0":"post-22426","1":"product","2":"type-product","3":"status-publish","5":"product_cat-maros-megyei-eletrajzi-lexikon","7":"first","8":"instock","9":"shipping-taxable","10":"product-type-simple"},"_links":{"self":[{"href":"https:\/\/uj.adatbank.ro\/lexikon\/wp-json\/wp\/v2\/product\/22426","targetHints":{"allow":["GET"]}}],"collection":[{"href":"https:\/\/uj.adatbank.ro\/lexikon\/wp-json\/wp\/v2\/product"}],"about":[{"href":"https:\/\/uj.adatbank.ro\/lexikon\/wp-json\/wp\/v2\/types\/product"}],"replies":[{"embeddable":true,"href":"https:\/\/uj.adatbank.ro\/lexikon\/wp-json\/wp\/v2\/comments?post=22426"}],"wp:attachment":[{"href":"https:\/\/uj.adatbank.ro\/lexikon\/wp-json\/wp\/v2\/media?parent=22426"}],"wp:term":[{"taxonomy":"product_brand","embeddable":true,"href":"https:\/\/uj.adatbank.ro\/lexikon\/wp-json\/wp\/v2\/product_brand?post=22426"},{"taxonomy":"product_cat","embeddable":true,"href":"https:\/\/uj.adatbank.ro\/lexikon\/wp-json\/wp\/v2\/product_cat?post=22426"},{"taxonomy":"product_tag","embeddable":true,"href":"https:\/\/uj.adatbank.ro\/lexikon\/wp-json\/wp\/v2\/product_tag?post=22426"}],"curies":[{"name":"wp","href":"https:\/\/api.w.org\/{rel}","templated":true}]}}