{"id":22427,"date":"2025-07-22T20:00:44","date_gmt":"2025-07-22T18:00:44","guid":{"rendered":"https:\/\/uj.adatbank.ro\/lexikon\/termek\/szocs-laszlo-nagyernyei\/"},"modified":"2025-07-22T20:00:44","modified_gmt":"2025-07-22T18:00:44","slug":"szocs-laszlo-nagyernyei","status":"publish","type":"product","link":"https:\/\/uj.adatbank.ro\/lexikon\/termek\/szocs-laszlo-nagyernyei\/","title":{"rendered":"SZ\u0150CS L\u00e1szl\u00f3, nagyernyei"},"content":{"rendered":"<p>18. sz. \u2020?: nemes, \u00fcgyv\u00e9d. \u2013 A nagyernyei Sz. csal\u00e1d tagja, Mv.-en polg\u00e1ri esk\u00fct tett (1708). Mv.-en hites jog\u00fcln\u00f6kk\u00e9nt m\u0171k\u00f6d\u00f6tt, assessor (1750). <br \/><strong>Irod.:<\/strong> Cs\u00e1ky; Keresztes Gyula: \u00d6r\u00f6ks\u00e9g\u00fcnk 50.: A nagyernyei udvarh\u00e1zak (1994. febr. 11.); P\u00e1l-Antal 2006.<\/br><\/p>\n","protected":false},"excerpt":{"rendered":"<p>18. sz. \u2020?: nemes, \u00fcgyv\u00e9d. \u2013 A nagyernyei Sz. csal\u00e1d tagja, Mv.-en polg\u00e1ri esk\u00fct tett (1708). Mv.-en hites jog\u00fcln\u00f6kk\u00e9nt m\u0171k\u00f6d\u00f6tt, assessor (1750). Irod.: Cs\u00e1ky; Keresztes Gyula: \u00d6r\u00f6ks\u00e9g\u00fcnk 50.: A nagyernyei udvarh\u00e1zak (1994. febr. 11.); P\u00e1l-Antal 2006.<\/p>\n","protected":false},"featured_media":0,"comment_status":"open","ping_status":"closed","template":"","meta":[],"product_brand":[],"product_cat":[137],"product_tag":[],"class_list":{"0":"post-22427","1":"product","2":"type-product","3":"status-publish","5":"product_cat-maros-megyei-eletrajzi-lexikon","7":"first","8":"instock","9":"shipping-taxable","10":"product-type-simple"},"_links":{"self":[{"href":"https:\/\/uj.adatbank.ro\/lexikon\/wp-json\/wp\/v2\/product\/22427","targetHints":{"allow":["GET"]}}],"collection":[{"href":"https:\/\/uj.adatbank.ro\/lexikon\/wp-json\/wp\/v2\/product"}],"about":[{"href":"https:\/\/uj.adatbank.ro\/lexikon\/wp-json\/wp\/v2\/types\/product"}],"replies":[{"embeddable":true,"href":"https:\/\/uj.adatbank.ro\/lexikon\/wp-json\/wp\/v2\/comments?post=22427"}],"wp:attachment":[{"href":"https:\/\/uj.adatbank.ro\/lexikon\/wp-json\/wp\/v2\/media?parent=22427"}],"wp:term":[{"taxonomy":"product_brand","embeddable":true,"href":"https:\/\/uj.adatbank.ro\/lexikon\/wp-json\/wp\/v2\/product_brand?post=22427"},{"taxonomy":"product_cat","embeddable":true,"href":"https:\/\/uj.adatbank.ro\/lexikon\/wp-json\/wp\/v2\/product_cat?post=22427"},{"taxonomy":"product_tag","embeddable":true,"href":"https:\/\/uj.adatbank.ro\/lexikon\/wp-json\/wp\/v2\/product_tag?post=22427"}],"curies":[{"name":"wp","href":"https:\/\/api.w.org\/{rel}","templated":true}]}}