{"id":22429,"date":"2025-07-22T20:00:48","date_gmt":"2025-07-22T18:00:48","guid":{"rendered":"https:\/\/uj.adatbank.ro\/lexikon\/termek\/szocs-matyas\/"},"modified":"2025-07-22T20:00:48","modified_gmt":"2025-07-22T18:00:48","slug":"szocs-matyas","status":"publish","type":"product","link":"https:\/\/uj.adatbank.ro\/lexikon\/termek\/szocs-matyas\/","title":{"rendered":"SZ\u0150CS M\u00e1ty\u00e1s"},"content":{"rendered":"<p>? \u2020?: v\u00e1rosb\u00edr\u00f3. \u2013 Mv.-en v\u00e1ros b\u00edr\u00f3 (1531), amikor Szapolyai J\u00e1nos az \u0151 k\u00e9r\u00e9s\u00e9re meger\u0151s\u00edtette Mv. v\u00e1ros kiv\u00e1lts\u00e1gait. <br \/><strong>Irod.:<\/strong> Id\u0151t\u00e1r 1.<\/br><\/p>\n","protected":false},"excerpt":{"rendered":"<p>? \u2020?: v\u00e1rosb\u00edr\u00f3. \u2013 Mv.-en v\u00e1ros b\u00edr\u00f3 (1531), amikor Szapolyai J\u00e1nos az \u0151 k\u00e9r\u00e9s\u00e9re meger\u0151s\u00edtette Mv. v\u00e1ros kiv\u00e1lts\u00e1gait. Irod.: Id\u0151t\u00e1r 1.<\/p>\n","protected":false},"featured_media":0,"comment_status":"open","ping_status":"closed","template":"","meta":[],"product_brand":[],"product_cat":[137],"product_tag":[],"class_list":{"0":"post-22429","1":"product","2":"type-product","3":"status-publish","5":"product_cat-maros-megyei-eletrajzi-lexikon","7":"first","8":"instock","9":"shipping-taxable","10":"product-type-simple"},"_links":{"self":[{"href":"https:\/\/uj.adatbank.ro\/lexikon\/wp-json\/wp\/v2\/product\/22429","targetHints":{"allow":["GET"]}}],"collection":[{"href":"https:\/\/uj.adatbank.ro\/lexikon\/wp-json\/wp\/v2\/product"}],"about":[{"href":"https:\/\/uj.adatbank.ro\/lexikon\/wp-json\/wp\/v2\/types\/product"}],"replies":[{"embeddable":true,"href":"https:\/\/uj.adatbank.ro\/lexikon\/wp-json\/wp\/v2\/comments?post=22429"}],"wp:attachment":[{"href":"https:\/\/uj.adatbank.ro\/lexikon\/wp-json\/wp\/v2\/media?parent=22429"}],"wp:term":[{"taxonomy":"product_brand","embeddable":true,"href":"https:\/\/uj.adatbank.ro\/lexikon\/wp-json\/wp\/v2\/product_brand?post=22429"},{"taxonomy":"product_cat","embeddable":true,"href":"https:\/\/uj.adatbank.ro\/lexikon\/wp-json\/wp\/v2\/product_cat?post=22429"},{"taxonomy":"product_tag","embeddable":true,"href":"https:\/\/uj.adatbank.ro\/lexikon\/wp-json\/wp\/v2\/product_tag?post=22429"}],"curies":[{"name":"wp","href":"https:\/\/api.w.org\/{rel}","templated":true}]}}