{"id":2243,"date":"2025-06-28T12:08:03","date_gmt":"2025-06-28T10:08:03","guid":{"rendered":"https:\/\/uj.adatbank.ro\/lexikon\/termek\/banyai-maria\/"},"modified":"2025-06-28T12:08:03","modified_gmt":"2025-06-28T10:08:03","slug":"banyai-maria","status":"publish","type":"product","link":"https:\/\/uj.adatbank.ro\/lexikon\/termek\/banyai-maria\/","title":{"rendered":"B\u00c1NYAI M\u00e1ria"},"content":{"rendered":"<p>Torda, 1922. \u00e1pr. 17., \u2020 Mv., 1988. febr. 26.: sz\u00ednm\u0171v\u00e9szn\u0151. \u2013 Eredetileg tan\u00edt\u00f3n\u0151 volt. A kv.-i M. M\u0171v\u00e9szeti Int\u00e9zet egyik tehets\u00e9gkutat\u00f3 k\u00f6r\u00fatj\u00e1n figyeltek fel r\u00e1. Felv\u00e9telizett a f\u0151iskol\u00e1ra, amit befejezett (1951\u201375), \u00e9s a mv.-i Sz\u00e9kely Sz\u00ednh\u00e1zhoz szerz\u0151d\u00f6tt. Figyelemre m\u00e9lt\u00f3 jellemform\u00e1l\u00f3 k\u00e9szs\u00e9ggel, hangj\u00e1nak dr\u00e1mai erej\u00e9vel, \u00e1rnyal\u00f3k\u00e9pess\u00e9g\u00e9vel tette eml\u00e9kezetess\u00e9 alak\u00edt\u00e1sait. \u2013 <strong>F. sz.:<\/strong> August Jakobson: K\u00e9t t\u00e1bor (1952); Vera Satilova (Boroszina \u00e9s Davidzon: Harmad\u00e9vesek); Az altiszt \u00f6zvegye (Gogoly: A revizor); Erzs\u00e9bet (Kiss L.-Kov\u00e1ts D.: Vihar a havason); Katrin, k\u00f3rh\u00e1zigazgat\u00f3 (A. Jakobson: K\u00e9t t\u00e1bor); Madame Epava, Evdokia Petrovna (B. Gorbatov: Ap\u00e1k ifj\u00fas\u00e1ga); Floarea, Zaplan feles\u00e9ge (Lucia Demetrius: Mai emberek); Tinka (G\u00e1dor B\u00e9la \u00e9s Urb\u00e1n Ern\u0151: A kincs); Vannak m\u00e9g hib\u00e1k\u201d: szilveszteri m\u0171sorban (1954); Eliza (A. Baranga: Amir\u0151l nem besz\u00e9l\u00fcnk); Augusta Vlad (E. Mirea-Kov\u00e1cs Gy.: Azutols\u00f3 vonat); Werner kisasszony (M. Sebastian: Lapz\u00e1rta el\u0151tt); Sirat\u00f3 asszony (M\u00e9hes Gy\u00f6rgy: Sz\u00e9na vagy szalma); Voronyina, mos\u00f3n\u0151 (K. Trenyov: Gimnazist\u00e1k); II. n\u0151v\u00e9r (E. Rostand: Cyrano de Bergenac); Kossuthn\u00e9 (Illy\u00e9s Gy.: F\u00e1klyal\u00e1ng); Ana Onosenkova (Gorkij: Vassza Zseleznova); Rose (D\u00fcrrenmatt: A fizikusok); Kem\u00e9ny Simonn\u00e9 (N\u00e9meth L.: A k\u00e9t Bolyai); Berwick hercegn\u0151 (Wilde: Lady Windermare legyez\u0151je); Mina n\u00e9ni (M\u00f3ricz Zs.: Nem \u00e9lhetek muzsikasz\u00f3 n\u00e9lk\u00fcl). <br \/><strong>Irod.:<\/strong> Horv\u00e1th Bea; Id\u0151t\u00e1r 4.; Kov\u00e1cs Levente; MSZL; Msz\u00ednL; [Nekrol\u00f3g] (V. Z., 1988. m\u00e1rc. 1.)<\/br><\/p>\n","protected":false},"excerpt":{"rendered":"<p>Torda, 1922. \u00e1pr. 17., \u2020 Mv., 1988. febr. 26.: sz\u00ednm\u0171v\u00e9szn\u0151. \u2013 Eredetileg tan\u00edt\u00f3n\u0151 volt. A kv.-i M. M\u0171v\u00e9szeti Int\u00e9zet egyik tehets\u00e9gkutat\u00f3 k\u00f6r\u00fatj\u00e1n figyeltek fel r\u00e1. Felv\u00e9telizett a f\u0151iskol\u00e1ra, amit befejezett (1951\u201375), \u00e9s a mv.-i Sz\u00e9kely Sz\u00ednh\u00e1zhoz szerz\u0151d\u00f6tt. Figyelemre m\u00e9lt\u00f3 jellemform\u00e1l\u00f3 k\u00e9szs\u00e9ggel, hangj\u00e1nak dr\u00e1mai erej\u00e9vel, \u00e1rnyal\u00f3k\u00e9pess\u00e9g\u00e9vel tette eml\u00e9kezetess\u00e9 alak\u00edt\u00e1sait. \u2013 F. sz.: August Jakobson: K\u00e9t t\u00e1bor [&hellip;]<\/p>\n","protected":false},"featured_media":0,"comment_status":"open","ping_status":"closed","template":"","meta":[],"product_brand":[],"product_cat":[137],"product_tag":[],"class_list":{"0":"post-2243","1":"product","2":"type-product","3":"status-publish","5":"product_cat-maros-megyei-eletrajzi-lexikon","7":"first","8":"instock","9":"shipping-taxable","10":"product-type-simple"},"_links":{"self":[{"href":"https:\/\/uj.adatbank.ro\/lexikon\/wp-json\/wp\/v2\/product\/2243","targetHints":{"allow":["GET"]}}],"collection":[{"href":"https:\/\/uj.adatbank.ro\/lexikon\/wp-json\/wp\/v2\/product"}],"about":[{"href":"https:\/\/uj.adatbank.ro\/lexikon\/wp-json\/wp\/v2\/types\/product"}],"replies":[{"embeddable":true,"href":"https:\/\/uj.adatbank.ro\/lexikon\/wp-json\/wp\/v2\/comments?post=2243"}],"wp:attachment":[{"href":"https:\/\/uj.adatbank.ro\/lexikon\/wp-json\/wp\/v2\/media?parent=2243"}],"wp:term":[{"taxonomy":"product_brand","embeddable":true,"href":"https:\/\/uj.adatbank.ro\/lexikon\/wp-json\/wp\/v2\/product_brand?post=2243"},{"taxonomy":"product_cat","embeddable":true,"href":"https:\/\/uj.adatbank.ro\/lexikon\/wp-json\/wp\/v2\/product_cat?post=2243"},{"taxonomy":"product_tag","embeddable":true,"href":"https:\/\/uj.adatbank.ro\/lexikon\/wp-json\/wp\/v2\/product_tag?post=2243"}],"curies":[{"name":"wp","href":"https:\/\/api.w.org\/{rel}","templated":true}]}}