{"id":22432,"date":"2025-07-22T20:00:54","date_gmt":"2025-07-22T18:00:54","guid":{"rendered":"https:\/\/uj.adatbank.ro\/lexikon\/termek\/szocs-mihaly-szots-ujszeki\/"},"modified":"2025-07-22T20:00:54","modified_gmt":"2025-07-22T18:00:54","slug":"szocs-mihaly-szots-ujszeki","status":"publish","type":"product","link":"https:\/\/uj.adatbank.ro\/lexikon\/termek\/szocs-mihaly-szots-ujszeki\/","title":{"rendered":"SZ\u0150CS Mih\u00e1ly, Sz\u0151ts, \u00fajsz\u00e9ki"},"content":{"rendered":"<p>? \u2020\u00a0Szenth\u00e1roms\u00e1g, 1786. j\u00fal 16. : unit lelk\u00e9sz.. \u2013 A Tordai Unit gimn\u00e1ziumban k\u00f6ztan\u00edt\u00f3 (1776\u201379). Ny\u00e1r\u00e1dszentl\u00e1szl\u00f3n unit. lelk\u00e9sz (1779\u201385), majd Szenth\u00e1roms\u00e1gon, Kisadorj\u00e1non szolg\u00e1lt (1785\u201386) hal\u00e1l\u00e1ig. <br \/><strong>Irod.:<\/strong> Kisadorj\u00e1n, Ny\u00e1r\u00e1dszentl\u00e1szl\u00f3, Szenth\u00e1roms\u00e1g; Varga D\u00e9nes. A Tordai Unit\u00e1rius Gimn\u00e1zium t\u00f6rt\u00e9nete (Torda, 1907).<\/br><\/p>\n","protected":false},"excerpt":{"rendered":"<p>? \u2020\u00a0Szenth\u00e1roms\u00e1g, 1786. j\u00fal 16. : unit lelk\u00e9sz.. \u2013 A Tordai Unit gimn\u00e1ziumban k\u00f6ztan\u00edt\u00f3 (1776\u201379). Ny\u00e1r\u00e1dszentl\u00e1szl\u00f3n unit. lelk\u00e9sz (1779\u201385), majd Szenth\u00e1roms\u00e1gon, Kisadorj\u00e1non szolg\u00e1lt (1785\u201386) hal\u00e1l\u00e1ig. Irod.: Kisadorj\u00e1n, Ny\u00e1r\u00e1dszentl\u00e1szl\u00f3, Szenth\u00e1roms\u00e1g; Varga D\u00e9nes. A Tordai Unit\u00e1rius Gimn\u00e1zium t\u00f6rt\u00e9nete (Torda, 1907).<\/p>\n","protected":false},"featured_media":0,"comment_status":"open","ping_status":"closed","template":"","meta":[],"product_brand":[],"product_cat":[137],"product_tag":[],"class_list":{"0":"post-22432","1":"product","2":"type-product","3":"status-publish","5":"product_cat-maros-megyei-eletrajzi-lexikon","7":"first","8":"instock","9":"shipping-taxable","10":"product-type-simple"},"_links":{"self":[{"href":"https:\/\/uj.adatbank.ro\/lexikon\/wp-json\/wp\/v2\/product\/22432","targetHints":{"allow":["GET"]}}],"collection":[{"href":"https:\/\/uj.adatbank.ro\/lexikon\/wp-json\/wp\/v2\/product"}],"about":[{"href":"https:\/\/uj.adatbank.ro\/lexikon\/wp-json\/wp\/v2\/types\/product"}],"replies":[{"embeddable":true,"href":"https:\/\/uj.adatbank.ro\/lexikon\/wp-json\/wp\/v2\/comments?post=22432"}],"wp:attachment":[{"href":"https:\/\/uj.adatbank.ro\/lexikon\/wp-json\/wp\/v2\/media?parent=22432"}],"wp:term":[{"taxonomy":"product_brand","embeddable":true,"href":"https:\/\/uj.adatbank.ro\/lexikon\/wp-json\/wp\/v2\/product_brand?post=22432"},{"taxonomy":"product_cat","embeddable":true,"href":"https:\/\/uj.adatbank.ro\/lexikon\/wp-json\/wp\/v2\/product_cat?post=22432"},{"taxonomy":"product_tag","embeddable":true,"href":"https:\/\/uj.adatbank.ro\/lexikon\/wp-json\/wp\/v2\/product_tag?post=22432"}],"curies":[{"name":"wp","href":"https:\/\/api.w.org\/{rel}","templated":true}]}}