{"id":22435,"date":"2025-07-22T20:01:04","date_gmt":"2025-07-22T18:01:04","guid":{"rendered":"https:\/\/uj.adatbank.ro\/lexikon\/termek\/szocs-nanasi-gyorgy\/"},"modified":"2025-07-22T20:01:04","modified_gmt":"2025-07-22T18:01:04","slug":"szocs-nanasi-gyorgy","status":"publish","type":"product","link":"https:\/\/uj.adatbank.ro\/lexikon\/termek\/szocs-nanasi-gyorgy\/","title":{"rendered":"SZ\u0150CS N\u00c1N\u00c1SI Gy\u00f6rgy"},"content":{"rendered":"<p>? \u2020?: a mv.-i Gecse-utcai Kistemplom \u00e9p\u00edt\u0151je (1816). <br \/><strong>Irod.:<\/strong> Kr\u00f3n F\u00fcz (1937\/2).<\/br><\/p>\n","protected":false},"excerpt":{"rendered":"<p>? \u2020?: a mv.-i Gecse-utcai Kistemplom \u00e9p\u00edt\u0151je (1816). Irod.: Kr\u00f3n F\u00fcz (1937\/2).<\/p>\n","protected":false},"featured_media":0,"comment_status":"open","ping_status":"closed","template":"","meta":[],"product_brand":[],"product_cat":[137],"product_tag":[],"class_list":{"0":"post-22435","1":"product","2":"type-product","3":"status-publish","5":"product_cat-maros-megyei-eletrajzi-lexikon","7":"first","8":"instock","9":"shipping-taxable","10":"product-type-simple"},"_links":{"self":[{"href":"https:\/\/uj.adatbank.ro\/lexikon\/wp-json\/wp\/v2\/product\/22435","targetHints":{"allow":["GET"]}}],"collection":[{"href":"https:\/\/uj.adatbank.ro\/lexikon\/wp-json\/wp\/v2\/product"}],"about":[{"href":"https:\/\/uj.adatbank.ro\/lexikon\/wp-json\/wp\/v2\/types\/product"}],"replies":[{"embeddable":true,"href":"https:\/\/uj.adatbank.ro\/lexikon\/wp-json\/wp\/v2\/comments?post=22435"}],"wp:attachment":[{"href":"https:\/\/uj.adatbank.ro\/lexikon\/wp-json\/wp\/v2\/media?parent=22435"}],"wp:term":[{"taxonomy":"product_brand","embeddable":true,"href":"https:\/\/uj.adatbank.ro\/lexikon\/wp-json\/wp\/v2\/product_brand?post=22435"},{"taxonomy":"product_cat","embeddable":true,"href":"https:\/\/uj.adatbank.ro\/lexikon\/wp-json\/wp\/v2\/product_cat?post=22435"},{"taxonomy":"product_tag","embeddable":true,"href":"https:\/\/uj.adatbank.ro\/lexikon\/wp-json\/wp\/v2\/product_tag?post=22435"}],"curies":[{"name":"wp","href":"https:\/\/api.w.org\/{rel}","templated":true}]}}