{"id":22436,"date":"2025-07-22T20:01:05","date_gmt":"2025-07-22T18:01:05","guid":{"rendered":"https:\/\/uj.adatbank.ro\/lexikon\/termek\/szocs-pal\/"},"modified":"2025-07-22T20:01:05","modified_gmt":"2025-07-22T18:01:05","slug":"szocs-pal","status":"publish","type":"product","link":"https:\/\/uj.adatbank.ro\/lexikon\/termek\/szocs-pal\/","title":{"rendered":"SZ\u0150CS P\u00e1l"},"content":{"rendered":"<p>? \u2020?: n\u00e9ptan\u00e1cs eln\u00f6k. \u2013 Makfalv\u00e1n m\u0171k\u00f6d\u00f6tt (1974\u201389). Tan\u00edtott is r\u00f6vid ideig a makfalvi iskol\u00e1ban m\u0171szaki rajzott. Kezdem\u00e9nyezte az iskola kib\u0151v\u00edt\u00e9s\u00e9t. (1977\u201379). <br \/><strong>Irod.:<\/strong> Makfalvi okt. t\u00f6rt.<\/br><\/p>\n","protected":false},"excerpt":{"rendered":"<p>? \u2020?: n\u00e9ptan\u00e1cs eln\u00f6k. \u2013 Makfalv\u00e1n m\u0171k\u00f6d\u00f6tt (1974\u201389). Tan\u00edtott is r\u00f6vid ideig a makfalvi iskol\u00e1ban m\u0171szaki rajzott. Kezdem\u00e9nyezte az iskola kib\u0151v\u00edt\u00e9s\u00e9t. (1977\u201379). Irod.: Makfalvi okt. t\u00f6rt.<\/p>\n","protected":false},"featured_media":0,"comment_status":"open","ping_status":"closed","template":"","meta":[],"product_brand":[],"product_cat":[137],"product_tag":[],"class_list":{"0":"post-22436","1":"product","2":"type-product","3":"status-publish","5":"product_cat-maros-megyei-eletrajzi-lexikon","7":"first","8":"instock","9":"shipping-taxable","10":"product-type-simple"},"_links":{"self":[{"href":"https:\/\/uj.adatbank.ro\/lexikon\/wp-json\/wp\/v2\/product\/22436","targetHints":{"allow":["GET"]}}],"collection":[{"href":"https:\/\/uj.adatbank.ro\/lexikon\/wp-json\/wp\/v2\/product"}],"about":[{"href":"https:\/\/uj.adatbank.ro\/lexikon\/wp-json\/wp\/v2\/types\/product"}],"replies":[{"embeddable":true,"href":"https:\/\/uj.adatbank.ro\/lexikon\/wp-json\/wp\/v2\/comments?post=22436"}],"wp:attachment":[{"href":"https:\/\/uj.adatbank.ro\/lexikon\/wp-json\/wp\/v2\/media?parent=22436"}],"wp:term":[{"taxonomy":"product_brand","embeddable":true,"href":"https:\/\/uj.adatbank.ro\/lexikon\/wp-json\/wp\/v2\/product_brand?post=22436"},{"taxonomy":"product_cat","embeddable":true,"href":"https:\/\/uj.adatbank.ro\/lexikon\/wp-json\/wp\/v2\/product_cat?post=22436"},{"taxonomy":"product_tag","embeddable":true,"href":"https:\/\/uj.adatbank.ro\/lexikon\/wp-json\/wp\/v2\/product_tag?post=22436"}],"curies":[{"name":"wp","href":"https:\/\/api.w.org\/{rel}","templated":true}]}}