{"id":2244,"date":"2025-06-28T12:08:04","date_gmt":"2025-06-28T10:08:04","guid":{"rendered":"https:\/\/uj.adatbank.ro\/lexikon\/termek\/banyai-palladi-istvan\/"},"modified":"2025-06-28T12:08:04","modified_gmt":"2025-06-28T10:08:04","slug":"banyai-palladi-istvan","status":"publish","type":"product","link":"https:\/\/uj.adatbank.ro\/lexikon\/termek\/banyai-palladi-istvan\/","title":{"rendered":"B\u00c1NYAI PALL\u00c1DI Istv\u00e1n"},"content":{"rendered":"<p>? \u2020 ? : tan\u00edt\u00f3. \u2013 Feles\u00e9ge: Pais Ter\u00e9zia. \u2013 Mv.-en subscib\u00e1lt (1735). Gog\u00e1nban (1739\u201341), Magyarkir\u00e1lyfalv\u00e1n (1744\u201368), D\u00e1ny\u00e1nban (1768\u201370) \u00e9s Cs\u00e1v\u00e1son (1770\u201382) tan\u00edt\u00f3skodott. <br \/><strong>Irod.:<\/strong> K\u00fck\u00fcll\u0151i Ref. Egyh\u00e1zm. 1., 3.<\/br><\/p>\n","protected":false},"excerpt":{"rendered":"<p>? \u2020 ? : tan\u00edt\u00f3. \u2013 Feles\u00e9ge: Pais Ter\u00e9zia. \u2013 Mv.-en subscib\u00e1lt (1735). Gog\u00e1nban (1739\u201341), Magyarkir\u00e1lyfalv\u00e1n (1744\u201368), D\u00e1ny\u00e1nban (1768\u201370) \u00e9s Cs\u00e1v\u00e1son (1770\u201382) tan\u00edt\u00f3skodott. Irod.: K\u00fck\u00fcll\u0151i Ref. Egyh\u00e1zm. 1., 3.<\/p>\n","protected":false},"featured_media":0,"comment_status":"open","ping_status":"closed","template":"","meta":[],"product_brand":[],"product_cat":[137],"product_tag":[],"class_list":{"0":"post-2244","1":"product","2":"type-product","3":"status-publish","5":"product_cat-maros-megyei-eletrajzi-lexikon","7":"first","8":"instock","9":"shipping-taxable","10":"product-type-simple"},"_links":{"self":[{"href":"https:\/\/uj.adatbank.ro\/lexikon\/wp-json\/wp\/v2\/product\/2244","targetHints":{"allow":["GET"]}}],"collection":[{"href":"https:\/\/uj.adatbank.ro\/lexikon\/wp-json\/wp\/v2\/product"}],"about":[{"href":"https:\/\/uj.adatbank.ro\/lexikon\/wp-json\/wp\/v2\/types\/product"}],"replies":[{"embeddable":true,"href":"https:\/\/uj.adatbank.ro\/lexikon\/wp-json\/wp\/v2\/comments?post=2244"}],"wp:attachment":[{"href":"https:\/\/uj.adatbank.ro\/lexikon\/wp-json\/wp\/v2\/media?parent=2244"}],"wp:term":[{"taxonomy":"product_brand","embeddable":true,"href":"https:\/\/uj.adatbank.ro\/lexikon\/wp-json\/wp\/v2\/product_brand?post=2244"},{"taxonomy":"product_cat","embeddable":true,"href":"https:\/\/uj.adatbank.ro\/lexikon\/wp-json\/wp\/v2\/product_cat?post=2244"},{"taxonomy":"product_tag","embeddable":true,"href":"https:\/\/uj.adatbank.ro\/lexikon\/wp-json\/wp\/v2\/product_tag?post=2244"}],"curies":[{"name":"wp","href":"https:\/\/api.w.org\/{rel}","templated":true}]}}