{"id":22441,"date":"2025-07-22T20:01:15","date_gmt":"2025-07-22T18:01:15","guid":{"rendered":"https:\/\/uj.adatbank.ro\/lexikon\/termek\/szocs-szots-nagyernyei-csalad\/"},"modified":"2025-07-22T20:01:15","modified_gmt":"2025-07-22T18:01:15","slug":"szocs-szots-nagyernyei-csalad","status":"publish","type":"product","link":"https:\/\/uj.adatbank.ro\/lexikon\/termek\/szocs-szots-nagyernyei-csalad\/","title":{"rendered":"SZ\u0150CS, Sz\u00f6ts, nagyernyei csal\u00e1d"},"content":{"rendered":"<p>Marossz\u00e9ki sz\u00e9kely csal\u00e1d Nemess\u00e9g\u00e9t 1675-b\u0151l eredezteti, Sz. L\u00e1szl\u00f3 assessor Mv.-en (1750), fia Albert (* 1772. \u2020 Mv, 1831.) el\u0151bb kolozsmegyei f\u0151b\u00edr\u00f3, ut\u00f3bb \u00edt\u00e9l\u0151mester. A m\u00e1sik \u00e1g, mely Torda megy\u00e9be k\u00f6lt\u00f6z\u00f6tt: Mih\u00e1lyt (1794-ben) Torda megy\u00e9nek alszolgab\u00edr\u00e1j\u00e1t, S\u00e1muelt ugyan akkor \u00e9s ott ad\u00f3rov\u00f3 biztost. Ezek ut\u00f3dai Mih\u00e1ly ugyan ott (1837. k\u00f6r\u00fcl) aljegyz\u0151, K\u00e1roly f\u0151jegyz\u0151 \u00e9s egyik K\u00e1roly ugyan az id\u0151ben kir. t\u00e1blai sz\u00e1mfeletti \u00fcln\u00f6k, L\u00e1szl\u00f3 t\u00e1blab\u00edr\u00f3, S\u00e1muel Torda v\u00e1ros tan\u00e1csnoka (1840. k\u00f6r\u00fcl,) D\u00e1niel hivatalnok, G\u00e1bor (1848. el\u0151tt) aljegyz\u0151. <br \/><strong>Irod.:<\/strong> K\u0151v\u00e1ry; K\u00f6vendi Weress S\u00e1ndor: Torda \u0151scsal\u00e1dai (Kv., 1891); Nagy Iv\u00e1n; P\u00e1lmay.<\/br><\/p>\n","protected":false},"excerpt":{"rendered":"<p>Marossz\u00e9ki sz\u00e9kely csal\u00e1d Nemess\u00e9g\u00e9t 1675-b\u0151l eredezteti, Sz. L\u00e1szl\u00f3 assessor Mv.-en (1750), fia Albert (* 1772. \u2020 Mv, 1831.) el\u0151bb kolozsmegyei f\u0151b\u00edr\u00f3, ut\u00f3bb \u00edt\u00e9l\u0151mester. A m\u00e1sik \u00e1g, mely Torda megy\u00e9be k\u00f6lt\u00f6z\u00f6tt: Mih\u00e1lyt (1794-ben) Torda megy\u00e9nek alszolgab\u00edr\u00e1j\u00e1t, S\u00e1muelt ugyan akkor \u00e9s ott ad\u00f3rov\u00f3 biztost. Ezek ut\u00f3dai Mih\u00e1ly ugyan ott (1837. k\u00f6r\u00fcl) aljegyz\u0151, K\u00e1roly f\u0151jegyz\u0151 \u00e9s egyik K\u00e1roly [&hellip;]<\/p>\n","protected":false},"featured_media":0,"comment_status":"open","ping_status":"closed","template":"","meta":[],"product_brand":[],"product_cat":[137],"product_tag":[],"class_list":{"0":"post-22441","1":"product","2":"type-product","3":"status-publish","5":"product_cat-maros-megyei-eletrajzi-lexikon","7":"first","8":"instock","9":"shipping-taxable","10":"product-type-simple"},"_links":{"self":[{"href":"https:\/\/uj.adatbank.ro\/lexikon\/wp-json\/wp\/v2\/product\/22441","targetHints":{"allow":["GET"]}}],"collection":[{"href":"https:\/\/uj.adatbank.ro\/lexikon\/wp-json\/wp\/v2\/product"}],"about":[{"href":"https:\/\/uj.adatbank.ro\/lexikon\/wp-json\/wp\/v2\/types\/product"}],"replies":[{"embeddable":true,"href":"https:\/\/uj.adatbank.ro\/lexikon\/wp-json\/wp\/v2\/comments?post=22441"}],"wp:attachment":[{"href":"https:\/\/uj.adatbank.ro\/lexikon\/wp-json\/wp\/v2\/media?parent=22441"}],"wp:term":[{"taxonomy":"product_brand","embeddable":true,"href":"https:\/\/uj.adatbank.ro\/lexikon\/wp-json\/wp\/v2\/product_brand?post=22441"},{"taxonomy":"product_cat","embeddable":true,"href":"https:\/\/uj.adatbank.ro\/lexikon\/wp-json\/wp\/v2\/product_cat?post=22441"},{"taxonomy":"product_tag","embeddable":true,"href":"https:\/\/uj.adatbank.ro\/lexikon\/wp-json\/wp\/v2\/product_tag?post=22441"}],"curies":[{"name":"wp","href":"https:\/\/api.w.org\/{rel}","templated":true}]}}