{"id":22445,"date":"2025-07-22T20:01:26","date_gmt":"2025-07-22T18:01:26","guid":{"rendered":"https:\/\/uj.adatbank.ro\/lexikon\/termek\/szoke-magyarosi\/"},"modified":"2025-07-22T20:01:26","modified_gmt":"2025-07-22T18:01:26","slug":"szoke-magyarosi","status":"publish","type":"product","link":"https:\/\/uj.adatbank.ro\/lexikon\/termek\/szoke-magyarosi\/","title":{"rendered":"SZ\u0150KE, magyar\u00f3si"},"content":{"rendered":"<p>a csal\u00e1db\u00f3l Sz. P\u00e9ter \u00e9s Gy\u00f6rgy, mint primipilusok lustr\u00e1ltak (1614); Sz. Ferenc \u00e9s a csal\u00e1dja kapott c\u00edmeres nemeslevelet (1699. j\u00fal. 13.). K\u00f6z\u00fcl\u00fck M\u00e1rton 1848. el\u0151tt az erd\u00e9lyi kir. t\u00e1bla lev\u00e9lt\u00e1rnoka. <br \/><strong>Irod.:<\/strong> Nagy Iv\u00e1n; P\u00e1lmay.<\/br><\/p>\n","protected":false},"excerpt":{"rendered":"<p>a csal\u00e1db\u00f3l Sz. P\u00e9ter \u00e9s Gy\u00f6rgy, mint primipilusok lustr\u00e1ltak (1614); Sz. Ferenc \u00e9s a csal\u00e1dja kapott c\u00edmeres nemeslevelet (1699. j\u00fal. 13.). K\u00f6z\u00fcl\u00fck M\u00e1rton 1848. el\u0151tt az erd\u00e9lyi kir. t\u00e1bla lev\u00e9lt\u00e1rnoka. Irod.: Nagy Iv\u00e1n; P\u00e1lmay.<\/p>\n","protected":false},"featured_media":0,"comment_status":"open","ping_status":"closed","template":"","meta":[],"product_brand":[],"product_cat":[137],"product_tag":[],"class_list":{"0":"post-22445","1":"product","2":"type-product","3":"status-publish","5":"product_cat-maros-megyei-eletrajzi-lexikon","7":"first","8":"instock","9":"shipping-taxable","10":"product-type-simple"},"_links":{"self":[{"href":"https:\/\/uj.adatbank.ro\/lexikon\/wp-json\/wp\/v2\/product\/22445","targetHints":{"allow":["GET"]}}],"collection":[{"href":"https:\/\/uj.adatbank.ro\/lexikon\/wp-json\/wp\/v2\/product"}],"about":[{"href":"https:\/\/uj.adatbank.ro\/lexikon\/wp-json\/wp\/v2\/types\/product"}],"replies":[{"embeddable":true,"href":"https:\/\/uj.adatbank.ro\/lexikon\/wp-json\/wp\/v2\/comments?post=22445"}],"wp:attachment":[{"href":"https:\/\/uj.adatbank.ro\/lexikon\/wp-json\/wp\/v2\/media?parent=22445"}],"wp:term":[{"taxonomy":"product_brand","embeddable":true,"href":"https:\/\/uj.adatbank.ro\/lexikon\/wp-json\/wp\/v2\/product_brand?post=22445"},{"taxonomy":"product_cat","embeddable":true,"href":"https:\/\/uj.adatbank.ro\/lexikon\/wp-json\/wp\/v2\/product_cat?post=22445"},{"taxonomy":"product_tag","embeddable":true,"href":"https:\/\/uj.adatbank.ro\/lexikon\/wp-json\/wp\/v2\/product_tag?post=22445"}],"curies":[{"name":"wp","href":"https:\/\/api.w.org\/{rel}","templated":true}]}}