{"id":22446,"date":"2025-07-22T20:01:28","date_gmt":"2025-07-22T18:01:28","guid":{"rendered":"https:\/\/uj.adatbank.ro\/lexikon\/termek\/szoke-ambrus-gelencei\/"},"modified":"2025-07-22T20:01:28","modified_gmt":"2025-07-22T18:01:28","slug":"szoke-ambrus-gelencei","status":"publish","type":"product","link":"https:\/\/uj.adatbank.ro\/lexikon\/termek\/szoke-ambrus-gelencei\/","title":{"rendered":"SZ\u0150KE Ambrus, gelencei"},"content":{"rendered":"<p>? \u2020?: r\u00e9gi sz\u00e9kely po\u00e9ta. \u2013 A sz\u00e9kely t\u00e1borral H\u00e9jjasfalv\u00e1n (Segesv\u00e1r mellett) Kem\u00e9ny J\u00e1nos fejedelem hadait v\u00e1rva, t\u00e1bori \u00e9neket \u00edrt (1662. jan. 18) 71 \u00e9ves kor\u00e1ban egy Sz\u00e1szszentl\u00e1szl\u00f3i pap bibli\u00e1j\u00e1nak bels\u0151 t\u00e1bl\u00e1j\u00e1ra, honn\u00e9t a verset gr. Kem\u00e9ny J\u00f3zsef k\u00f6zli a Tud. Gy\u0171jtem\u00e9nyben 1830. VI. 126\u2013127. \u2013 <strong>F. m.<\/strong>: <strong>antol\u00f3g.:<\/strong> Kuruc k\u00f6lt\u00e9szet (Bp., 1903). <br \/><strong>Irod.:<\/strong> Szinnyei.<\/br><\/p>\n","protected":false},"excerpt":{"rendered":"<p>? \u2020?: r\u00e9gi sz\u00e9kely po\u00e9ta. \u2013 A sz\u00e9kely t\u00e1borral H\u00e9jjasfalv\u00e1n (Segesv\u00e1r mellett) Kem\u00e9ny J\u00e1nos fejedelem hadait v\u00e1rva, t\u00e1bori \u00e9neket \u00edrt (1662. jan. 18) 71 \u00e9ves kor\u00e1ban egy Sz\u00e1szszentl\u00e1szl\u00f3i pap bibli\u00e1j\u00e1nak bels\u0151 t\u00e1bl\u00e1j\u00e1ra, honn\u00e9t a verset gr. Kem\u00e9ny J\u00f3zsef k\u00f6zli a Tud. Gy\u0171jtem\u00e9nyben 1830. VI. 126\u2013127. \u2013 F. m.: antol\u00f3g.: Kuruc k\u00f6lt\u00e9szet (Bp., 1903). Irod.: Szinnyei.<\/p>\n","protected":false},"featured_media":0,"comment_status":"open","ping_status":"closed","template":"","meta":[],"product_brand":[],"product_cat":[137],"product_tag":[],"class_list":{"0":"post-22446","1":"product","2":"type-product","3":"status-publish","5":"product_cat-maros-megyei-eletrajzi-lexikon","7":"first","8":"instock","9":"shipping-taxable","10":"product-type-simple"},"_links":{"self":[{"href":"https:\/\/uj.adatbank.ro\/lexikon\/wp-json\/wp\/v2\/product\/22446","targetHints":{"allow":["GET"]}}],"collection":[{"href":"https:\/\/uj.adatbank.ro\/lexikon\/wp-json\/wp\/v2\/product"}],"about":[{"href":"https:\/\/uj.adatbank.ro\/lexikon\/wp-json\/wp\/v2\/types\/product"}],"replies":[{"embeddable":true,"href":"https:\/\/uj.adatbank.ro\/lexikon\/wp-json\/wp\/v2\/comments?post=22446"}],"wp:attachment":[{"href":"https:\/\/uj.adatbank.ro\/lexikon\/wp-json\/wp\/v2\/media?parent=22446"}],"wp:term":[{"taxonomy":"product_brand","embeddable":true,"href":"https:\/\/uj.adatbank.ro\/lexikon\/wp-json\/wp\/v2\/product_brand?post=22446"},{"taxonomy":"product_cat","embeddable":true,"href":"https:\/\/uj.adatbank.ro\/lexikon\/wp-json\/wp\/v2\/product_cat?post=22446"},{"taxonomy":"product_tag","embeddable":true,"href":"https:\/\/uj.adatbank.ro\/lexikon\/wp-json\/wp\/v2\/product_tag?post=22446"}],"curies":[{"name":"wp","href":"https:\/\/api.w.org\/{rel}","templated":true}]}}