{"id":22447,"date":"2025-07-22T20:01:30","date_gmt":"2025-07-22T18:01:30","guid":{"rendered":"https:\/\/uj.adatbank.ro\/lexikon\/termek\/szoke-andras\/"},"modified":"2025-07-22T20:01:30","modified_gmt":"2025-07-22T18:01:30","slug":"szoke-andras","status":"publish","type":"product","link":"https:\/\/uj.adatbank.ro\/lexikon\/termek\/szoke-andras\/","title":{"rendered":"SZ\u0150KE Andr\u00e1s"},"content":{"rendered":"<p>Cs\u00edkszentkir\u00e1ly, 1816. nov. 22. v. dec? \u2020\u00a0Cs\u00edkszentm\u00e1rton, 1892. m\u00e1rc. 20.: r.k. pap. \u2013 Papp\u00e1 szentelt\u00e9k (1840. aug. 4.). Tan\u00e1r volt Sz\u00e9kelyudvarhelyen. Bordoson szolg\u00e1lt (1843), k\u00fck\u00fcll\u0151i f\u0151esperes (1860). Sz\u0151kefalv\u00e1n m\u0171k\u00f6d\u00f6tt (1865\u201370 v. 77), Cs\u00edkmindszenten (1877), nyugd\u00edjas Cs\u00edkszentm\u00e1rtonban (1880). <br \/><strong>Irod.:<\/strong> Ferenczi S\u00e1ndor 2009; Nagy L\u00e1szl\u00f3.<\/br><\/p>\n","protected":false},"excerpt":{"rendered":"<p>Cs\u00edkszentkir\u00e1ly, 1816. nov. 22. v. dec? \u2020\u00a0Cs\u00edkszentm\u00e1rton, 1892. m\u00e1rc. 20.: r.k. pap. \u2013 Papp\u00e1 szentelt\u00e9k (1840. aug. 4.). Tan\u00e1r volt Sz\u00e9kelyudvarhelyen. Bordoson szolg\u00e1lt (1843), k\u00fck\u00fcll\u0151i f\u0151esperes (1860). Sz\u0151kefalv\u00e1n m\u0171k\u00f6d\u00f6tt (1865\u201370 v. 77), Cs\u00edkmindszenten (1877), nyugd\u00edjas Cs\u00edkszentm\u00e1rtonban (1880). Irod.: Ferenczi S\u00e1ndor 2009; Nagy L\u00e1szl\u00f3.<\/p>\n","protected":false},"featured_media":0,"comment_status":"open","ping_status":"closed","template":"","meta":[],"product_brand":[],"product_cat":[137],"product_tag":[],"class_list":{"0":"post-22447","1":"product","2":"type-product","3":"status-publish","5":"product_cat-maros-megyei-eletrajzi-lexikon","7":"first","8":"instock","9":"shipping-taxable","10":"product-type-simple"},"_links":{"self":[{"href":"https:\/\/uj.adatbank.ro\/lexikon\/wp-json\/wp\/v2\/product\/22447","targetHints":{"allow":["GET"]}}],"collection":[{"href":"https:\/\/uj.adatbank.ro\/lexikon\/wp-json\/wp\/v2\/product"}],"about":[{"href":"https:\/\/uj.adatbank.ro\/lexikon\/wp-json\/wp\/v2\/types\/product"}],"replies":[{"embeddable":true,"href":"https:\/\/uj.adatbank.ro\/lexikon\/wp-json\/wp\/v2\/comments?post=22447"}],"wp:attachment":[{"href":"https:\/\/uj.adatbank.ro\/lexikon\/wp-json\/wp\/v2\/media?parent=22447"}],"wp:term":[{"taxonomy":"product_brand","embeddable":true,"href":"https:\/\/uj.adatbank.ro\/lexikon\/wp-json\/wp\/v2\/product_brand?post=22447"},{"taxonomy":"product_cat","embeddable":true,"href":"https:\/\/uj.adatbank.ro\/lexikon\/wp-json\/wp\/v2\/product_cat?post=22447"},{"taxonomy":"product_tag","embeddable":true,"href":"https:\/\/uj.adatbank.ro\/lexikon\/wp-json\/wp\/v2\/product_tag?post=22447"}],"curies":[{"name":"wp","href":"https:\/\/api.w.org\/{rel}","templated":true}]}}