{"id":22448,"date":"2025-07-22T20:01:32","date_gmt":"2025-07-22T18:01:32","guid":{"rendered":"https:\/\/uj.adatbank.ro\/lexikon\/termek\/szoke-ferenc\/"},"modified":"2025-07-22T20:01:32","modified_gmt":"2025-07-22T18:01:32","slug":"szoke-ferenc","status":"publish","type":"product","link":"https:\/\/uj.adatbank.ro\/lexikon\/termek\/szoke-ferenc\/","title":{"rendered":"SZ\u0150KE Ferenc"},"content":{"rendered":"<p>1826. okt. 4., \u2020 1873. okt.: r. k. pap. \u2013 Papp\u00e1 szentelt\u00e9k (1855. j\u00fal. 22.). K\u00e1pl\u00e1n K\u00e9zdiszentl\u00e9leken. Pl\u00e9b\u00e1nos Eheden (1857), Bordoson (1866), Dobr\u00e1n (1870), majd Mez\u0151szengyelen. <br \/><strong>Irod.:<\/strong> Ferenczi S\u00e1ndor 2009.<\/br><\/p>\n","protected":false},"excerpt":{"rendered":"<p>1826. okt. 4., \u2020 1873. okt.: r. k. pap. \u2013 Papp\u00e1 szentelt\u00e9k (1855. j\u00fal. 22.). K\u00e1pl\u00e1n K\u00e9zdiszentl\u00e9leken. Pl\u00e9b\u00e1nos Eheden (1857), Bordoson (1866), Dobr\u00e1n (1870), majd Mez\u0151szengyelen. Irod.: Ferenczi S\u00e1ndor 2009.<\/p>\n","protected":false},"featured_media":0,"comment_status":"open","ping_status":"closed","template":"","meta":[],"product_brand":[],"product_cat":[137],"product_tag":[],"class_list":{"0":"post-22448","1":"product","2":"type-product","3":"status-publish","5":"product_cat-maros-megyei-eletrajzi-lexikon","7":"first","8":"instock","9":"shipping-taxable","10":"product-type-simple"},"_links":{"self":[{"href":"https:\/\/uj.adatbank.ro\/lexikon\/wp-json\/wp\/v2\/product\/22448","targetHints":{"allow":["GET"]}}],"collection":[{"href":"https:\/\/uj.adatbank.ro\/lexikon\/wp-json\/wp\/v2\/product"}],"about":[{"href":"https:\/\/uj.adatbank.ro\/lexikon\/wp-json\/wp\/v2\/types\/product"}],"replies":[{"embeddable":true,"href":"https:\/\/uj.adatbank.ro\/lexikon\/wp-json\/wp\/v2\/comments?post=22448"}],"wp:attachment":[{"href":"https:\/\/uj.adatbank.ro\/lexikon\/wp-json\/wp\/v2\/media?parent=22448"}],"wp:term":[{"taxonomy":"product_brand","embeddable":true,"href":"https:\/\/uj.adatbank.ro\/lexikon\/wp-json\/wp\/v2\/product_brand?post=22448"},{"taxonomy":"product_cat","embeddable":true,"href":"https:\/\/uj.adatbank.ro\/lexikon\/wp-json\/wp\/v2\/product_cat?post=22448"},{"taxonomy":"product_tag","embeddable":true,"href":"https:\/\/uj.adatbank.ro\/lexikon\/wp-json\/wp\/v2\/product_tag?post=22448"}],"curies":[{"name":"wp","href":"https:\/\/api.w.org\/{rel}","templated":true}]}}