{"id":22455,"date":"2025-07-22T20:01:49","date_gmt":"2025-07-22T18:01:49","guid":{"rendered":"https:\/\/uj.adatbank.ro\/lexikon\/termek\/szoke-peter\/"},"modified":"2025-07-22T20:01:49","modified_gmt":"2025-07-22T18:01:49","slug":"szoke-peter","status":"publish","type":"product","link":"https:\/\/uj.adatbank.ro\/lexikon\/termek\/szoke-peter\/","title":{"rendered":"SZ\u0150KE P\u00e9ter"},"content":{"rendered":"<p>? \u2020?: falualap\u00edt\u00f3. \u2013 Sz\u0151kefalva nyerte nev\u00e9t, arr\u00f3l a f\u00e9rfir\u0151l, aki h\u00e1zat \u00e9p\u00edtett azon helyen, ahol a k\u00e9s\u0151bbiekben Sz\u0151kefalva n\u00e9ven alakult falu, Sz\u0151kefalva nyerte nev\u00e9t. Itt sz\u00fcletett ut\u00f3bb a t\u00f6rv\u00e9nytud\u00f3s Verb\u0151czi Istv\u00e1n (1485. k.\u20131541). <br \/><strong>Irod.:<\/strong> Pesty 2014.<\/br><\/p>\n","protected":false},"excerpt":{"rendered":"<p>? \u2020?: falualap\u00edt\u00f3. \u2013 Sz\u0151kefalva nyerte nev\u00e9t, arr\u00f3l a f\u00e9rfir\u0151l, aki h\u00e1zat \u00e9p\u00edtett azon helyen, ahol a k\u00e9s\u0151bbiekben Sz\u0151kefalva n\u00e9ven alakult falu, Sz\u0151kefalva nyerte nev\u00e9t. Itt sz\u00fcletett ut\u00f3bb a t\u00f6rv\u00e9nytud\u00f3s Verb\u0151czi Istv\u00e1n (1485. k.\u20131541). Irod.: Pesty 2014.<\/p>\n","protected":false},"featured_media":0,"comment_status":"open","ping_status":"closed","template":"","meta":[],"product_brand":[],"product_cat":[137],"product_tag":[],"class_list":{"0":"post-22455","1":"product","2":"type-product","3":"status-publish","5":"product_cat-maros-megyei-eletrajzi-lexikon","7":"first","8":"instock","9":"shipping-taxable","10":"product-type-simple"},"_links":{"self":[{"href":"https:\/\/uj.adatbank.ro\/lexikon\/wp-json\/wp\/v2\/product\/22455","targetHints":{"allow":["GET"]}}],"collection":[{"href":"https:\/\/uj.adatbank.ro\/lexikon\/wp-json\/wp\/v2\/product"}],"about":[{"href":"https:\/\/uj.adatbank.ro\/lexikon\/wp-json\/wp\/v2\/types\/product"}],"replies":[{"embeddable":true,"href":"https:\/\/uj.adatbank.ro\/lexikon\/wp-json\/wp\/v2\/comments?post=22455"}],"wp:attachment":[{"href":"https:\/\/uj.adatbank.ro\/lexikon\/wp-json\/wp\/v2\/media?parent=22455"}],"wp:term":[{"taxonomy":"product_brand","embeddable":true,"href":"https:\/\/uj.adatbank.ro\/lexikon\/wp-json\/wp\/v2\/product_brand?post=22455"},{"taxonomy":"product_cat","embeddable":true,"href":"https:\/\/uj.adatbank.ro\/lexikon\/wp-json\/wp\/v2\/product_cat?post=22455"},{"taxonomy":"product_tag","embeddable":true,"href":"https:\/\/uj.adatbank.ro\/lexikon\/wp-json\/wp\/v2\/product_tag?post=22455"}],"curies":[{"name":"wp","href":"https:\/\/api.w.org\/{rel}","templated":true}]}}