{"id":22459,"date":"2025-07-22T20:01:56","date_gmt":"2025-07-22T18:01:56","guid":{"rendered":"https:\/\/uj.adatbank.ro\/lexikon\/termek\/szoke-zoltan-zabolai\/"},"modified":"2025-07-22T20:01:56","modified_gmt":"2025-07-22T18:01:56","slug":"szoke-zoltan-zabolai","status":"publish","type":"product","link":"https:\/\/uj.adatbank.ro\/lexikon\/termek\/szoke-zoltan-zabolai\/","title":{"rendered":"SZ\u0150KE Zolt\u00e1n, zabolai"},"content":{"rendered":"<p>P\u00e1nc\u00e9lcseh, 1894.,\u00a0\u2020?: ig. tan\u00edt\u00f3. \u2013 Tanulm\u00e1nyait Kv.-on v\u00e9gezte (1913). Az els\u0151 vh.-ban az orosz fronton fogs\u00e1gba ker\u00fclt, ahonnan csak 1921-ben szabadult. A II. o. ez\u00fcst v. \u00e9. tulajdonosa. Marosoroszfalun ig. tan\u00edt\u00f3 (1940\u2013). Minden kultur\u00e1lis \u00e9s szoci\u00e1lis egyes\u00fclet m\u0171k\u00f6d\u00e9s\u00e9ben r\u00e9szt vett. <br \/><strong>Irod.:<\/strong> Sz\u00e9kelyf\u00f6ld \u00ed. k.<\/br><\/p>\n","protected":false},"excerpt":{"rendered":"<p>P\u00e1nc\u00e9lcseh, 1894.,\u00a0\u2020?: ig. tan\u00edt\u00f3. \u2013 Tanulm\u00e1nyait Kv.-on v\u00e9gezte (1913). Az els\u0151 vh.-ban az orosz fronton fogs\u00e1gba ker\u00fclt, ahonnan csak 1921-ben szabadult. A II. o. ez\u00fcst v. \u00e9. tulajdonosa. Marosoroszfalun ig. tan\u00edt\u00f3 (1940\u2013). Minden kultur\u00e1lis \u00e9s szoci\u00e1lis egyes\u00fclet m\u0171k\u00f6d\u00e9s\u00e9ben r\u00e9szt vett. Irod.: Sz\u00e9kelyf\u00f6ld \u00ed. k.<\/p>\n","protected":false},"featured_media":0,"comment_status":"open","ping_status":"closed","template":"","meta":[],"product_brand":[],"product_cat":[137],"product_tag":[],"class_list":{"0":"post-22459","1":"product","2":"type-product","3":"status-publish","5":"product_cat-maros-megyei-eletrajzi-lexikon","7":"first","8":"instock","9":"shipping-taxable","10":"product-type-simple"},"_links":{"self":[{"href":"https:\/\/uj.adatbank.ro\/lexikon\/wp-json\/wp\/v2\/product\/22459","targetHints":{"allow":["GET"]}}],"collection":[{"href":"https:\/\/uj.adatbank.ro\/lexikon\/wp-json\/wp\/v2\/product"}],"about":[{"href":"https:\/\/uj.adatbank.ro\/lexikon\/wp-json\/wp\/v2\/types\/product"}],"replies":[{"embeddable":true,"href":"https:\/\/uj.adatbank.ro\/lexikon\/wp-json\/wp\/v2\/comments?post=22459"}],"wp:attachment":[{"href":"https:\/\/uj.adatbank.ro\/lexikon\/wp-json\/wp\/v2\/media?parent=22459"}],"wp:term":[{"taxonomy":"product_brand","embeddable":true,"href":"https:\/\/uj.adatbank.ro\/lexikon\/wp-json\/wp\/v2\/product_brand?post=22459"},{"taxonomy":"product_cat","embeddable":true,"href":"https:\/\/uj.adatbank.ro\/lexikon\/wp-json\/wp\/v2\/product_cat?post=22459"},{"taxonomy":"product_tag","embeddable":true,"href":"https:\/\/uj.adatbank.ro\/lexikon\/wp-json\/wp\/v2\/product_tag?post=22459"}],"curies":[{"name":"wp","href":"https:\/\/api.w.org\/{rel}","templated":true}]}}