{"id":22460,"date":"2025-07-22T20:01:59","date_gmt":"2025-07-22T18:01:59","guid":{"rendered":"https:\/\/uj.adatbank.ro\/lexikon\/termek\/szokefalvi-antal-deak\/"},"modified":"2025-07-22T20:01:59","modified_gmt":"2025-07-22T18:01:59","slug":"szokefalvi-antal-deak","status":"publish","type":"product","link":"https:\/\/uj.adatbank.ro\/lexikon\/termek\/szokefalvi-antal-deak\/","title":{"rendered":"SZ\u0150KEFALVI Antal de\u00e1k"},"content":{"rendered":"<p>? \u2020?: birtokos. \u2013 Sz\u0151kefalv\u00e1n templomot \u00e9p\u00edtett (Szent Anna k\u0151egyh\u00e1z). Birtok\u00e1t R\u00e9dei J\u00e1nos alvajd\u00e1nak adta (1468). <br \/><strong>Irod.:<\/strong> Nagy L\u00e1szl\u00f3, Cs\u00e1nki Dezs\u0151 Magyarorsz\u00e1g t\u00f6rt\u00e9neti f\u00f6ldrajza a Hunyadiak kor\u00e1ban.<\/br><\/p>\n","protected":false},"excerpt":{"rendered":"<p>? \u2020?: birtokos. \u2013 Sz\u0151kefalv\u00e1n templomot \u00e9p\u00edtett (Szent Anna k\u0151egyh\u00e1z). Birtok\u00e1t R\u00e9dei J\u00e1nos alvajd\u00e1nak adta (1468). Irod.: Nagy L\u00e1szl\u00f3, Cs\u00e1nki Dezs\u0151 Magyarorsz\u00e1g t\u00f6rt\u00e9neti f\u00f6ldrajza a Hunyadiak kor\u00e1ban.<\/p>\n","protected":false},"featured_media":0,"comment_status":"open","ping_status":"closed","template":"","meta":[],"product_brand":[],"product_cat":[137],"product_tag":[],"class_list":{"0":"post-22460","1":"product","2":"type-product","3":"status-publish","5":"product_cat-maros-megyei-eletrajzi-lexikon","7":"first","8":"instock","9":"shipping-taxable","10":"product-type-simple"},"_links":{"self":[{"href":"https:\/\/uj.adatbank.ro\/lexikon\/wp-json\/wp\/v2\/product\/22460","targetHints":{"allow":["GET"]}}],"collection":[{"href":"https:\/\/uj.adatbank.ro\/lexikon\/wp-json\/wp\/v2\/product"}],"about":[{"href":"https:\/\/uj.adatbank.ro\/lexikon\/wp-json\/wp\/v2\/types\/product"}],"replies":[{"embeddable":true,"href":"https:\/\/uj.adatbank.ro\/lexikon\/wp-json\/wp\/v2\/comments?post=22460"}],"wp:attachment":[{"href":"https:\/\/uj.adatbank.ro\/lexikon\/wp-json\/wp\/v2\/media?parent=22460"}],"wp:term":[{"taxonomy":"product_brand","embeddable":true,"href":"https:\/\/uj.adatbank.ro\/lexikon\/wp-json\/wp\/v2\/product_brand?post=22460"},{"taxonomy":"product_cat","embeddable":true,"href":"https:\/\/uj.adatbank.ro\/lexikon\/wp-json\/wp\/v2\/product_cat?post=22460"},{"taxonomy":"product_tag","embeddable":true,"href":"https:\/\/uj.adatbank.ro\/lexikon\/wp-json\/wp\/v2\/product_tag?post=22460"}],"curies":[{"name":"wp","href":"https:\/\/api.w.org\/{rel}","templated":true}]}}