{"id":22464,"date":"2025-07-22T20:02:06","date_gmt":"2025-07-22T18:02:06","guid":{"rendered":"https:\/\/uj.adatbank.ro\/lexikon\/termek\/szokolyai-anderko-istvan-szokolyai-istvan-sokola\/"},"modified":"2025-07-22T20:02:06","modified_gmt":"2025-07-22T18:02:06","slug":"szokolyai-anderko-istvan-szokolyai-istvan-sokola","status":"publish","type":"product","link":"https:\/\/uj.adatbank.ro\/lexikon\/termek\/szokolyai-anderko-istvan-szokolyai-istvan-sokola\/","title":{"rendered":"SZOKOLYAI ANDERK\u00d3 Istv\u00e1n, Szokolyai Istv\u00e1n, Sokola,"},"content":{"rendered":"<p>17. sz. utols\u00f3 negyede, \u2020 Mv., 1720. aug. 10.: ref. lelk\u00e9sz, esperes. \u2013 Odera Frankfurtban, Hollandi\u00e1ban tanult. A vers\u00e9b\u0151l kit\u0171nik, hogy P\u00e1pai P\u00e1riz Ferenc tan\u00edtv\u00e1nya volt Nagyenyeden. Nagybaconb\u00f3l ill. Udvarhelyr\u0151l j\u00f6tt Mv.-re \u00e9s ott pr\u00e9dik\u00e1tor \u00e9s marossz\u00e9ki esperes hal\u00e1l\u00e1ig (1716. j\u00fal. 27\u20131720.). <br \/><strong>Irod.:<\/strong> Farcz\u00e1dy; Id\u0151t\u00e1r 1; Marossz\u00e9ki kr\u00f3nik\u00e1k 1.; A mv.-i ref. egyh\u00e1z (1727\u2013) anyak\u00f6nyve [k\u00e9zirat]; P\u00e1l-Antal 2009, P\u00e1pai P\u00e1riz, T\u00f3th Istv\u00e1n: A gyulafeh\u00e9rv\u00e1ri humanista k\u00f6lt\u00e9szet antol\u00f3gi\u00e1ja (Bp., 2001); T\u00f3th Istv\u00e1n: Mv. irodalmi \u00e9let\u00e9r\u0151l (N\u00fa., M\u00fazsa 468 sz., 2000. okt. 28), V\u00e1rtemplomi lelk\u00e9szek n\u00e9vsora, 1571\u20132000 (\u00daj Kezdet, 2. sz., 2000); Zov\u00e1nyi.<\/br><\/p>\n","protected":false},"excerpt":{"rendered":"<p>17. sz. utols\u00f3 negyede, \u2020 Mv., 1720. aug. 10.: ref. lelk\u00e9sz, esperes. \u2013 Odera Frankfurtban, Hollandi\u00e1ban tanult. A vers\u00e9b\u0151l kit\u0171nik, hogy P\u00e1pai P\u00e1riz Ferenc tan\u00edtv\u00e1nya volt Nagyenyeden. Nagybaconb\u00f3l ill. Udvarhelyr\u0151l j\u00f6tt Mv.-re \u00e9s ott pr\u00e9dik\u00e1tor \u00e9s marossz\u00e9ki esperes hal\u00e1l\u00e1ig (1716. j\u00fal. 27\u20131720.). Irod.: Farcz\u00e1dy; Id\u0151t\u00e1r 1; Marossz\u00e9ki kr\u00f3nik\u00e1k 1.; A mv.-i ref. egyh\u00e1z (1727\u2013) anyak\u00f6nyve [&hellip;]<\/p>\n","protected":false},"featured_media":0,"comment_status":"open","ping_status":"closed","template":"","meta":[],"product_brand":[],"product_cat":[137],"product_tag":[],"class_list":{"0":"post-22464","1":"product","2":"type-product","3":"status-publish","5":"product_cat-maros-megyei-eletrajzi-lexikon","7":"first","8":"instock","9":"shipping-taxable","10":"product-type-simple"},"_links":{"self":[{"href":"https:\/\/uj.adatbank.ro\/lexikon\/wp-json\/wp\/v2\/product\/22464","targetHints":{"allow":["GET"]}}],"collection":[{"href":"https:\/\/uj.adatbank.ro\/lexikon\/wp-json\/wp\/v2\/product"}],"about":[{"href":"https:\/\/uj.adatbank.ro\/lexikon\/wp-json\/wp\/v2\/types\/product"}],"replies":[{"embeddable":true,"href":"https:\/\/uj.adatbank.ro\/lexikon\/wp-json\/wp\/v2\/comments?post=22464"}],"wp:attachment":[{"href":"https:\/\/uj.adatbank.ro\/lexikon\/wp-json\/wp\/v2\/media?parent=22464"}],"wp:term":[{"taxonomy":"product_brand","embeddable":true,"href":"https:\/\/uj.adatbank.ro\/lexikon\/wp-json\/wp\/v2\/product_brand?post=22464"},{"taxonomy":"product_cat","embeddable":true,"href":"https:\/\/uj.adatbank.ro\/lexikon\/wp-json\/wp\/v2\/product_cat?post=22464"},{"taxonomy":"product_tag","embeddable":true,"href":"https:\/\/uj.adatbank.ro\/lexikon\/wp-json\/wp\/v2\/product_tag?post=22464"}],"curies":[{"name":"wp","href":"https:\/\/api.w.org\/{rel}","templated":true}]}}