{"id":22468,"date":"2025-07-22T20:02:15","date_gmt":"2025-07-22T18:02:15","guid":{"rendered":"https:\/\/uj.adatbank.ro\/lexikon\/termek\/szolga-miklos\/"},"modified":"2025-07-22T20:02:15","modified_gmt":"2025-07-22T18:02:15","slug":"szolga-miklos","status":"publish","type":"product","link":"https:\/\/uj.adatbank.ro\/lexikon\/termek\/szolga-miklos\/","title":{"rendered":"SZOLGA Mikl\u00f3s"},"content":{"rendered":"<p>1820? \u2020\u00a0Mv., 1882. febr. 9: b\u00edr\u00f3. \u2013 Gyermekei: Sz. Vilma Sz\u00e1sz D\u00e9nesn\u00e9; Sz. Ir\u00e9n dr. Nagy S\u00e1mueln\u00e9, ifj. Sz. Mikl\u00f3s; Sz. K\u00e1lm\u00e1n \u00fcgyv\u00e9djel\u00f6lt (1851? \u2013 Mv., 1876. nov. 11.). \u2013 Mv.-en kir. t\u00e1blai rendes b\u00edr\u00f3. <br \/><strong>Irod.:<\/strong> Gy\u00e1szjelent\u0151.<\/br><\/p>\n","protected":false},"excerpt":{"rendered":"<p>1820? \u2020\u00a0Mv., 1882. febr. 9: b\u00edr\u00f3. \u2013 Gyermekei: Sz. Vilma Sz\u00e1sz D\u00e9nesn\u00e9; Sz. Ir\u00e9n dr. Nagy S\u00e1mueln\u00e9, ifj. Sz. Mikl\u00f3s; Sz. K\u00e1lm\u00e1n \u00fcgyv\u00e9djel\u00f6lt (1851? \u2013 Mv., 1876. nov. 11.). \u2013 Mv.-en kir. t\u00e1blai rendes b\u00edr\u00f3. Irod.: Gy\u00e1szjelent\u0151.<\/p>\n","protected":false},"featured_media":0,"comment_status":"open","ping_status":"closed","template":"","meta":[],"product_brand":[],"product_cat":[137],"product_tag":[],"class_list":{"0":"post-22468","1":"product","2":"type-product","3":"status-publish","5":"product_cat-maros-megyei-eletrajzi-lexikon","7":"first","8":"instock","9":"shipping-taxable","10":"product-type-simple"},"_links":{"self":[{"href":"https:\/\/uj.adatbank.ro\/lexikon\/wp-json\/wp\/v2\/product\/22468","targetHints":{"allow":["GET"]}}],"collection":[{"href":"https:\/\/uj.adatbank.ro\/lexikon\/wp-json\/wp\/v2\/product"}],"about":[{"href":"https:\/\/uj.adatbank.ro\/lexikon\/wp-json\/wp\/v2\/types\/product"}],"replies":[{"embeddable":true,"href":"https:\/\/uj.adatbank.ro\/lexikon\/wp-json\/wp\/v2\/comments?post=22468"}],"wp:attachment":[{"href":"https:\/\/uj.adatbank.ro\/lexikon\/wp-json\/wp\/v2\/media?parent=22468"}],"wp:term":[{"taxonomy":"product_brand","embeddable":true,"href":"https:\/\/uj.adatbank.ro\/lexikon\/wp-json\/wp\/v2\/product_brand?post=22468"},{"taxonomy":"product_cat","embeddable":true,"href":"https:\/\/uj.adatbank.ro\/lexikon\/wp-json\/wp\/v2\/product_cat?post=22468"},{"taxonomy":"product_tag","embeddable":true,"href":"https:\/\/uj.adatbank.ro\/lexikon\/wp-json\/wp\/v2\/product_tag?post=22468"}],"curies":[{"name":"wp","href":"https:\/\/api.w.org\/{rel}","templated":true}]}}