{"id":2247,"date":"2025-06-28T12:08:08","date_gmt":"2025-06-28T10:08:08","guid":{"rendered":"https:\/\/uj.adatbank.ro\/lexikon\/termek\/banyai-samuel-banyai-b-samuel\/"},"modified":"2025-06-28T12:08:08","modified_gmt":"2025-06-28T10:08:08","slug":"banyai-samuel-banyai-b-samuel","status":"publish","type":"product","link":"https:\/\/uj.adatbank.ro\/lexikon\/termek\/banyai-samuel-banyai-b-samuel\/","title":{"rendered":"B\u00c1NYAI S\u00e1muel, B\u00e1nyai B. S\u00e1muel"},"content":{"rendered":"<p>? \u2020\u00a0Kolozsnagyida, 1754. jan.: ref. lelk\u00e9sz. \u2013 Nagyenyeden subscrib\u00e1lt. A g\u00f6rg\u00e9nyi egyh\u00e1zmegy\u00e9be ker\u00fclt (1728). Maross\u00e1rpatakon (1718 ut\u00e1n), Magyarf\u00fclp\u00f6s\u00f6n (1737), Kolozsnagyid\u00e1n (1753\u201354. jan.) szolg\u00e1lt. Tudjuk, hogy 1744-ben is az egyh\u00e1zmegy\u00e9ben szolg\u00e1lt Clarissimusk\u00e9nt emlegett\u00e9k (1737) teh\u00e1t val\u00f3sz\u00edn\u0171leg akad\u00e9mi\u00e1t j\u00e1rt. <br \/><strong>Irod.:<\/strong> \u0150sz<\/br><\/p>\n","protected":false},"excerpt":{"rendered":"<p>? \u2020\u00a0Kolozsnagyida, 1754. jan.: ref. lelk\u00e9sz. \u2013 Nagyenyeden subscrib\u00e1lt. A g\u00f6rg\u00e9nyi egyh\u00e1zmegy\u00e9be ker\u00fclt (1728). Maross\u00e1rpatakon (1718 ut\u00e1n), Magyarf\u00fclp\u00f6s\u00f6n (1737), Kolozsnagyid\u00e1n (1753\u201354. jan.) szolg\u00e1lt. Tudjuk, hogy 1744-ben is az egyh\u00e1zmegy\u00e9ben szolg\u00e1lt Clarissimusk\u00e9nt emlegett\u00e9k (1737) teh\u00e1t val\u00f3sz\u00edn\u0171leg akad\u00e9mi\u00e1t j\u00e1rt. Irod.: \u0150sz<\/p>\n","protected":false},"featured_media":0,"comment_status":"open","ping_status":"closed","template":"","meta":[],"product_brand":[],"product_cat":[137],"product_tag":[],"class_list":{"0":"post-2247","1":"product","2":"type-product","3":"status-publish","5":"product_cat-maros-megyei-eletrajzi-lexikon","7":"first","8":"instock","9":"shipping-taxable","10":"product-type-simple"},"_links":{"self":[{"href":"https:\/\/uj.adatbank.ro\/lexikon\/wp-json\/wp\/v2\/product\/2247","targetHints":{"allow":["GET"]}}],"collection":[{"href":"https:\/\/uj.adatbank.ro\/lexikon\/wp-json\/wp\/v2\/product"}],"about":[{"href":"https:\/\/uj.adatbank.ro\/lexikon\/wp-json\/wp\/v2\/types\/product"}],"replies":[{"embeddable":true,"href":"https:\/\/uj.adatbank.ro\/lexikon\/wp-json\/wp\/v2\/comments?post=2247"}],"wp:attachment":[{"href":"https:\/\/uj.adatbank.ro\/lexikon\/wp-json\/wp\/v2\/media?parent=2247"}],"wp:term":[{"taxonomy":"product_brand","embeddable":true,"href":"https:\/\/uj.adatbank.ro\/lexikon\/wp-json\/wp\/v2\/product_brand?post=2247"},{"taxonomy":"product_cat","embeddable":true,"href":"https:\/\/uj.adatbank.ro\/lexikon\/wp-json\/wp\/v2\/product_cat?post=2247"},{"taxonomy":"product_tag","embeddable":true,"href":"https:\/\/uj.adatbank.ro\/lexikon\/wp-json\/wp\/v2\/product_tag?post=2247"}],"curies":[{"name":"wp","href":"https:\/\/api.w.org\/{rel}","templated":true}]}}