{"id":22474,"date":"2025-07-22T20:02:29","date_gmt":"2025-07-22T18:02:29","guid":{"rendered":"https:\/\/uj.adatbank.ro\/lexikon\/termek\/szollosi-istvan\/"},"modified":"2025-07-22T20:02:29","modified_gmt":"2025-07-22T18:02:29","slug":"szollosi-istvan","status":"publish","type":"product","link":"https:\/\/uj.adatbank.ro\/lexikon\/termek\/szollosi-istvan\/","title":{"rendered":"SZ\u00d6LL\u0150SI Istv\u00e1n"},"content":{"rendered":"<p>? \u2020?: ref. lelk\u00e9sz. \u2013 Ny\u00e1r\u00e1dkar\u00e1csonyfalv\u00e1n mester (1703). Mv.-en szolg\u00e1lt, nyugd\u00edjas kor\u00e1ban v\u00e1lasztott\u00e1k p\u00e1rteln\u00f6knek. <br \/><strong>Irod.:<\/strong> Imreh Barna.<\/br><\/p>\n","protected":false},"excerpt":{"rendered":"<p>? \u2020?: ref. lelk\u00e9sz. \u2013 Ny\u00e1r\u00e1dkar\u00e1csonyfalv\u00e1n mester (1703). Mv.-en szolg\u00e1lt, nyugd\u00edjas kor\u00e1ban v\u00e1lasztott\u00e1k p\u00e1rteln\u00f6knek. Irod.: Imreh Barna.<\/p>\n","protected":false},"featured_media":0,"comment_status":"open","ping_status":"closed","template":"","meta":[],"product_brand":[],"product_cat":[137],"product_tag":[],"class_list":{"0":"post-22474","1":"product","2":"type-product","3":"status-publish","5":"product_cat-maros-megyei-eletrajzi-lexikon","7":"first","8":"instock","9":"shipping-taxable","10":"product-type-simple"},"_links":{"self":[{"href":"https:\/\/uj.adatbank.ro\/lexikon\/wp-json\/wp\/v2\/product\/22474","targetHints":{"allow":["GET"]}}],"collection":[{"href":"https:\/\/uj.adatbank.ro\/lexikon\/wp-json\/wp\/v2\/product"}],"about":[{"href":"https:\/\/uj.adatbank.ro\/lexikon\/wp-json\/wp\/v2\/types\/product"}],"replies":[{"embeddable":true,"href":"https:\/\/uj.adatbank.ro\/lexikon\/wp-json\/wp\/v2\/comments?post=22474"}],"wp:attachment":[{"href":"https:\/\/uj.adatbank.ro\/lexikon\/wp-json\/wp\/v2\/media?parent=22474"}],"wp:term":[{"taxonomy":"product_brand","embeddable":true,"href":"https:\/\/uj.adatbank.ro\/lexikon\/wp-json\/wp\/v2\/product_brand?post=22474"},{"taxonomy":"product_cat","embeddable":true,"href":"https:\/\/uj.adatbank.ro\/lexikon\/wp-json\/wp\/v2\/product_cat?post=22474"},{"taxonomy":"product_tag","embeddable":true,"href":"https:\/\/uj.adatbank.ro\/lexikon\/wp-json\/wp\/v2\/product_tag?post=22474"}],"curies":[{"name":"wp","href":"https:\/\/api.w.org\/{rel}","templated":true}]}}