{"id":22477,"date":"2025-07-22T20:02:36","date_gmt":"2025-07-22T18:02:36","guid":{"rendered":"https:\/\/uj.adatbank.ro\/lexikon\/termek\/szollosi-janos-3\/"},"modified":"2025-07-22T20:02:36","modified_gmt":"2025-07-22T18:02:36","slug":"szollosi-janos-3","status":"publish","type":"product","link":"https:\/\/uj.adatbank.ro\/lexikon\/termek\/szollosi-janos-3\/","title":{"rendered":"SZ\u00d6LL\u0150SI J\u00e1nos"},"content":{"rendered":"<p>? \u2020?: \u00fcgy\u00e9sz, fiscalis procurator. \u2013 Mv.-en polg\u00e1ri esk\u00fct tett (1764. m\u00e1j. 22.). Kir. rendk\u00edv\u00fcli \u00fcgy\u00e9sz (\u00e9vi fizet\u00e9se \/ j\u00f6vedelme (560 Rhfl.). <br \/><strong>Irod.:<\/strong> Bozac\u2013Pavel; Orb\u00e1n J\u00e1nos: T\u00e1blab\u00edr\u00e1k, f\u0151nemesek, pall\u00e9rok \u00e9s h\u00e1zak: V\u00e1rosk\u00e9p \u00e9s t\u00e1rsadalom v\u00e1ltoz\u00e1sai Mv.-en a Kir\u00e1lyi T\u00e1bla bek\u00f6lt\u00f6z\u00e9se ut\u00e1n [1754] = K\u00f6nyvek \u00e1ltal\u2026<\/br><\/p>\n","protected":false},"excerpt":{"rendered":"<p>? \u2020?: \u00fcgy\u00e9sz, fiscalis procurator. \u2013 Mv.-en polg\u00e1ri esk\u00fct tett (1764. m\u00e1j. 22.). Kir. rendk\u00edv\u00fcli \u00fcgy\u00e9sz (\u00e9vi fizet\u00e9se \/ j\u00f6vedelme (560 Rhfl.). Irod.: Bozac\u2013Pavel; Orb\u00e1n J\u00e1nos: T\u00e1blab\u00edr\u00e1k, f\u0151nemesek, pall\u00e9rok \u00e9s h\u00e1zak: V\u00e1rosk\u00e9p \u00e9s t\u00e1rsadalom v\u00e1ltoz\u00e1sai Mv.-en a Kir\u00e1lyi T\u00e1bla bek\u00f6lt\u00f6z\u00e9se ut\u00e1n [1754] = K\u00f6nyvek \u00e1ltal\u2026<\/p>\n","protected":false},"featured_media":0,"comment_status":"open","ping_status":"closed","template":"","meta":[],"product_brand":[],"product_cat":[137],"product_tag":[],"class_list":{"0":"post-22477","1":"product","2":"type-product","3":"status-publish","5":"product_cat-maros-megyei-eletrajzi-lexikon","7":"first","8":"instock","9":"shipping-taxable","10":"product-type-simple"},"_links":{"self":[{"href":"https:\/\/uj.adatbank.ro\/lexikon\/wp-json\/wp\/v2\/product\/22477","targetHints":{"allow":["GET"]}}],"collection":[{"href":"https:\/\/uj.adatbank.ro\/lexikon\/wp-json\/wp\/v2\/product"}],"about":[{"href":"https:\/\/uj.adatbank.ro\/lexikon\/wp-json\/wp\/v2\/types\/product"}],"replies":[{"embeddable":true,"href":"https:\/\/uj.adatbank.ro\/lexikon\/wp-json\/wp\/v2\/comments?post=22477"}],"wp:attachment":[{"href":"https:\/\/uj.adatbank.ro\/lexikon\/wp-json\/wp\/v2\/media?parent=22477"}],"wp:term":[{"taxonomy":"product_brand","embeddable":true,"href":"https:\/\/uj.adatbank.ro\/lexikon\/wp-json\/wp\/v2\/product_brand?post=22477"},{"taxonomy":"product_cat","embeddable":true,"href":"https:\/\/uj.adatbank.ro\/lexikon\/wp-json\/wp\/v2\/product_cat?post=22477"},{"taxonomy":"product_tag","embeddable":true,"href":"https:\/\/uj.adatbank.ro\/lexikon\/wp-json\/wp\/v2\/product_tag?post=22477"}],"curies":[{"name":"wp","href":"https:\/\/api.w.org\/{rel}","templated":true}]}}