{"id":22478,"date":"2025-07-22T20:02:38","date_gmt":"2025-07-22T18:02:38","guid":{"rendered":"https:\/\/uj.adatbank.ro\/lexikon\/termek\/szollosi-jozsef\/"},"modified":"2025-07-22T20:02:38","modified_gmt":"2025-07-22T18:02:38","slug":"szollosi-jozsef","status":"publish","type":"product","link":"https:\/\/uj.adatbank.ro\/lexikon\/termek\/szollosi-jozsef\/","title":{"rendered":"SZ\u00d6LL\u0150SI J\u00f3zsef"},"content":{"rendered":"<p>Mez\u0151s\u00e1msond, 1875., \u2020?: gyalogos, k\u00f6z\u00e9pbirtokos. \u2013 Mozg\u00f3s\u00edt\u00e1skor vonult be Mv.-en a 62. k\u00f6z\u00f6s gyalogezredhez. Az I. vh.-ban g\u00e9ppusk\u00e1sk\u00e9nt az orosz, olasz \u00e9s francia hadsz\u00edntereken k\u00fczd\u00f6tt. Ezrede sz\u00e1mos nagy csat\u00e1j\u00e1ban kit\u00fcntette mag\u00e1t. Egyszer s\u00falyosan megsebes\u00fclt. Az \u00f6sszeoml\u00e1s ut\u00e1n szerelt le. <strong>Kit\u00fcntet\u00e9sei:<\/strong> bronz vit\u00e9zs\u00e9gi \u00e9rem, K\u00e1roly csapat \u2013 kereszt \u00e9s h\u00e1bor\u00fas eml\u00e9k\u00e9rem. <br \/><strong>Irod.:<\/strong> Mez\u0151s\u00e1msond.<\/br><\/p>\n","protected":false},"excerpt":{"rendered":"<p>Mez\u0151s\u00e1msond, 1875., \u2020?: gyalogos, k\u00f6z\u00e9pbirtokos. \u2013 Mozg\u00f3s\u00edt\u00e1skor vonult be Mv.-en a 62. k\u00f6z\u00f6s gyalogezredhez. Az I. vh.-ban g\u00e9ppusk\u00e1sk\u00e9nt az orosz, olasz \u00e9s francia hadsz\u00edntereken k\u00fczd\u00f6tt. Ezrede sz\u00e1mos nagy csat\u00e1j\u00e1ban kit\u00fcntette mag\u00e1t. Egyszer s\u00falyosan megsebes\u00fclt. Az \u00f6sszeoml\u00e1s ut\u00e1n szerelt le. Kit\u00fcntet\u00e9sei: bronz vit\u00e9zs\u00e9gi \u00e9rem, K\u00e1roly csapat \u2013 kereszt \u00e9s h\u00e1bor\u00fas eml\u00e9k\u00e9rem. Irod.: Mez\u0151s\u00e1msond.<\/p>\n","protected":false},"featured_media":0,"comment_status":"open","ping_status":"closed","template":"","meta":[],"product_brand":[],"product_cat":[137],"product_tag":[],"class_list":{"0":"post-22478","1":"product","2":"type-product","3":"status-publish","5":"product_cat-maros-megyei-eletrajzi-lexikon","7":"first","8":"instock","9":"shipping-taxable","10":"product-type-simple"},"_links":{"self":[{"href":"https:\/\/uj.adatbank.ro\/lexikon\/wp-json\/wp\/v2\/product\/22478","targetHints":{"allow":["GET"]}}],"collection":[{"href":"https:\/\/uj.adatbank.ro\/lexikon\/wp-json\/wp\/v2\/product"}],"about":[{"href":"https:\/\/uj.adatbank.ro\/lexikon\/wp-json\/wp\/v2\/types\/product"}],"replies":[{"embeddable":true,"href":"https:\/\/uj.adatbank.ro\/lexikon\/wp-json\/wp\/v2\/comments?post=22478"}],"wp:attachment":[{"href":"https:\/\/uj.adatbank.ro\/lexikon\/wp-json\/wp\/v2\/media?parent=22478"}],"wp:term":[{"taxonomy":"product_brand","embeddable":true,"href":"https:\/\/uj.adatbank.ro\/lexikon\/wp-json\/wp\/v2\/product_brand?post=22478"},{"taxonomy":"product_cat","embeddable":true,"href":"https:\/\/uj.adatbank.ro\/lexikon\/wp-json\/wp\/v2\/product_cat?post=22478"},{"taxonomy":"product_tag","embeddable":true,"href":"https:\/\/uj.adatbank.ro\/lexikon\/wp-json\/wp\/v2\/product_tag?post=22478"}],"curies":[{"name":"wp","href":"https:\/\/api.w.org\/{rel}","templated":true}]}}