{"id":22479,"date":"2025-07-22T20:02:40","date_gmt":"2025-07-22T18:02:40","guid":{"rendered":"https:\/\/uj.adatbank.ro\/lexikon\/termek\/szollosi-klari\/"},"modified":"2025-07-22T20:02:40","modified_gmt":"2025-07-22T18:02:40","slug":"szollosi-klari","status":"publish","type":"product","link":"https:\/\/uj.adatbank.ro\/lexikon\/termek\/szollosi-klari\/","title":{"rendered":"SZ\u0150LL\u0150SI Kl\u00e1ri"},"content":{"rendered":"<p>Mv.?\u00a01919. m\u00e1rc. 13 \u2020?: sz\u00edn\u00e9szn\u0151. \u2013 Iskol\u00e1it Mv.-en v\u00e9gezte. T\u00f3th Elek volt szakmai mentora. Kv.-on j\u00e1tszott (1937\u201338). \u2013 <strong>F. sz.:<\/strong> Judit (Matolcsy: Az utols\u00f3 f\u00f3rum); Jeanne (Alfred Ghery: Hatodik emelet). <br \/><strong>Irod.:<\/strong> K\u00f6t\u0151.<\/br><\/p>\n","protected":false},"excerpt":{"rendered":"<p>Mv.?\u00a01919. m\u00e1rc. 13 \u2020?: sz\u00edn\u00e9szn\u0151. \u2013 Iskol\u00e1it Mv.-en v\u00e9gezte. T\u00f3th Elek volt szakmai mentora. Kv.-on j\u00e1tszott (1937\u201338). \u2013 F. sz.: Judit (Matolcsy: Az utols\u00f3 f\u00f3rum); Jeanne (Alfred Ghery: Hatodik emelet). Irod.: K\u00f6t\u0151.<\/p>\n","protected":false},"featured_media":0,"comment_status":"open","ping_status":"closed","template":"","meta":[],"product_brand":[],"product_cat":[137],"product_tag":[],"class_list":{"0":"post-22479","1":"product","2":"type-product","3":"status-publish","5":"product_cat-maros-megyei-eletrajzi-lexikon","7":"first","8":"instock","9":"shipping-taxable","10":"product-type-simple"},"_links":{"self":[{"href":"https:\/\/uj.adatbank.ro\/lexikon\/wp-json\/wp\/v2\/product\/22479","targetHints":{"allow":["GET"]}}],"collection":[{"href":"https:\/\/uj.adatbank.ro\/lexikon\/wp-json\/wp\/v2\/product"}],"about":[{"href":"https:\/\/uj.adatbank.ro\/lexikon\/wp-json\/wp\/v2\/types\/product"}],"replies":[{"embeddable":true,"href":"https:\/\/uj.adatbank.ro\/lexikon\/wp-json\/wp\/v2\/comments?post=22479"}],"wp:attachment":[{"href":"https:\/\/uj.adatbank.ro\/lexikon\/wp-json\/wp\/v2\/media?parent=22479"}],"wp:term":[{"taxonomy":"product_brand","embeddable":true,"href":"https:\/\/uj.adatbank.ro\/lexikon\/wp-json\/wp\/v2\/product_brand?post=22479"},{"taxonomy":"product_cat","embeddable":true,"href":"https:\/\/uj.adatbank.ro\/lexikon\/wp-json\/wp\/v2\/product_cat?post=22479"},{"taxonomy":"product_tag","embeddable":true,"href":"https:\/\/uj.adatbank.ro\/lexikon\/wp-json\/wp\/v2\/product_tag?post=22479"}],"curies":[{"name":"wp","href":"https:\/\/api.w.org\/{rel}","templated":true}]}}