{"id":22481,"date":"2025-07-22T20:02:43","date_gmt":"2025-07-22T18:02:43","guid":{"rendered":"https:\/\/uj.adatbank.ro\/lexikon\/termek\/szollosi-mozes\/"},"modified":"2025-07-22T20:02:43","modified_gmt":"2025-07-22T18:02:43","slug":"szollosi-mozes","status":"publish","type":"product","link":"https:\/\/uj.adatbank.ro\/lexikon\/termek\/szollosi-mozes\/","title":{"rendered":"SZ\u00d6LL\u0150SI M\u00f3zes"},"content":{"rendered":"<p>Mez\u0151s\u00e1msond, 1890 \u2020?: honv\u00e9d, hadirokkant. \u2013 Az I. vh. alatt vonult be katon\u00e1nak Mv.-en a 22.honv\u00e9d gyalogezredhez. Kivitt\u00e9k az orosz frontra (1915. \u00e1pr.\u2013). Ezrede minden nagy csat\u00e1j\u00e1ban harcolt. S\u00falyosan megsebes\u00fclt (1915. szept.). Hadirokkantk\u00e9nt szerelt le (1918). <br \/><strong>Irod.:<\/strong> Mez\u0151s\u00e1msond.<\/br><\/p>\n","protected":false},"excerpt":{"rendered":"<p>Mez\u0151s\u00e1msond, 1890 \u2020?: honv\u00e9d, hadirokkant. \u2013 Az I. vh. alatt vonult be katon\u00e1nak Mv.-en a 22.honv\u00e9d gyalogezredhez. Kivitt\u00e9k az orosz frontra (1915. \u00e1pr.\u2013). Ezrede minden nagy csat\u00e1j\u00e1ban harcolt. S\u00falyosan megsebes\u00fclt (1915. szept.). Hadirokkantk\u00e9nt szerelt le (1918). Irod.: Mez\u0151s\u00e1msond.<\/p>\n","protected":false},"featured_media":0,"comment_status":"open","ping_status":"closed","template":"","meta":[],"product_brand":[],"product_cat":[137],"product_tag":[],"class_list":{"0":"post-22481","1":"product","2":"type-product","3":"status-publish","5":"product_cat-maros-megyei-eletrajzi-lexikon","7":"first","8":"instock","9":"shipping-taxable","10":"product-type-simple"},"_links":{"self":[{"href":"https:\/\/uj.adatbank.ro\/lexikon\/wp-json\/wp\/v2\/product\/22481","targetHints":{"allow":["GET"]}}],"collection":[{"href":"https:\/\/uj.adatbank.ro\/lexikon\/wp-json\/wp\/v2\/product"}],"about":[{"href":"https:\/\/uj.adatbank.ro\/lexikon\/wp-json\/wp\/v2\/types\/product"}],"replies":[{"embeddable":true,"href":"https:\/\/uj.adatbank.ro\/lexikon\/wp-json\/wp\/v2\/comments?post=22481"}],"wp:attachment":[{"href":"https:\/\/uj.adatbank.ro\/lexikon\/wp-json\/wp\/v2\/media?parent=22481"}],"wp:term":[{"taxonomy":"product_brand","embeddable":true,"href":"https:\/\/uj.adatbank.ro\/lexikon\/wp-json\/wp\/v2\/product_brand?post=22481"},{"taxonomy":"product_cat","embeddable":true,"href":"https:\/\/uj.adatbank.ro\/lexikon\/wp-json\/wp\/v2\/product_cat?post=22481"},{"taxonomy":"product_tag","embeddable":true,"href":"https:\/\/uj.adatbank.ro\/lexikon\/wp-json\/wp\/v2\/product_tag?post=22481"}],"curies":[{"name":"wp","href":"https:\/\/api.w.org\/{rel}","templated":true}]}}