{"id":22485,"date":"2025-07-22T20:02:54","date_gmt":"2025-07-22T18:02:54","guid":{"rendered":"https:\/\/uj.adatbank.ro\/lexikon\/termek\/szollossy-janos\/"},"modified":"2025-07-22T20:02:54","modified_gmt":"2025-07-22T18:02:54","slug":"szollossy-janos","status":"publish","type":"product","link":"https:\/\/uj.adatbank.ro\/lexikon\/termek\/szollossy-janos\/","title":{"rendered":"SZ\u00d6LL\u0150SSY J\u00e1nos"},"content":{"rendered":"<p>? \u2020?: labdar\u00fag\u00f3. \u2013 A MSE labdar\u00fag\u00f3 szakoszt\u00e1ly\u00e1nak f\u0151int\u00e9z\u0151je (1921). <br \/><strong>Irod.:<\/strong> Illy\u00e9s.<\/br><\/p>\n","protected":false},"excerpt":{"rendered":"<p>? \u2020?: labdar\u00fag\u00f3. \u2013 A MSE labdar\u00fag\u00f3 szakoszt\u00e1ly\u00e1nak f\u0151int\u00e9z\u0151je (1921). Irod.: Illy\u00e9s.<\/p>\n","protected":false},"featured_media":0,"comment_status":"open","ping_status":"closed","template":"","meta":[],"product_brand":[],"product_cat":[137],"product_tag":[],"class_list":{"0":"post-22485","1":"product","2":"type-product","3":"status-publish","5":"product_cat-maros-megyei-eletrajzi-lexikon","7":"first","8":"instock","9":"shipping-taxable","10":"product-type-simple"},"_links":{"self":[{"href":"https:\/\/uj.adatbank.ro\/lexikon\/wp-json\/wp\/v2\/product\/22485","targetHints":{"allow":["GET"]}}],"collection":[{"href":"https:\/\/uj.adatbank.ro\/lexikon\/wp-json\/wp\/v2\/product"}],"about":[{"href":"https:\/\/uj.adatbank.ro\/lexikon\/wp-json\/wp\/v2\/types\/product"}],"replies":[{"embeddable":true,"href":"https:\/\/uj.adatbank.ro\/lexikon\/wp-json\/wp\/v2\/comments?post=22485"}],"wp:attachment":[{"href":"https:\/\/uj.adatbank.ro\/lexikon\/wp-json\/wp\/v2\/media?parent=22485"}],"wp:term":[{"taxonomy":"product_brand","embeddable":true,"href":"https:\/\/uj.adatbank.ro\/lexikon\/wp-json\/wp\/v2\/product_brand?post=22485"},{"taxonomy":"product_cat","embeddable":true,"href":"https:\/\/uj.adatbank.ro\/lexikon\/wp-json\/wp\/v2\/product_cat?post=22485"},{"taxonomy":"product_tag","embeddable":true,"href":"https:\/\/uj.adatbank.ro\/lexikon\/wp-json\/wp\/v2\/product_tag?post=22485"}],"curies":[{"name":"wp","href":"https:\/\/api.w.org\/{rel}","templated":true}]}}