{"id":22490,"date":"2025-07-22T20:03:06","date_gmt":"2025-07-22T18:03:06","guid":{"rendered":"https:\/\/uj.adatbank.ro\/lexikon\/termek\/szollosy-samuel-szollosi-samuel\/"},"modified":"2025-07-22T20:03:06","modified_gmt":"2025-07-22T18:03:06","slug":"szollosy-samuel-szollosi-samuel","status":"publish","type":"product","link":"https:\/\/uj.adatbank.ro\/lexikon\/termek\/szollosy-samuel-szollosi-samuel\/","title":{"rendered":"SZ\u0150LL\u0150SY S\u00e1muel, Sz\u00f6ll\u0151si S\u00e1muel"},"content":{"rendered":"<p>1822., \u2020 Mv., 1898. m\u00e1rc. 15.: f\u00f6ldbirtokos. \u2013 Testv\u00e9re: Sz\u00f6ll\u0151si Anna. Feles\u00e9ge: Demeter Roz\u00e1lia (1825? \u2013 Mv., 1878. okt. 7.). \u2013 1848\/49. szabads\u00e1gharcban honv\u00e9d t\u00fcz\u00e9r\u0151rmester. A mv.-i v\u00e1rosi k\u00e9pvisel\u0151, t\u00f6rv\u00e9nyhat\u00f3s\u00e1gi bizotts\u00e1gi tag, egyh\u00e1zi tan\u00e1csos. Az EMKE alap\u00edt\u00f3 \u00e9s \u00f6r\u00f6k\u00f6s tagja. <br \/><strong>Irod.:<\/strong> Gy\u00e1szjelent\u0151; P\u00e1lmay J\u00f3zsef; S\u00e1ndor.<\/br><\/p>\n","protected":false},"excerpt":{"rendered":"<p>1822., \u2020 Mv., 1898. m\u00e1rc. 15.: f\u00f6ldbirtokos. \u2013 Testv\u00e9re: Sz\u00f6ll\u0151si Anna. Feles\u00e9ge: Demeter Roz\u00e1lia (1825? \u2013 Mv., 1878. okt. 7.). \u2013 1848\/49. szabads\u00e1gharcban honv\u00e9d t\u00fcz\u00e9r\u0151rmester. A mv.-i v\u00e1rosi k\u00e9pvisel\u0151, t\u00f6rv\u00e9nyhat\u00f3s\u00e1gi bizotts\u00e1gi tag, egyh\u00e1zi tan\u00e1csos. Az EMKE alap\u00edt\u00f3 \u00e9s \u00f6r\u00f6k\u00f6s tagja. Irod.: Gy\u00e1szjelent\u0151; P\u00e1lmay J\u00f3zsef; S\u00e1ndor.<\/p>\n","protected":false},"featured_media":0,"comment_status":"open","ping_status":"closed","template":"","meta":[],"product_brand":[],"product_cat":[137],"product_tag":[],"class_list":{"0":"post-22490","1":"product","2":"type-product","3":"status-publish","5":"product_cat-maros-megyei-eletrajzi-lexikon","7":"first","8":"instock","9":"shipping-taxable","10":"product-type-simple"},"_links":{"self":[{"href":"https:\/\/uj.adatbank.ro\/lexikon\/wp-json\/wp\/v2\/product\/22490","targetHints":{"allow":["GET"]}}],"collection":[{"href":"https:\/\/uj.adatbank.ro\/lexikon\/wp-json\/wp\/v2\/product"}],"about":[{"href":"https:\/\/uj.adatbank.ro\/lexikon\/wp-json\/wp\/v2\/types\/product"}],"replies":[{"embeddable":true,"href":"https:\/\/uj.adatbank.ro\/lexikon\/wp-json\/wp\/v2\/comments?post=22490"}],"wp:attachment":[{"href":"https:\/\/uj.adatbank.ro\/lexikon\/wp-json\/wp\/v2\/media?parent=22490"}],"wp:term":[{"taxonomy":"product_brand","embeddable":true,"href":"https:\/\/uj.adatbank.ro\/lexikon\/wp-json\/wp\/v2\/product_brand?post=22490"},{"taxonomy":"product_cat","embeddable":true,"href":"https:\/\/uj.adatbank.ro\/lexikon\/wp-json\/wp\/v2\/product_cat?post=22490"},{"taxonomy":"product_tag","embeddable":true,"href":"https:\/\/uj.adatbank.ro\/lexikon\/wp-json\/wp\/v2\/product_tag?post=22490"}],"curies":[{"name":"wp","href":"https:\/\/api.w.org\/{rel}","templated":true}]}}