{"id":22491,"date":"2025-07-22T20:03:08","date_gmt":"2025-07-22T18:03:08","guid":{"rendered":"https:\/\/uj.adatbank.ro\/lexikon\/termek\/szolokmai-janos\/"},"modified":"2025-07-22T20:03:08","modified_gmt":"2025-07-22T18:03:08","slug":"szolokmai-janos","status":"publish","type":"product","link":"https:\/\/uj.adatbank.ro\/lexikon\/termek\/szolokmai-janos\/","title":{"rendered":"SZOLOKMAI J\u00e1nos"},"content":{"rendered":"<p>? \u2020?: tan\u00edt\u00f3. \u2013 Feles\u00e9ge Z\u00e1goni Zs\u00f3fia. \u2013 Tan\u00edtott Nagykenden (1716), Kerel\u0151szentp\u00e1lon (1720) \u00e9s D\u00e1ny\u00e1nban (1720\u201323), Cs\u00e1v\u00e1son (\u20131733). Feles\u00e9ge Z\u00e1goni Zs\u00f3fia. <br \/><strong>Irod.:<\/strong> K\u00fck\u00fcll\u0151i Ref. Egyh\u00e1zm.1., 4.<\/br><\/p>\n","protected":false},"excerpt":{"rendered":"<p>? \u2020?: tan\u00edt\u00f3. \u2013 Feles\u00e9ge Z\u00e1goni Zs\u00f3fia. \u2013 Tan\u00edtott Nagykenden (1716), Kerel\u0151szentp\u00e1lon (1720) \u00e9s D\u00e1ny\u00e1nban (1720\u201323), Cs\u00e1v\u00e1son (\u20131733). Feles\u00e9ge Z\u00e1goni Zs\u00f3fia. Irod.: K\u00fck\u00fcll\u0151i Ref. Egyh\u00e1zm.1., 4.<\/p>\n","protected":false},"featured_media":0,"comment_status":"open","ping_status":"closed","template":"","meta":[],"product_brand":[],"product_cat":[137],"product_tag":[],"class_list":{"0":"post-22491","1":"product","2":"type-product","3":"status-publish","5":"product_cat-maros-megyei-eletrajzi-lexikon","7":"first","8":"instock","9":"shipping-taxable","10":"product-type-simple"},"_links":{"self":[{"href":"https:\/\/uj.adatbank.ro\/lexikon\/wp-json\/wp\/v2\/product\/22491","targetHints":{"allow":["GET"]}}],"collection":[{"href":"https:\/\/uj.adatbank.ro\/lexikon\/wp-json\/wp\/v2\/product"}],"about":[{"href":"https:\/\/uj.adatbank.ro\/lexikon\/wp-json\/wp\/v2\/types\/product"}],"replies":[{"embeddable":true,"href":"https:\/\/uj.adatbank.ro\/lexikon\/wp-json\/wp\/v2\/comments?post=22491"}],"wp:attachment":[{"href":"https:\/\/uj.adatbank.ro\/lexikon\/wp-json\/wp\/v2\/media?parent=22491"}],"wp:term":[{"taxonomy":"product_brand","embeddable":true,"href":"https:\/\/uj.adatbank.ro\/lexikon\/wp-json\/wp\/v2\/product_brand?post=22491"},{"taxonomy":"product_cat","embeddable":true,"href":"https:\/\/uj.adatbank.ro\/lexikon\/wp-json\/wp\/v2\/product_cat?post=22491"},{"taxonomy":"product_tag","embeddable":true,"href":"https:\/\/uj.adatbank.ro\/lexikon\/wp-json\/wp\/v2\/product_tag?post=22491"}],"curies":[{"name":"wp","href":"https:\/\/api.w.org\/{rel}","templated":true}]}}