{"id":22493,"date":"2025-07-22T20:03:12","date_gmt":"2025-07-22T18:03:12","guid":{"rendered":"https:\/\/uj.adatbank.ro\/lexikon\/termek\/szolosi-janos\/"},"modified":"2025-07-22T20:03:12","modified_gmt":"2025-07-22T18:03:12","slug":"szolosi-janos","status":"publish","type":"product","link":"https:\/\/uj.adatbank.ro\/lexikon\/termek\/szolosi-janos\/","title":{"rendered":"SZ\u0150L\u0150SI J\u00e1nos"},"content":{"rendered":"<p>1935., \u2020\u00a0Mv., 2023. szept. 11.: A Sz\u00e9kely N\u00e9pi egy\u00fcttes volt sz\u00f3l\u00f3t\u00e1ncosa. \u2013 A mv.-i Ludas utcai ref. templomban volt a gy\u00e1szszertart\u00e1sa. A gyergy\u00f3szentmikl\u00f3si r.k. temet\u0151ben temetik. <br \/><strong>Irod.:<\/strong> N\u00fa., 2023. okt. 2.<\/br><\/p>\n","protected":false},"excerpt":{"rendered":"<p>1935., \u2020\u00a0Mv., 2023. szept. 11.: A Sz\u00e9kely N\u00e9pi egy\u00fcttes volt sz\u00f3l\u00f3t\u00e1ncosa. \u2013 A mv.-i Ludas utcai ref. templomban volt a gy\u00e1szszertart\u00e1sa. A gyergy\u00f3szentmikl\u00f3si r.k. temet\u0151ben temetik. Irod.: N\u00fa., 2023. okt. 2.<\/p>\n","protected":false},"featured_media":0,"comment_status":"open","ping_status":"closed","template":"","meta":[],"product_brand":[],"product_cat":[137],"product_tag":[],"class_list":{"0":"post-22493","1":"product","2":"type-product","3":"status-publish","5":"product_cat-maros-megyei-eletrajzi-lexikon","7":"first","8":"instock","9":"shipping-taxable","10":"product-type-simple"},"_links":{"self":[{"href":"https:\/\/uj.adatbank.ro\/lexikon\/wp-json\/wp\/v2\/product\/22493","targetHints":{"allow":["GET"]}}],"collection":[{"href":"https:\/\/uj.adatbank.ro\/lexikon\/wp-json\/wp\/v2\/product"}],"about":[{"href":"https:\/\/uj.adatbank.ro\/lexikon\/wp-json\/wp\/v2\/types\/product"}],"replies":[{"embeddable":true,"href":"https:\/\/uj.adatbank.ro\/lexikon\/wp-json\/wp\/v2\/comments?post=22493"}],"wp:attachment":[{"href":"https:\/\/uj.adatbank.ro\/lexikon\/wp-json\/wp\/v2\/media?parent=22493"}],"wp:term":[{"taxonomy":"product_brand","embeddable":true,"href":"https:\/\/uj.adatbank.ro\/lexikon\/wp-json\/wp\/v2\/product_brand?post=22493"},{"taxonomy":"product_cat","embeddable":true,"href":"https:\/\/uj.adatbank.ro\/lexikon\/wp-json\/wp\/v2\/product_cat?post=22493"},{"taxonomy":"product_tag","embeddable":true,"href":"https:\/\/uj.adatbank.ro\/lexikon\/wp-json\/wp\/v2\/product_tag?post=22493"}],"curies":[{"name":"wp","href":"https:\/\/api.w.org\/{rel}","templated":true}]}}