{"id":22497,"date":"2025-07-22T20:03:23","date_gmt":"2025-07-22T18:03:23","guid":{"rendered":"https:\/\/uj.adatbank.ro\/lexikon\/termek\/szombat-bela\/"},"modified":"2025-07-22T20:03:23","modified_gmt":"2025-07-22T18:03:23","slug":"szombat-bela","status":"publish","type":"product","link":"https:\/\/uj.adatbank.ro\/lexikon\/termek\/szombat-bela\/","title":{"rendered":"SZOMBAT B\u00e9la"},"content":{"rendered":"<p>Marosludas, 1910. \u2020 Bp., 1987.: fest\u0151m\u0171v\u00e9sz. \u2013P\u00e1lyafut\u00e1s\u00e1t a ludasi volt Gl\u00fcck J\u00f3zsef-f\u00e9le k\u00f6nyvnyomd\u00e1ban kezdte. Bp.-en k\u00e9pz\u0151m\u0171v\u00e9szeti akad. v\u00e9gzett. Sok \u00e9ven \u00e1t dolgozott a K\u00f3s K\u00e1rolyr\u00f3l elnevezett m\u0171v\u00e9sztelepen, mint restaur\u00e1tor. Munk\u00e1csy-d\u00edjas. <br \/><strong>Irod.:<\/strong> Tolok\u00e1n Jen\u0151: Korai magvet\u0151k Eur\u00f3pa mezsgy\u00e9in (N\u00fa., 1997. dec. 10.); N\u0151k Lapja (1982. m\u00e1j. 15.)<\/br><\/p>\n","protected":false},"excerpt":{"rendered":"<p>Marosludas, 1910. \u2020 Bp., 1987.: fest\u0151m\u0171v\u00e9sz. \u2013P\u00e1lyafut\u00e1s\u00e1t a ludasi volt Gl\u00fcck J\u00f3zsef-f\u00e9le k\u00f6nyvnyomd\u00e1ban kezdte. Bp.-en k\u00e9pz\u0151m\u0171v\u00e9szeti akad. v\u00e9gzett. Sok \u00e9ven \u00e1t dolgozott a K\u00f3s K\u00e1rolyr\u00f3l elnevezett m\u0171v\u00e9sztelepen, mint restaur\u00e1tor. Munk\u00e1csy-d\u00edjas. Irod.: Tolok\u00e1n Jen\u0151: Korai magvet\u0151k Eur\u00f3pa mezsgy\u00e9in (N\u00fa., 1997. dec. 10.); N\u0151k Lapja (1982. m\u00e1j. 15.)<\/p>\n","protected":false},"featured_media":0,"comment_status":"open","ping_status":"closed","template":"","meta":[],"product_brand":[],"product_cat":[137],"product_tag":[],"class_list":{"0":"post-22497","1":"product","2":"type-product","3":"status-publish","5":"product_cat-maros-megyei-eletrajzi-lexikon","7":"first","8":"instock","9":"shipping-taxable","10":"product-type-simple"},"_links":{"self":[{"href":"https:\/\/uj.adatbank.ro\/lexikon\/wp-json\/wp\/v2\/product\/22497","targetHints":{"allow":["GET"]}}],"collection":[{"href":"https:\/\/uj.adatbank.ro\/lexikon\/wp-json\/wp\/v2\/product"}],"about":[{"href":"https:\/\/uj.adatbank.ro\/lexikon\/wp-json\/wp\/v2\/types\/product"}],"replies":[{"embeddable":true,"href":"https:\/\/uj.adatbank.ro\/lexikon\/wp-json\/wp\/v2\/comments?post=22497"}],"wp:attachment":[{"href":"https:\/\/uj.adatbank.ro\/lexikon\/wp-json\/wp\/v2\/media?parent=22497"}],"wp:term":[{"taxonomy":"product_brand","embeddable":true,"href":"https:\/\/uj.adatbank.ro\/lexikon\/wp-json\/wp\/v2\/product_brand?post=22497"},{"taxonomy":"product_cat","embeddable":true,"href":"https:\/\/uj.adatbank.ro\/lexikon\/wp-json\/wp\/v2\/product_cat?post=22497"},{"taxonomy":"product_tag","embeddable":true,"href":"https:\/\/uj.adatbank.ro\/lexikon\/wp-json\/wp\/v2\/product_tag?post=22497"}],"curies":[{"name":"wp","href":"https:\/\/api.w.org\/{rel}","templated":true}]}}