{"id":22498,"date":"2025-07-22T20:03:25","date_gmt":"2025-07-22T18:03:25","guid":{"rendered":"https:\/\/uj.adatbank.ro\/lexikon\/termek\/szombat-marton\/"},"modified":"2025-07-22T20:03:25","modified_gmt":"2025-07-22T18:03:25","slug":"szombat-marton","status":"publish","type":"product","link":"https:\/\/uj.adatbank.ro\/lexikon\/termek\/szombat-marton\/","title":{"rendered":"SZOMBAT M\u00e1rton"},"content":{"rendered":"<p>Mez\u0151madaras, 1919. m\u00e1j. 4., \u2020 T\u00e1llya, 1944. nov. 22.: honv\u00e9d. \u2013 Anyja Sipos Anna. \u2013 A 27. gyalogezred honv\u00e9dje. T\u00fcd\u0151l\u00f6v\u00e9s miatt halt meg. <br \/><strong>Irod.:<\/strong> Berekm\u00e9ri 2015.<\/br><\/p>\n","protected":false},"excerpt":{"rendered":"<p>Mez\u0151madaras, 1919. m\u00e1j. 4., \u2020 T\u00e1llya, 1944. nov. 22.: honv\u00e9d. \u2013 Anyja Sipos Anna. \u2013 A 27. gyalogezred honv\u00e9dje. T\u00fcd\u0151l\u00f6v\u00e9s miatt halt meg. Irod.: Berekm\u00e9ri 2015.<\/p>\n","protected":false},"featured_media":0,"comment_status":"open","ping_status":"closed","template":"","meta":[],"product_brand":[],"product_cat":[137],"product_tag":[],"class_list":{"0":"post-22498","1":"product","2":"type-product","3":"status-publish","5":"product_cat-maros-megyei-eletrajzi-lexikon","7":"first","8":"instock","9":"shipping-taxable","10":"product-type-simple"},"_links":{"self":[{"href":"https:\/\/uj.adatbank.ro\/lexikon\/wp-json\/wp\/v2\/product\/22498","targetHints":{"allow":["GET"]}}],"collection":[{"href":"https:\/\/uj.adatbank.ro\/lexikon\/wp-json\/wp\/v2\/product"}],"about":[{"href":"https:\/\/uj.adatbank.ro\/lexikon\/wp-json\/wp\/v2\/types\/product"}],"replies":[{"embeddable":true,"href":"https:\/\/uj.adatbank.ro\/lexikon\/wp-json\/wp\/v2\/comments?post=22498"}],"wp:attachment":[{"href":"https:\/\/uj.adatbank.ro\/lexikon\/wp-json\/wp\/v2\/media?parent=22498"}],"wp:term":[{"taxonomy":"product_brand","embeddable":true,"href":"https:\/\/uj.adatbank.ro\/lexikon\/wp-json\/wp\/v2\/product_brand?post=22498"},{"taxonomy":"product_cat","embeddable":true,"href":"https:\/\/uj.adatbank.ro\/lexikon\/wp-json\/wp\/v2\/product_cat?post=22498"},{"taxonomy":"product_tag","embeddable":true,"href":"https:\/\/uj.adatbank.ro\/lexikon\/wp-json\/wp\/v2\/product_tag?post=22498"}],"curies":[{"name":"wp","href":"https:\/\/api.w.org\/{rel}","templated":true}]}}