{"id":22502,"date":"2025-07-22T20:03:33","date_gmt":"2025-07-22T18:03:33","guid":{"rendered":"https:\/\/uj.adatbank.ro\/lexikon\/termek\/szombath-peter\/"},"modified":"2025-07-22T20:03:33","modified_gmt":"2025-07-22T18:03:33","slug":"szombath-peter","status":"publish","type":"product","link":"https:\/\/uj.adatbank.ro\/lexikon\/termek\/szombath-peter\/","title":{"rendered":"SZOMBATH P\u00e9ter"},"content":{"rendered":"<p>Szab\u00e9d, 1908, \u2020 Mv., 1979. okt. 4.: ? \u2013 Ifj\u00fakor\u00e1ban bekapcsol\u00f3dott a munk\u00e1smozgalomba, tagja a RKP-nak (1932\u2013). Forradalmi tev\u00e9kenys\u00e9g\u00e9nek elismer\u00e9sek\u00e9nt a RSZK \u00e9rdemrendj\u00e9vel \u00e9s t\u00f6bb \u00e9rdem\u00e9rm\u00e9vel t\u00fcntette ki. <br \/><strong>Irod.:<\/strong> Sz. P. [Nekrol\u00f3g] (V. Z., 1979. okt. 6.).<\/br><\/p>\n","protected":false},"excerpt":{"rendered":"<p>Szab\u00e9d, 1908, \u2020 Mv., 1979. okt. 4.: ? \u2013 Ifj\u00fakor\u00e1ban bekapcsol\u00f3dott a munk\u00e1smozgalomba, tagja a RKP-nak (1932\u2013). Forradalmi tev\u00e9kenys\u00e9g\u00e9nek elismer\u00e9sek\u00e9nt a RSZK \u00e9rdemrendj\u00e9vel \u00e9s t\u00f6bb \u00e9rdem\u00e9rm\u00e9vel t\u00fcntette ki. Irod.: Sz. P. [Nekrol\u00f3g] (V. Z., 1979. okt. 6.).<\/p>\n","protected":false},"featured_media":0,"comment_status":"open","ping_status":"closed","template":"","meta":[],"product_brand":[],"product_cat":[137],"product_tag":[],"class_list":{"0":"post-22502","1":"product","2":"type-product","3":"status-publish","5":"product_cat-maros-megyei-eletrajzi-lexikon","7":"first","8":"instock","9":"shipping-taxable","10":"product-type-simple"},"_links":{"self":[{"href":"https:\/\/uj.adatbank.ro\/lexikon\/wp-json\/wp\/v2\/product\/22502","targetHints":{"allow":["GET"]}}],"collection":[{"href":"https:\/\/uj.adatbank.ro\/lexikon\/wp-json\/wp\/v2\/product"}],"about":[{"href":"https:\/\/uj.adatbank.ro\/lexikon\/wp-json\/wp\/v2\/types\/product"}],"replies":[{"embeddable":true,"href":"https:\/\/uj.adatbank.ro\/lexikon\/wp-json\/wp\/v2\/comments?post=22502"}],"wp:attachment":[{"href":"https:\/\/uj.adatbank.ro\/lexikon\/wp-json\/wp\/v2\/media?parent=22502"}],"wp:term":[{"taxonomy":"product_brand","embeddable":true,"href":"https:\/\/uj.adatbank.ro\/lexikon\/wp-json\/wp\/v2\/product_brand?post=22502"},{"taxonomy":"product_cat","embeddable":true,"href":"https:\/\/uj.adatbank.ro\/lexikon\/wp-json\/wp\/v2\/product_cat?post=22502"},{"taxonomy":"product_tag","embeddable":true,"href":"https:\/\/uj.adatbank.ro\/lexikon\/wp-json\/wp\/v2\/product_tag?post=22502"}],"curies":[{"name":"wp","href":"https:\/\/api.w.org\/{rel}","templated":true}]}}