{"id":22503,"date":"2025-07-22T20:03:38","date_gmt":"2025-07-22T18:03:38","guid":{"rendered":"https:\/\/uj.adatbank.ro\/lexikon\/termek\/szombathelyi-laszlo\/"},"modified":"2025-07-22T20:03:38","modified_gmt":"2025-07-22T18:03:38","slug":"szombathelyi-laszlo","status":"publish","type":"product","link":"https:\/\/uj.adatbank.ro\/lexikon\/termek\/szombathelyi-laszlo\/","title":{"rendered":"SZOMBATHELYI L\u00e1szl\u00f3"},"content":{"rendered":"<p>1917., \u2020 Mv., 1992. jan. 29.: orvos. \u2013 Feles\u00e9ge dr. Szalay Anna, fogorvos. \u2013 A Mv.-i 1. sz.Seb\u00e9szeti Klinik\u00e1n dolgozott, seb\u00e9sz-f\u0151orvos. Egyetemi oktat\u00f3 is volt, egyetemi jegyzetek t\u00e1rsszerz\u0151je. \u2013 <strong>F. m.<\/strong>: <strong>t\u00e1rssz.:<\/strong> Seb\u00e9szeti jegyzet. 1\u20132 k\u00f6t. (Mv., 1953), Seb\u00e9szet 3.k\u00f6t. (Mv., 1956). <br \/><strong>Irod.:<\/strong> Genersich; [Nekrol\u00f3g] (N\u00fa., 1992. jan. 31) Kiss\u2013P\u00e9terffy\u2013P\u00e9terffy; P\u00e9ter; Todea.<\/br><\/p>\n","protected":false},"excerpt":{"rendered":"<p>1917., \u2020 Mv., 1992. jan. 29.: orvos. \u2013 Feles\u00e9ge dr. Szalay Anna, fogorvos. \u2013 A Mv.-i 1. sz.Seb\u00e9szeti Klinik\u00e1n dolgozott, seb\u00e9sz-f\u0151orvos. Egyetemi oktat\u00f3 is volt, egyetemi jegyzetek t\u00e1rsszerz\u0151je. \u2013 F. m.: t\u00e1rssz.: Seb\u00e9szeti jegyzet. 1\u20132 k\u00f6t. (Mv., 1953), Seb\u00e9szet 3.k\u00f6t. (Mv., 1956). Irod.: Genersich; [Nekrol\u00f3g] (N\u00fa., 1992. jan. 31) Kiss\u2013P\u00e9terffy\u2013P\u00e9terffy; P\u00e9ter; Todea.<\/p>\n","protected":false},"featured_media":0,"comment_status":"open","ping_status":"closed","template":"","meta":[],"product_brand":[],"product_cat":[137],"product_tag":[],"class_list":{"0":"post-22503","1":"product","2":"type-product","3":"status-publish","5":"product_cat-maros-megyei-eletrajzi-lexikon","7":"first","8":"instock","9":"shipping-taxable","10":"product-type-simple"},"_links":{"self":[{"href":"https:\/\/uj.adatbank.ro\/lexikon\/wp-json\/wp\/v2\/product\/22503","targetHints":{"allow":["GET"]}}],"collection":[{"href":"https:\/\/uj.adatbank.ro\/lexikon\/wp-json\/wp\/v2\/product"}],"about":[{"href":"https:\/\/uj.adatbank.ro\/lexikon\/wp-json\/wp\/v2\/types\/product"}],"replies":[{"embeddable":true,"href":"https:\/\/uj.adatbank.ro\/lexikon\/wp-json\/wp\/v2\/comments?post=22503"}],"wp:attachment":[{"href":"https:\/\/uj.adatbank.ro\/lexikon\/wp-json\/wp\/v2\/media?parent=22503"}],"wp:term":[{"taxonomy":"product_brand","embeddable":true,"href":"https:\/\/uj.adatbank.ro\/lexikon\/wp-json\/wp\/v2\/product_brand?post=22503"},{"taxonomy":"product_cat","embeddable":true,"href":"https:\/\/uj.adatbank.ro\/lexikon\/wp-json\/wp\/v2\/product_cat?post=22503"},{"taxonomy":"product_tag","embeddable":true,"href":"https:\/\/uj.adatbank.ro\/lexikon\/wp-json\/wp\/v2\/product_tag?post=22503"}],"curies":[{"name":"wp","href":"https:\/\/api.w.org\/{rel}","templated":true}]}}