{"id":22504,"date":"2025-07-22T20:03:39","date_gmt":"2025-07-22T18:03:39","guid":{"rendered":"https:\/\/uj.adatbank.ro\/lexikon\/termek\/szombathelyi-szalay-anna\/"},"modified":"2025-07-22T20:03:39","modified_gmt":"2025-07-22T18:03:39","slug":"szombathelyi-szalay-anna","status":"publish","type":"product","link":"https:\/\/uj.adatbank.ro\/lexikon\/termek\/szombathelyi-szalay-anna\/","title":{"rendered":"SZOMBATHELYI SZALAY Anna"},"content":{"rendered":"<p>1923 \u2020 Mv., 2001. szept. 23: orvos. \u2013 A MOGYI orvosi kar\u00e1n v\u00e9gzett (1950). Egyetemi oktat\u00f3: gyakornok, tan\u00e1rseg\u00e9d (3 \u00e9vig). Fogorvos Mv.-en, majd Kv.-on. M\u0171kedvel\u0151 fest\u0151 is volt. <br \/><strong>Irod.:<\/strong> Kiss\u2013P\u00e9terffy\u2013P\u00e9terffy.<\/br><\/p>\n","protected":false},"excerpt":{"rendered":"<p>1923 \u2020 Mv., 2001. szept. 23: orvos. \u2013 A MOGYI orvosi kar\u00e1n v\u00e9gzett (1950). Egyetemi oktat\u00f3: gyakornok, tan\u00e1rseg\u00e9d (3 \u00e9vig). Fogorvos Mv.-en, majd Kv.-on. M\u0171kedvel\u0151 fest\u0151 is volt. Irod.: Kiss\u2013P\u00e9terffy\u2013P\u00e9terffy.<\/p>\n","protected":false},"featured_media":0,"comment_status":"open","ping_status":"closed","template":"","meta":[],"product_brand":[],"product_cat":[137],"product_tag":[],"class_list":{"0":"post-22504","1":"product","2":"type-product","3":"status-publish","5":"product_cat-maros-megyei-eletrajzi-lexikon","7":"first","8":"instock","9":"shipping-taxable","10":"product-type-simple"},"_links":{"self":[{"href":"https:\/\/uj.adatbank.ro\/lexikon\/wp-json\/wp\/v2\/product\/22504","targetHints":{"allow":["GET"]}}],"collection":[{"href":"https:\/\/uj.adatbank.ro\/lexikon\/wp-json\/wp\/v2\/product"}],"about":[{"href":"https:\/\/uj.adatbank.ro\/lexikon\/wp-json\/wp\/v2\/types\/product"}],"replies":[{"embeddable":true,"href":"https:\/\/uj.adatbank.ro\/lexikon\/wp-json\/wp\/v2\/comments?post=22504"}],"wp:attachment":[{"href":"https:\/\/uj.adatbank.ro\/lexikon\/wp-json\/wp\/v2\/media?parent=22504"}],"wp:term":[{"taxonomy":"product_brand","embeddable":true,"href":"https:\/\/uj.adatbank.ro\/lexikon\/wp-json\/wp\/v2\/product_brand?post=22504"},{"taxonomy":"product_cat","embeddable":true,"href":"https:\/\/uj.adatbank.ro\/lexikon\/wp-json\/wp\/v2\/product_cat?post=22504"},{"taxonomy":"product_tag","embeddable":true,"href":"https:\/\/uj.adatbank.ro\/lexikon\/wp-json\/wp\/v2\/product_tag?post=22504"}],"curies":[{"name":"wp","href":"https:\/\/api.w.org\/{rel}","templated":true}]}}