{"id":22508,"date":"2025-07-22T20:03:48","date_gmt":"2025-07-22T18:03:48","guid":{"rendered":"https:\/\/uj.adatbank.ro\/lexikon\/termek\/szondi-oszvald\/"},"modified":"2025-07-22T20:03:48","modified_gmt":"2025-07-22T18:03:48","slug":"szondi-oszvald","status":"publish","type":"product","link":"https:\/\/uj.adatbank.ro\/lexikon\/termek\/szondi-oszvald\/","title":{"rendered":"SZONDI Oszvald"},"content":{"rendered":"<p>? \u2020?: ferences szerzetes. \u2013 Toldalagi Andr\u00e1s a kolozsmonostori konvent el\u0151tt a marosszentkir\u00e1lyi P\u00e1los kolostorra test\u00e1lta javait azzal a kik\u00f6t\u00e9ssel, hogy a halast\u00f3 javaib\u00f3l a ferences bar\u00e1toknak \u00e9s n\u0151v\u00e9reknek is juttatnak. A hiteles\u00edt\u0151k k\u00f6z\u00f6tt szerepel mint obszerv\u00e1ns szerzetes (1471). <br \/><strong>Irod.:<\/strong> Id\u0151t\u00e1r 1.<\/br><\/p>\n","protected":false},"excerpt":{"rendered":"<p>? \u2020?: ferences szerzetes. \u2013 Toldalagi Andr\u00e1s a kolozsmonostori konvent el\u0151tt a marosszentkir\u00e1lyi P\u00e1los kolostorra test\u00e1lta javait azzal a kik\u00f6t\u00e9ssel, hogy a halast\u00f3 javaib\u00f3l a ferences bar\u00e1toknak \u00e9s n\u0151v\u00e9reknek is juttatnak. A hiteles\u00edt\u0151k k\u00f6z\u00f6tt szerepel mint obszerv\u00e1ns szerzetes (1471). Irod.: Id\u0151t\u00e1r 1.<\/p>\n","protected":false},"featured_media":0,"comment_status":"open","ping_status":"closed","template":"","meta":[],"product_brand":[],"product_cat":[137],"product_tag":[],"class_list":{"0":"post-22508","1":"product","2":"type-product","3":"status-publish","5":"product_cat-maros-megyei-eletrajzi-lexikon","7":"first","8":"instock","9":"shipping-taxable","10":"product-type-simple"},"_links":{"self":[{"href":"https:\/\/uj.adatbank.ro\/lexikon\/wp-json\/wp\/v2\/product\/22508","targetHints":{"allow":["GET"]}}],"collection":[{"href":"https:\/\/uj.adatbank.ro\/lexikon\/wp-json\/wp\/v2\/product"}],"about":[{"href":"https:\/\/uj.adatbank.ro\/lexikon\/wp-json\/wp\/v2\/types\/product"}],"replies":[{"embeddable":true,"href":"https:\/\/uj.adatbank.ro\/lexikon\/wp-json\/wp\/v2\/comments?post=22508"}],"wp:attachment":[{"href":"https:\/\/uj.adatbank.ro\/lexikon\/wp-json\/wp\/v2\/media?parent=22508"}],"wp:term":[{"taxonomy":"product_brand","embeddable":true,"href":"https:\/\/uj.adatbank.ro\/lexikon\/wp-json\/wp\/v2\/product_brand?post=22508"},{"taxonomy":"product_cat","embeddable":true,"href":"https:\/\/uj.adatbank.ro\/lexikon\/wp-json\/wp\/v2\/product_cat?post=22508"},{"taxonomy":"product_tag","embeddable":true,"href":"https:\/\/uj.adatbank.ro\/lexikon\/wp-json\/wp\/v2\/product_tag?post=22508"}],"curies":[{"name":"wp","href":"https:\/\/api.w.org\/{rel}","templated":true}]}}