{"id":2251,"date":"2025-06-28T12:08:21","date_gmt":"2025-06-28T10:08:21","guid":{"rendered":"https:\/\/uj.adatbank.ro\/lexikon\/termek\/banyai-szekely-lazar-magybanyai\/"},"modified":"2025-06-28T12:08:21","modified_gmt":"2025-06-28T10:08:21","slug":"banyai-szekely-lazar-magybanyai","status":"publish","type":"product","link":"https:\/\/uj.adatbank.ro\/lexikon\/termek\/banyai-szekely-lazar-magybanyai\/","title":{"rendered":"B\u00c1NYAI SZ\u00c9KELY L\u00e1z\u00e1r, magyb\u00e1nyai"},"content":{"rendered":"<p>? \u2020\u00a0? : szen\u00e1tor. \u2013 Mv. els\u0151 lev\u00e9lt\u00e1rosa, aki egyben az esk\u00fcdt k\u00f6z\u00f6ns\u00e9g sz\u00f3sz\u00f3l\u00f3ja is (1770). V\u00e1rosi szen\u00e1tor (1798\u2013). <br \/><strong>Irod.:<\/strong> Orb\u00e1n J\u00e1nos: A Kir\u00e1lyi T\u00e1bla els\u0151 k\u00e9t mv.-i sz\u00e9kh\u00e1za = St\u00edlusok, m\u0171vek, mesterek; P\u00e1l-Antal 2006, P\u00e1l-Antal 2009<\/br><\/p>\n","protected":false},"excerpt":{"rendered":"<p>? \u2020\u00a0? : szen\u00e1tor. \u2013 Mv. els\u0151 lev\u00e9lt\u00e1rosa, aki egyben az esk\u00fcdt k\u00f6z\u00f6ns\u00e9g sz\u00f3sz\u00f3l\u00f3ja is (1770). V\u00e1rosi szen\u00e1tor (1798\u2013). Irod.: Orb\u00e1n J\u00e1nos: A Kir\u00e1lyi T\u00e1bla els\u0151 k\u00e9t mv.-i sz\u00e9kh\u00e1za = St\u00edlusok, m\u0171vek, mesterek; P\u00e1l-Antal 2006, P\u00e1l-Antal 2009<\/p>\n","protected":false},"featured_media":0,"comment_status":"open","ping_status":"closed","template":"","meta":[],"product_brand":[],"product_cat":[137],"product_tag":[],"class_list":{"0":"post-2251","1":"product","2":"type-product","3":"status-publish","5":"product_cat-maros-megyei-eletrajzi-lexikon","7":"first","8":"instock","9":"shipping-taxable","10":"product-type-simple"},"_links":{"self":[{"href":"https:\/\/uj.adatbank.ro\/lexikon\/wp-json\/wp\/v2\/product\/2251","targetHints":{"allow":["GET"]}}],"collection":[{"href":"https:\/\/uj.adatbank.ro\/lexikon\/wp-json\/wp\/v2\/product"}],"about":[{"href":"https:\/\/uj.adatbank.ro\/lexikon\/wp-json\/wp\/v2\/types\/product"}],"replies":[{"embeddable":true,"href":"https:\/\/uj.adatbank.ro\/lexikon\/wp-json\/wp\/v2\/comments?post=2251"}],"wp:attachment":[{"href":"https:\/\/uj.adatbank.ro\/lexikon\/wp-json\/wp\/v2\/media?parent=2251"}],"wp:term":[{"taxonomy":"product_brand","embeddable":true,"href":"https:\/\/uj.adatbank.ro\/lexikon\/wp-json\/wp\/v2\/product_brand?post=2251"},{"taxonomy":"product_cat","embeddable":true,"href":"https:\/\/uj.adatbank.ro\/lexikon\/wp-json\/wp\/v2\/product_cat?post=2251"},{"taxonomy":"product_tag","embeddable":true,"href":"https:\/\/uj.adatbank.ro\/lexikon\/wp-json\/wp\/v2\/product_tag?post=2251"}],"curies":[{"name":"wp","href":"https:\/\/api.w.org\/{rel}","templated":true}]}}