{"id":22513,"date":"2025-07-22T20:03:57","date_gmt":"2025-07-22T18:03:57","guid":{"rendered":"https:\/\/uj.adatbank.ro\/lexikon\/termek\/szonyi-geza\/"},"modified":"2025-07-22T20:03:57","modified_gmt":"2025-07-22T18:03:57","slug":"szonyi-geza","status":"publish","type":"product","link":"https:\/\/uj.adatbank.ro\/lexikon\/termek\/szonyi-geza\/","title":{"rendered":"SZ\u0150NYI G\u00e9za"},"content":{"rendered":"<p>1887., \u2020\u00a01967: ref. lelk\u00e9sz. \u2013 Seg\u00e9dlelk\u00e9sz T\u00f6vis, Zsib\u00f3, Radn\u00f3t gy\u00fclekezetekben (1910\u201311), K\u00fck\u00fcll\u0151alm\u00e1s (1912), D\u00e1nya (1913) \u00e9s K\u00fck\u00fcll\u0151v\u00e1r (1916) k\u00f6vetkezett szolg\u00e1lat\u00e1ban (1949-ig), majd elhagyta hivat\u00e1s\u00e1t. <br \/><strong>Irod.:<\/strong> Cs\u00e1ky.<\/br><\/p>\n","protected":false},"excerpt":{"rendered":"<p>1887., \u2020\u00a01967: ref. lelk\u00e9sz. \u2013 Seg\u00e9dlelk\u00e9sz T\u00f6vis, Zsib\u00f3, Radn\u00f3t gy\u00fclekezetekben (1910\u201311), K\u00fck\u00fcll\u0151alm\u00e1s (1912), D\u00e1nya (1913) \u00e9s K\u00fck\u00fcll\u0151v\u00e1r (1916) k\u00f6vetkezett szolg\u00e1lat\u00e1ban (1949-ig), majd elhagyta hivat\u00e1s\u00e1t. Irod.: Cs\u00e1ky.<\/p>\n","protected":false},"featured_media":0,"comment_status":"open","ping_status":"closed","template":"","meta":[],"product_brand":[],"product_cat":[137],"product_tag":[],"class_list":{"0":"post-22513","1":"product","2":"type-product","3":"status-publish","5":"product_cat-maros-megyei-eletrajzi-lexikon","7":"first","8":"instock","9":"shipping-taxable","10":"product-type-simple"},"_links":{"self":[{"href":"https:\/\/uj.adatbank.ro\/lexikon\/wp-json\/wp\/v2\/product\/22513","targetHints":{"allow":["GET"]}}],"collection":[{"href":"https:\/\/uj.adatbank.ro\/lexikon\/wp-json\/wp\/v2\/product"}],"about":[{"href":"https:\/\/uj.adatbank.ro\/lexikon\/wp-json\/wp\/v2\/types\/product"}],"replies":[{"embeddable":true,"href":"https:\/\/uj.adatbank.ro\/lexikon\/wp-json\/wp\/v2\/comments?post=22513"}],"wp:attachment":[{"href":"https:\/\/uj.adatbank.ro\/lexikon\/wp-json\/wp\/v2\/media?parent=22513"}],"wp:term":[{"taxonomy":"product_brand","embeddable":true,"href":"https:\/\/uj.adatbank.ro\/lexikon\/wp-json\/wp\/v2\/product_brand?post=22513"},{"taxonomy":"product_cat","embeddable":true,"href":"https:\/\/uj.adatbank.ro\/lexikon\/wp-json\/wp\/v2\/product_cat?post=22513"},{"taxonomy":"product_tag","embeddable":true,"href":"https:\/\/uj.adatbank.ro\/lexikon\/wp-json\/wp\/v2\/product_tag?post=22513"}],"curies":[{"name":"wp","href":"https:\/\/api.w.org\/{rel}","templated":true}]}}