{"id":22517,"date":"2025-07-22T20:04:07","date_gmt":"2025-07-22T18:04:07","guid":{"rendered":"https:\/\/uj.adatbank.ro\/lexikon\/termek\/szorcsey-jozsef\/"},"modified":"2025-07-22T20:04:07","modified_gmt":"2025-07-22T18:04:07","slug":"szorcsey-jozsef","status":"publish","type":"product","link":"https:\/\/uj.adatbank.ro\/lexikon\/termek\/szorcsey-jozsef\/","title":{"rendered":"SZ\u00d6RCSEY J\u00f3zsef"},"content":{"rendered":"<p>? \u2020?: v\u00e1llalkoz\u00f3. \u2013 Felsz\u00e1molt\u00e1k Mv.-en az Erd\u00e9lyr\u00e9szi Parcell\u00e1z\u00f3 Bankot, amelynek tulajdonosa volt (1913), sz\u00e1szr\u00e9geni t\u0151k\u00e9vel m\u0171k\u00f6d\u00f6tt, g\u00e9pekkel \u00e9s irodai berendez\u00e9sekkel is kereskedett. <br \/><strong>Irod.:<\/strong> Id\u0151t\u00e1r 2.<\/br><\/p>\n","protected":false},"excerpt":{"rendered":"<p>? \u2020?: v\u00e1llalkoz\u00f3. \u2013 Felsz\u00e1molt\u00e1k Mv.-en az Erd\u00e9lyr\u00e9szi Parcell\u00e1z\u00f3 Bankot, amelynek tulajdonosa volt (1913), sz\u00e1szr\u00e9geni t\u0151k\u00e9vel m\u0171k\u00f6d\u00f6tt, g\u00e9pekkel \u00e9s irodai berendez\u00e9sekkel is kereskedett. Irod.: Id\u0151t\u00e1r 2.<\/p>\n","protected":false},"featured_media":0,"comment_status":"open","ping_status":"closed","template":"","meta":[],"product_brand":[],"product_cat":[137],"product_tag":[],"class_list":{"0":"post-22517","1":"product","2":"type-product","3":"status-publish","5":"product_cat-maros-megyei-eletrajzi-lexikon","7":"first","8":"instock","9":"shipping-taxable","10":"product-type-simple"},"_links":{"self":[{"href":"https:\/\/uj.adatbank.ro\/lexikon\/wp-json\/wp\/v2\/product\/22517","targetHints":{"allow":["GET"]}}],"collection":[{"href":"https:\/\/uj.adatbank.ro\/lexikon\/wp-json\/wp\/v2\/product"}],"about":[{"href":"https:\/\/uj.adatbank.ro\/lexikon\/wp-json\/wp\/v2\/types\/product"}],"replies":[{"embeddable":true,"href":"https:\/\/uj.adatbank.ro\/lexikon\/wp-json\/wp\/v2\/comments?post=22517"}],"wp:attachment":[{"href":"https:\/\/uj.adatbank.ro\/lexikon\/wp-json\/wp\/v2\/media?parent=22517"}],"wp:term":[{"taxonomy":"product_brand","embeddable":true,"href":"https:\/\/uj.adatbank.ro\/lexikon\/wp-json\/wp\/v2\/product_brand?post=22517"},{"taxonomy":"product_cat","embeddable":true,"href":"https:\/\/uj.adatbank.ro\/lexikon\/wp-json\/wp\/v2\/product_cat?post=22517"},{"taxonomy":"product_tag","embeddable":true,"href":"https:\/\/uj.adatbank.ro\/lexikon\/wp-json\/wp\/v2\/product_tag?post=22517"}],"curies":[{"name":"wp","href":"https:\/\/api.w.org\/{rel}","templated":true}]}}