{"id":22520,"date":"2025-07-22T20:04:14","date_gmt":"2025-07-22T18:04:14","guid":{"rendered":"https:\/\/uj.adatbank.ro\/lexikon\/termek\/szortsei-andor-endre\/"},"modified":"2025-07-22T20:04:14","modified_gmt":"2025-07-22T18:04:14","slug":"szortsei-andor-endre","status":"publish","type":"product","link":"https:\/\/uj.adatbank.ro\/lexikon\/termek\/szortsei-andor-endre\/","title":{"rendered":"SZ\u00d6RTSEI Andor, Endre"},"content":{"rendered":"<p>? \u2020?: dr. p\u00e9nz\u00fcgyi tan\u00e1csos. \u2013 Mv.-en p\u00e9nz\u00fcgyi tan\u00e1csos volt (1941), a v\u00e1ros meghat\u00e1roz\u00f3 szem\u00e9lyis\u00e9ge. A Mv.-i Kaszin\u00f3 v\u00e1lasztm\u00e1nyi tagja (1947) <br \/><strong>Irod.:<\/strong> De\u00e9 Nagy Anik\u00f3 2007; Id\u0151t\u00e1r 3.<\/br><\/p>\n","protected":false},"excerpt":{"rendered":"<p>? \u2020?: dr. p\u00e9nz\u00fcgyi tan\u00e1csos. \u2013 Mv.-en p\u00e9nz\u00fcgyi tan\u00e1csos volt (1941), a v\u00e1ros meghat\u00e1roz\u00f3 szem\u00e9lyis\u00e9ge. A Mv.-i Kaszin\u00f3 v\u00e1lasztm\u00e1nyi tagja (1947) Irod.: De\u00e9 Nagy Anik\u00f3 2007; Id\u0151t\u00e1r 3.<\/p>\n","protected":false},"featured_media":0,"comment_status":"open","ping_status":"closed","template":"","meta":[],"product_brand":[],"product_cat":[137],"product_tag":[],"class_list":{"0":"post-22520","1":"product","2":"type-product","3":"status-publish","5":"product_cat-maros-megyei-eletrajzi-lexikon","7":"first","8":"instock","9":"shipping-taxable","10":"product-type-simple"},"_links":{"self":[{"href":"https:\/\/uj.adatbank.ro\/lexikon\/wp-json\/wp\/v2\/product\/22520","targetHints":{"allow":["GET"]}}],"collection":[{"href":"https:\/\/uj.adatbank.ro\/lexikon\/wp-json\/wp\/v2\/product"}],"about":[{"href":"https:\/\/uj.adatbank.ro\/lexikon\/wp-json\/wp\/v2\/types\/product"}],"replies":[{"embeddable":true,"href":"https:\/\/uj.adatbank.ro\/lexikon\/wp-json\/wp\/v2\/comments?post=22520"}],"wp:attachment":[{"href":"https:\/\/uj.adatbank.ro\/lexikon\/wp-json\/wp\/v2\/media?parent=22520"}],"wp:term":[{"taxonomy":"product_brand","embeddable":true,"href":"https:\/\/uj.adatbank.ro\/lexikon\/wp-json\/wp\/v2\/product_brand?post=22520"},{"taxonomy":"product_cat","embeddable":true,"href":"https:\/\/uj.adatbank.ro\/lexikon\/wp-json\/wp\/v2\/product_cat?post=22520"},{"taxonomy":"product_tag","embeddable":true,"href":"https:\/\/uj.adatbank.ro\/lexikon\/wp-json\/wp\/v2\/product_tag?post=22520"}],"curies":[{"name":"wp","href":"https:\/\/api.w.org\/{rel}","templated":true}]}}