{"id":22521,"date":"2025-07-22T20:04:16","date_gmt":"2025-07-22T18:04:16","guid":{"rendered":"https:\/\/uj.adatbank.ro\/lexikon\/termek\/szortsey-adam-szorcsei\/"},"modified":"2025-07-22T20:04:16","modified_gmt":"2025-07-22T18:04:16","slug":"szortsey-adam-szorcsei","status":"publish","type":"product","link":"https:\/\/uj.adatbank.ro\/lexikon\/termek\/szortsey-adam-szorcsei\/","title":{"rendered":"SZ\u00d6RTSEY \u00c1d\u00e1m, sz\u00f6rcsei"},"content":{"rendered":"<p>? \u2020?: ? \u2013 Feles\u00e9ge: k\u00e1\u00e1li Nagy Ter\u00e9z. Gyermekeik: G\u00e1sp\u00e1r, G\u00e1bor, J\u00f3zsef tanul\u00f3 (1851. \u2013 Mv., 1864. aug. 9.). <br \/><strong>Irod.:<\/strong> Gy\u00e1szjelent\u0151.<\/br><\/p>\n","protected":false},"excerpt":{"rendered":"<p>? \u2020?: ? \u2013 Feles\u00e9ge: k\u00e1\u00e1li Nagy Ter\u00e9z. Gyermekeik: G\u00e1sp\u00e1r, G\u00e1bor, J\u00f3zsef tanul\u00f3 (1851. \u2013 Mv., 1864. aug. 9.). Irod.: Gy\u00e1szjelent\u0151.<\/p>\n","protected":false},"featured_media":0,"comment_status":"open","ping_status":"closed","template":"","meta":[],"product_brand":[],"product_cat":[137],"product_tag":[],"class_list":{"0":"post-22521","1":"product","2":"type-product","3":"status-publish","5":"product_cat-maros-megyei-eletrajzi-lexikon","7":"first","8":"instock","9":"shipping-taxable","10":"product-type-simple"},"_links":{"self":[{"href":"https:\/\/uj.adatbank.ro\/lexikon\/wp-json\/wp\/v2\/product\/22521","targetHints":{"allow":["GET"]}}],"collection":[{"href":"https:\/\/uj.adatbank.ro\/lexikon\/wp-json\/wp\/v2\/product"}],"about":[{"href":"https:\/\/uj.adatbank.ro\/lexikon\/wp-json\/wp\/v2\/types\/product"}],"replies":[{"embeddable":true,"href":"https:\/\/uj.adatbank.ro\/lexikon\/wp-json\/wp\/v2\/comments?post=22521"}],"wp:attachment":[{"href":"https:\/\/uj.adatbank.ro\/lexikon\/wp-json\/wp\/v2\/media?parent=22521"}],"wp:term":[{"taxonomy":"product_brand","embeddable":true,"href":"https:\/\/uj.adatbank.ro\/lexikon\/wp-json\/wp\/v2\/product_brand?post=22521"},{"taxonomy":"product_cat","embeddable":true,"href":"https:\/\/uj.adatbank.ro\/lexikon\/wp-json\/wp\/v2\/product_cat?post=22521"},{"taxonomy":"product_tag","embeddable":true,"href":"https:\/\/uj.adatbank.ro\/lexikon\/wp-json\/wp\/v2\/product_tag?post=22521"}],"curies":[{"name":"wp","href":"https:\/\/api.w.org\/{rel}","templated":true}]}}