{"id":22525,"date":"2025-07-22T20:04:27","date_gmt":"2025-07-22T18:04:27","guid":{"rendered":"https:\/\/uj.adatbank.ro\/lexikon\/termek\/szots-alexander\/"},"modified":"2025-07-22T20:04:27","modified_gmt":"2025-07-22T18:04:27","slug":"szots-alexander","status":"publish","type":"product","link":"https:\/\/uj.adatbank.ro\/lexikon\/termek\/szots-alexander\/","title":{"rendered":"SZ\u0150TS Alexander"},"content":{"rendered":"<p>? \u2020?: g. kat. pap. \u2013 Ioan Bob p\u00fcsp\u00f6k Marostelekbe helyezte szolg\u00e1lni (1827. aug. 31. \u2013 1842-ben m\u00e9g ott volt).). \u2013 <strong>F. m.<\/strong>: anatol\u00f3g. Sz\u00edve ki\u00f6ml\u00e9se a\u2019 Maros V\u00e1s\u00e1rhelyi Ref. Koll\u00e9gyomb\u00e9li ifi\u00fas\u00e1g\u00e1nak egy kedves attya hal\u00e1l\u00e1n [Gr. Kem\u00e9ny Mikl\u00f3s]. (Mv., 1829) <br \/><strong>Irod.:<\/strong> F\u00fcl\u00f6p\u2013Ferencz; Dobozi.<\/br><\/p>\n","protected":false},"excerpt":{"rendered":"<p>? \u2020?: g. kat. pap. \u2013 Ioan Bob p\u00fcsp\u00f6k Marostelekbe helyezte szolg\u00e1lni (1827. aug. 31. \u2013 1842-ben m\u00e9g ott volt).). \u2013 F. m.: anatol\u00f3g. Sz\u00edve ki\u00f6ml\u00e9se a\u2019 Maros V\u00e1s\u00e1rhelyi Ref. Koll\u00e9gyomb\u00e9li ifi\u00fas\u00e1g\u00e1nak egy kedves attya hal\u00e1l\u00e1n [Gr. Kem\u00e9ny Mikl\u00f3s]. (Mv., 1829) Irod.: F\u00fcl\u00f6p\u2013Ferencz; Dobozi.<\/p>\n","protected":false},"featured_media":0,"comment_status":"open","ping_status":"closed","template":"","meta":[],"product_brand":[],"product_cat":[137],"product_tag":[],"class_list":{"0":"post-22525","1":"product","2":"type-product","3":"status-publish","5":"product_cat-maros-megyei-eletrajzi-lexikon","7":"first","8":"instock","9":"shipping-taxable","10":"product-type-simple"},"_links":{"self":[{"href":"https:\/\/uj.adatbank.ro\/lexikon\/wp-json\/wp\/v2\/product\/22525","targetHints":{"allow":["GET"]}}],"collection":[{"href":"https:\/\/uj.adatbank.ro\/lexikon\/wp-json\/wp\/v2\/product"}],"about":[{"href":"https:\/\/uj.adatbank.ro\/lexikon\/wp-json\/wp\/v2\/types\/product"}],"replies":[{"embeddable":true,"href":"https:\/\/uj.adatbank.ro\/lexikon\/wp-json\/wp\/v2\/comments?post=22525"}],"wp:attachment":[{"href":"https:\/\/uj.adatbank.ro\/lexikon\/wp-json\/wp\/v2\/media?parent=22525"}],"wp:term":[{"taxonomy":"product_brand","embeddable":true,"href":"https:\/\/uj.adatbank.ro\/lexikon\/wp-json\/wp\/v2\/product_brand?post=22525"},{"taxonomy":"product_cat","embeddable":true,"href":"https:\/\/uj.adatbank.ro\/lexikon\/wp-json\/wp\/v2\/product_cat?post=22525"},{"taxonomy":"product_tag","embeddable":true,"href":"https:\/\/uj.adatbank.ro\/lexikon\/wp-json\/wp\/v2\/product_tag?post=22525"}],"curies":[{"name":"wp","href":"https:\/\/api.w.org\/{rel}","templated":true}]}}