{"id":22534,"date":"2025-07-22T20:04:48","date_gmt":"2025-07-22T18:04:48","guid":{"rendered":"https:\/\/uj.adatbank.ro\/lexikon\/termek\/szots-julia\/"},"modified":"2025-07-22T20:04:48","modified_gmt":"2025-07-22T18:04:48","slug":"szots-julia","status":"publish","type":"product","link":"https:\/\/uj.adatbank.ro\/lexikon\/termek\/szots-julia\/","title":{"rendered":"SZ\u0150TS J\u00falia"},"content":{"rendered":"<p>? \u2020?: h\u00e1zvezet\u0151. \u2013 Bolyai J\u00e1nos h\u00e1ztart\u00e1s\u00e1nak vezet\u00e9s\u00e9t v\u00e1llalta (1853\u201360). Bolyai hal\u00e1lakor \u00e9rtes\u00edtette lev\u00e9lben Bolyai Gergelyt, az \u00f6ccs\u00e9t. 33 \u00e9vvel k\u00e9s\u0151bb (1893) Schmidt Ferencnek megmutatta Bolyai J\u00e1nos jeltelen s\u00edrj\u00e1nak a hely\u00e9t. <br \/><strong>Irod.:<\/strong> Apa \u00e9s fi\u00fa k\u00fczdelme a k\u00f3rokkal: Ol\u00e1h Anna: Bolyai Farkas gy\u00f3gy\u00e1szati munk\u00e1ss\u00e1ga; Vofkori J\u00f3zsef: Bolyai J\u00e1nos betegs\u00e9gei kordokumentumok \u00e9s a modern orvostudom\u00e1ny t\u00fckr\u00e9ben (Mv., 2005).<\/br><\/p>\n","protected":false},"excerpt":{"rendered":"<p>? \u2020?: h\u00e1zvezet\u0151. \u2013 Bolyai J\u00e1nos h\u00e1ztart\u00e1s\u00e1nak vezet\u00e9s\u00e9t v\u00e1llalta (1853\u201360). Bolyai hal\u00e1lakor \u00e9rtes\u00edtette lev\u00e9lben Bolyai Gergelyt, az \u00f6ccs\u00e9t. 33 \u00e9vvel k\u00e9s\u0151bb (1893) Schmidt Ferencnek megmutatta Bolyai J\u00e1nos jeltelen s\u00edrj\u00e1nak a hely\u00e9t. Irod.: Apa \u00e9s fi\u00fa k\u00fczdelme a k\u00f3rokkal: Ol\u00e1h Anna: Bolyai Farkas gy\u00f3gy\u00e1szati munk\u00e1ss\u00e1ga; Vofkori J\u00f3zsef: Bolyai J\u00e1nos betegs\u00e9gei kordokumentumok \u00e9s a modern orvostudom\u00e1ny t\u00fckr\u00e9ben [&hellip;]<\/p>\n","protected":false},"featured_media":0,"comment_status":"open","ping_status":"closed","template":"","meta":[],"product_brand":[],"product_cat":[137],"product_tag":[],"class_list":{"0":"post-22534","1":"product","2":"type-product","3":"status-publish","5":"product_cat-maros-megyei-eletrajzi-lexikon","7":"first","8":"instock","9":"shipping-taxable","10":"product-type-simple"},"_links":{"self":[{"href":"https:\/\/uj.adatbank.ro\/lexikon\/wp-json\/wp\/v2\/product\/22534","targetHints":{"allow":["GET"]}}],"collection":[{"href":"https:\/\/uj.adatbank.ro\/lexikon\/wp-json\/wp\/v2\/product"}],"about":[{"href":"https:\/\/uj.adatbank.ro\/lexikon\/wp-json\/wp\/v2\/types\/product"}],"replies":[{"embeddable":true,"href":"https:\/\/uj.adatbank.ro\/lexikon\/wp-json\/wp\/v2\/comments?post=22534"}],"wp:attachment":[{"href":"https:\/\/uj.adatbank.ro\/lexikon\/wp-json\/wp\/v2\/media?parent=22534"}],"wp:term":[{"taxonomy":"product_brand","embeddable":true,"href":"https:\/\/uj.adatbank.ro\/lexikon\/wp-json\/wp\/v2\/product_brand?post=22534"},{"taxonomy":"product_cat","embeddable":true,"href":"https:\/\/uj.adatbank.ro\/lexikon\/wp-json\/wp\/v2\/product_cat?post=22534"},{"taxonomy":"product_tag","embeddable":true,"href":"https:\/\/uj.adatbank.ro\/lexikon\/wp-json\/wp\/v2\/product_tag?post=22534"}],"curies":[{"name":"wp","href":"https:\/\/api.w.org\/{rel}","templated":true}]}}