{"id":22543,"date":"2025-07-22T20:05:05","date_gmt":"2025-07-22T18:05:05","guid":{"rendered":"https:\/\/uj.adatbank.ro\/lexikon\/termek\/szotyori-anna\/"},"modified":"2025-07-22T20:05:05","modified_gmt":"2025-07-22T18:05:05","slug":"szotyori-anna","status":"publish","type":"product","link":"https:\/\/uj.adatbank.ro\/lexikon\/termek\/szotyori-anna\/","title":{"rendered":"SZOTYORI Anna"},"content":{"rendered":"<p>Mv., 1930. szept.10., \u2020: k\u00e9pz\u0151m\u0171v\u00e9sz, grafikus. F\u00e9rje: Szotyori Ern\u0151, m\u00e9rn\u00f6k (1928 \u2020 Mv., 2017. j\u00fal.2.). Le\u00e1nyuk: Belkovits \u00c9va (1958), m\u00e9rn\u00f6k. \u2013 kv.-on a Ion Andreescu \u00e9s a buk.-i n. N. Grigorescu K\u00e9pz\u0151m\u0171v. F\u00f6iskol\u00e1n v\u00e9gzett (1961). Egy\u00e9ni ki\u00e1llait. Mv.-en (1972, 1975, 1979, 1986, 1992). Sz\u00e9kelyudvarhely (1982), Gyergy\u00f3szentmikl\u00f3s (1983), orsz\u00e1gos ki\u00e1ll. Buk., Hollandia, Bp. (1995), Mv., (1994, 95), Sz\u00e9kelyudvarhely (1995). <br \/><strong>Irod.:<\/strong> Arck\u00e9pcsarnok (Igaz Sz\u00f3, 1972. 11. sz.); EMKK2010.<\/br><\/p>\n","protected":false},"excerpt":{"rendered":"<p>Mv., 1930. szept.10., \u2020: k\u00e9pz\u0151m\u0171v\u00e9sz, grafikus. F\u00e9rje: Szotyori Ern\u0151, m\u00e9rn\u00f6k (1928 \u2020 Mv., 2017. j\u00fal.2.). Le\u00e1nyuk: Belkovits \u00c9va (1958), m\u00e9rn\u00f6k. \u2013 kv.-on a Ion Andreescu \u00e9s a buk.-i n. N. Grigorescu K\u00e9pz\u0151m\u0171v. F\u00f6iskol\u00e1n v\u00e9gzett (1961). Egy\u00e9ni ki\u00e1llait. Mv.-en (1972, 1975, 1979, 1986, 1992). Sz\u00e9kelyudvarhely (1982), Gyergy\u00f3szentmikl\u00f3s (1983), orsz\u00e1gos ki\u00e1ll. Buk., Hollandia, Bp. (1995), Mv., (1994, [&hellip;]<\/p>\n","protected":false},"featured_media":0,"comment_status":"open","ping_status":"closed","template":"","meta":[],"product_brand":[],"product_cat":[137],"product_tag":[],"class_list":{"0":"post-22543","1":"product","2":"type-product","3":"status-publish","5":"product_cat-maros-megyei-eletrajzi-lexikon","7":"first","8":"instock","9":"shipping-taxable","10":"product-type-simple"},"_links":{"self":[{"href":"https:\/\/uj.adatbank.ro\/lexikon\/wp-json\/wp\/v2\/product\/22543","targetHints":{"allow":["GET"]}}],"collection":[{"href":"https:\/\/uj.adatbank.ro\/lexikon\/wp-json\/wp\/v2\/product"}],"about":[{"href":"https:\/\/uj.adatbank.ro\/lexikon\/wp-json\/wp\/v2\/types\/product"}],"replies":[{"embeddable":true,"href":"https:\/\/uj.adatbank.ro\/lexikon\/wp-json\/wp\/v2\/comments?post=22543"}],"wp:attachment":[{"href":"https:\/\/uj.adatbank.ro\/lexikon\/wp-json\/wp\/v2\/media?parent=22543"}],"wp:term":[{"taxonomy":"product_brand","embeddable":true,"href":"https:\/\/uj.adatbank.ro\/lexikon\/wp-json\/wp\/v2\/product_brand?post=22543"},{"taxonomy":"product_cat","embeddable":true,"href":"https:\/\/uj.adatbank.ro\/lexikon\/wp-json\/wp\/v2\/product_cat?post=22543"},{"taxonomy":"product_tag","embeddable":true,"href":"https:\/\/uj.adatbank.ro\/lexikon\/wp-json\/wp\/v2\/product_tag?post=22543"}],"curies":[{"name":"wp","href":"https:\/\/api.w.org\/{rel}","templated":true}]}}