{"id":22545,"date":"2025-07-22T20:05:12","date_gmt":"2025-07-22T18:05:12","guid":{"rendered":"https:\/\/uj.adatbank.ro\/lexikon\/termek\/szotyori-jozsef-%c2%a7-szotyori-szotyory\/"},"modified":"2025-07-22T20:05:12","modified_gmt":"2025-07-22T18:05:12","slug":"szotyori-jozsef-%c2%a7-szotyori-szotyory","status":"publish","type":"product","link":"https:\/\/uj.adatbank.ro\/lexikon\/termek\/szotyori-jozsef-%c2%a7-szotyori-szotyory\/","title":{"rendered":"SZOTYORI J\u00f3zsef, \u00a7 szotyori; Szotyory"},"content":{"rendered":"<p>Nagyenyed, 1767., \u2020 Mv., 1833. okt. 30. s\u00edrja a mv.-i Ref.temet\u0151ben: orvos. \u2013 Feles\u00e9ge: Marusi Anna (1786? \u2013 Mv., 1860. febr. 22.). Tanult Nagyenyeden \u2013 v\u00e9grendelet\u00e9ben megeml\u00edti, hogy tanulm\u00e1nyait csak szolgadi\u00e1kk\u00e9nt tudta elv\u00e9gezni. Beiratkozott a b\u00e9csi egyetemre (1795) Teleki Mih\u00e1ly anyagi t\u00e1mogat\u00e1s\u00e1val, ahol orvos- \u00e9s seb\u00e9szdoktori oklevelet szerzett (1800 nov. 19). Mv.-en telepedett le (1801 \u00e1pr. 21), \u00e9s a v\u00e1ros polg\u00e1rai k\u00f6z\u00e9 fogadt\u00e1k (1805). Mv. f\u0151orvosa 33 \u00e9vig. \u0150 volt a v\u00e1ros legk\u00e9pzettebb orvosa. A k\u00f6rny\u00e9k betegei lev\u00e9lben is felkerest\u00e9k. \u00c9l\u00e9nk levelez\u00e9st folytatott, orvosi tan\u00e1csokat adott, gy\u00f3gyszert k\u00fcld\u00f6tt az arra r\u00e1szorul\u00f3knak. A v\u00e1ros els\u0151 k\u00f3rh\u00e1z\u00e1nak l\u00e9trehoz\u00f3ja (1812. jan. 21). \u00c1tvette Gecse D\u00e1nielt\u0151l a mv.-i k\u00f3rh\u00e1z vezet\u00e9s\u00e9t, de betegesked\u00e9se miatt Cs\u00edki J\u00e1nos helyettes\u00edtette. A mv.-i Orsz\u00e1gos Polg\u00e1ri K\u00f3rh\u00e1z gondolata m\u00e1r a Nyelvm\u0171vel\u0151 T\u00e1rsas\u00e1gban is felmer\u00fclt s hogy val\u00f3ra v\u00e1lt az \u0151 \u00e9rdeme. Mag\u00e1npraxist folytatott csup\u00e1n Gecse D\u00e1niel hal\u00e1la ut\u00e1n v\u00e1llalta el az \u00e1ltala alap\u00edtott Polg\u00e1ri Gy\u00f3gyint\u00e9zet vezet\u00e9s\u00e9t (1824). A Jenner-f\u00e9le olt\u00e1ssal B\u00e9csben ismerkedett meg. Erd\u00e9lyben els\u0151k\u00e9nt vezette be a b\u00e1r\u00e1nyhiml\u0151 elleni olt\u00e1st. Bolyai Farkas feles\u00e9g\u00e9t, Benk\u0151 Zsuzsann\u00e1t \u00e9s D\u00f3sa Imr\u00e9t is beoltotta (1801). Munk\u00e1j\u00e1r\u00f3l napl\u00f3t vezetett \u00e9s negyedsz\u00e1zad m\u00falva besz\u00e1molt arr\u00f3l a Tudom\u00e1nyos Gy\u0171jtem\u00e9nyben (1826). \u00c9lete v\u00e9ge fel\u00e9 bontakozott ki n\u00e9pszer\u0171s\u00edt\u0151 eg\u00e9szs\u00e9g\u00fcgyi munk\u00e1ss\u00e1ga. Meg\u00edrta a Dietetikai r\u00f6vid katek\u00e9zist \u00e9s annak magyar\u00e1z\u00f3 sz\u00f6veg\u00e9t Katekheta c., majd a gy\u00f3gyint\u00e9zet r\u00f6vid t\u00f6rt\u00e9net\u00e9t. Cikkei a Tud. Gy\u00fcjtem\u00e9nyben, az Orvosi T\u00e1rban jelentek meg. Bar\u00e1ti \u00f6sszek\u00f6ttet\u00e9st tartott fenn gr. Teleki S\u00e1muellel; Gecse D\u00e1niel v\u00e9grendelete \u00e9rtelm\u00e9ben az Emberszereteti Int\u00e9zet adminisztr\u00e1ci\u00f3s bizotts\u00e1g\u00e1nak tev\u00e9keny tagja. Orvosi m\u0171szavak alkot\u00e1s\u00e1val is pr\u00f3b\u00e1lkozott a Nyelvm\u0171vel\u0151 T\u00e1rsas\u00e1g hat\u00e1s\u00e1ra. V\u00e9grendelete szerint mv.-i h\u00e1z\u00e1t a Ref. Koll.-nak hagyta, mely elad\u00e1sa ut\u00e1ni kamatokb\u00f3l k\u00e9t orvosn\u00f6vend\u00e9ket k\u00fcldjenek \u00e9vente k\u00fclf\u00f6ldi egyetemre, az egyik nagyenyedi a m\u00e1sik mv.-i legyen, 509 m\u0171 933 k\u00f6tetb\u0151l \u00e1ll\u00f3 k\u00f6nyvt\u00e1r\u00e1t szint\u00e9n a Ref. Koll.-ra hagyta. Meghagyta, hogy orvosi m\u0171szereit, szakk\u00f6nyveit a k\u00f3rh\u00e1z orvosai haszn\u00e1lhass\u00e1k. Mv.-en utca viseli a nev\u00e9t (2010\u2013). \u2013 <strong>F. m.<\/strong>: Di\u00e9teticai r\u00f6vid kath\u00e9k\u00e9zis, mellyet az erd\u00e9lyorsz\u00e1gi reformatum m\u00e9lt\u00f3s\u00e1gos f\u0151konsistorium rendel\u00e9s\u00e9b\u0151l, a v\u00e1rosi als\u00f3bb \u00e9s falusi oskol\u00e1k sz\u00e1m\u00e1ra olvas\u00f3 k\u00e9zi-k\u00f6nyvnek \u00edrt. (Kv., 1830; II. megjobb\u00edtott kiad\u00e1s Mv., 1831); Katekheta azaz: A Dietetikai r\u00f6vid kath\u00e9k\u00e9zis magyar\u00e1z\u00f3ja; sz\u00fcl\u00e9k, tan\u00edt\u00f3k s \u00e1ltalj\u00e1ban feln\u0151ttek sz\u00e1m\u00e1ra. K\u00e9t \u00e9rtekez\u00e9ssel egy\u00fctt az \u00c9letr\u0151l \u00e9s a Savany\u00fa vizekr\u0151l k\u00e9sz\u00edtette (Mv., 1832); A marosv\u00e1s\u00e1rhelyi orsz\u00e1gos polg\u00e1ri gy\u00f3gyint\u00e9zet eredet\u00e9nek s fel\u00e1ll\u00edt\u00e1s\u00e1nak r\u00f6vid \u00e9s igaz t\u00f6rt\u00e9net\u00edr\u00e1sa (Mv., 1833). <br \/><strong>Irod.:<\/strong> Apa \u00e9s fi\u00fa k\u00fczdelme a k\u00f3rokkal: Ol\u00e1h Anna: Bolyai Farkas gy\u00f3gy\u00e1szati munk\u00e1ss\u00e1ga; Csekme; De\u00e9 Nagy Anik\u00f3: A k\u00f6nyves Mv.: (N\u00fa., 1997. j\u00fan.25.); D\u00f6rnyei; Fodor Ferenc 2000; Gy\u00e1szjelent\u0151; Gy\u0151ry; Id\u0151t\u00e1r 1; Koncz; Koncz J.; Kr\u00f3n. F\u00fcz. (1939. 4\/4); Magyar\u00f3si Gy\u00f6rgy: A mv.-i k\u00f3rh\u00e1z t\u00f6rt\u00e9nete = Barab\u00e1s-P\u00e9ter M.-P\u00e9ter H.M.; Man: Tg. M.; Mv.-Bal\u00e1s; P\u00e1l-Antal 2006; P\u00e1l-Antal 2009; P\u00e1l Antal S\u00e1ndor: K\u00f6zeg\u00e9szs\u00e9g\u00fcgy \u00e9s szoci\u00e1lis gondoskod\u00e1s a 18\u201319. sz\u00e1zadi Mv.-en (N\u00fa., Sz\u00ednes Vil\u00e1g, 2010. m\u00e1j. 29.); P\u00e1lmay J\u00f3zsef; Spielmann: A hazai orvostud.; Szinnyei; Szinnyei J.; Szinnyei J-Sz.J.; V\u00e1rter\u00e9sz Istv\u00e1n: A k\u00f3rh\u00e1zalap\u00edt\u00f3 Szotyori J\u00f3zsef (\u00daj \u00c9let, 18. sz. 1973); Todea; Vofkori J\u00f3zsef: Bolyai J\u00e1nos betegs\u00e9gei kordokumentumok \u00e9s a modern orvostudom\u00e1ny t\u00fckr\u00e9ben (Mv., 2005).<\/br><\/p>\n","protected":false},"excerpt":{"rendered":"<p>Nagyenyed, 1767., \u2020 Mv., 1833. okt. 30. s\u00edrja a mv.-i Ref.temet\u0151ben: orvos. \u2013 Feles\u00e9ge: Marusi Anna (1786? \u2013 Mv., 1860. febr. 22.). Tanult Nagyenyeden \u2013 v\u00e9grendelet\u00e9ben megeml\u00edti, hogy tanulm\u00e1nyait csak szolgadi\u00e1kk\u00e9nt tudta elv\u00e9gezni. Beiratkozott a b\u00e9csi egyetemre (1795) Teleki Mih\u00e1ly anyagi t\u00e1mogat\u00e1s\u00e1val, ahol orvos- \u00e9s seb\u00e9szdoktori oklevelet szerzett (1800 nov. 19). Mv.-en telepedett le (1801 [&hellip;]<\/p>\n","protected":false},"featured_media":0,"comment_status":"open","ping_status":"closed","template":"","meta":[],"product_brand":[],"product_cat":[137],"product_tag":[],"class_list":{"0":"post-22545","1":"product","2":"type-product","3":"status-publish","5":"product_cat-maros-megyei-eletrajzi-lexikon","7":"first","8":"instock","9":"shipping-taxable","10":"product-type-simple"},"_links":{"self":[{"href":"https:\/\/uj.adatbank.ro\/lexikon\/wp-json\/wp\/v2\/product\/22545","targetHints":{"allow":["GET"]}}],"collection":[{"href":"https:\/\/uj.adatbank.ro\/lexikon\/wp-json\/wp\/v2\/product"}],"about":[{"href":"https:\/\/uj.adatbank.ro\/lexikon\/wp-json\/wp\/v2\/types\/product"}],"replies":[{"embeddable":true,"href":"https:\/\/uj.adatbank.ro\/lexikon\/wp-json\/wp\/v2\/comments?post=22545"}],"wp:attachment":[{"href":"https:\/\/uj.adatbank.ro\/lexikon\/wp-json\/wp\/v2\/media?parent=22545"}],"wp:term":[{"taxonomy":"product_brand","embeddable":true,"href":"https:\/\/uj.adatbank.ro\/lexikon\/wp-json\/wp\/v2\/product_brand?post=22545"},{"taxonomy":"product_cat","embeddable":true,"href":"https:\/\/uj.adatbank.ro\/lexikon\/wp-json\/wp\/v2\/product_cat?post=22545"},{"taxonomy":"product_tag","embeddable":true,"href":"https:\/\/uj.adatbank.ro\/lexikon\/wp-json\/wp\/v2\/product_tag?post=22545"}],"curies":[{"name":"wp","href":"https:\/\/api.w.org\/{rel}","templated":true}]}}