{"id":22546,"date":"2025-07-22T20:05:14","date_gmt":"2025-07-22T18:05:14","guid":{"rendered":"https:\/\/uj.adatbank.ro\/lexikon\/termek\/szotyori-mariska\/"},"modified":"2025-07-22T20:05:14","modified_gmt":"2025-07-22T18:05:14","slug":"szotyori-mariska","status":"publish","type":"product","link":"https:\/\/uj.adatbank.ro\/lexikon\/termek\/szotyori-mariska\/","title":{"rendered":"SZOTYORI Mariska"},"content":{"rendered":"<p>? \u2020?: fels\u0151kereskedelmi iskolai tan\u00e1r. \u2013 Amikor a K\u00f6zoktat\u00e1si Miniszt\u00e9rium megsz\u00fcntette a Fels\u0151kereskedelmi Iskola n\u0151i tagozat\u00e1t, munkan\u00e9lk\u00fcli lett (1931). <br \/><strong>Irod.:<\/strong> Id\u0151t\u00e1r 3.<\/br><\/p>\n","protected":false},"excerpt":{"rendered":"<p>? \u2020?: fels\u0151kereskedelmi iskolai tan\u00e1r. \u2013 Amikor a K\u00f6zoktat\u00e1si Miniszt\u00e9rium megsz\u00fcntette a Fels\u0151kereskedelmi Iskola n\u0151i tagozat\u00e1t, munkan\u00e9lk\u00fcli lett (1931). Irod.: Id\u0151t\u00e1r 3.<\/p>\n","protected":false},"featured_media":0,"comment_status":"open","ping_status":"closed","template":"","meta":[],"product_brand":[],"product_cat":[137],"product_tag":[],"class_list":{"0":"post-22546","1":"product","2":"type-product","3":"status-publish","5":"product_cat-maros-megyei-eletrajzi-lexikon","7":"first","8":"instock","9":"shipping-taxable","10":"product-type-simple"},"_links":{"self":[{"href":"https:\/\/uj.adatbank.ro\/lexikon\/wp-json\/wp\/v2\/product\/22546","targetHints":{"allow":["GET"]}}],"collection":[{"href":"https:\/\/uj.adatbank.ro\/lexikon\/wp-json\/wp\/v2\/product"}],"about":[{"href":"https:\/\/uj.adatbank.ro\/lexikon\/wp-json\/wp\/v2\/types\/product"}],"replies":[{"embeddable":true,"href":"https:\/\/uj.adatbank.ro\/lexikon\/wp-json\/wp\/v2\/comments?post=22546"}],"wp:attachment":[{"href":"https:\/\/uj.adatbank.ro\/lexikon\/wp-json\/wp\/v2\/media?parent=22546"}],"wp:term":[{"taxonomy":"product_brand","embeddable":true,"href":"https:\/\/uj.adatbank.ro\/lexikon\/wp-json\/wp\/v2\/product_brand?post=22546"},{"taxonomy":"product_cat","embeddable":true,"href":"https:\/\/uj.adatbank.ro\/lexikon\/wp-json\/wp\/v2\/product_cat?post=22546"},{"taxonomy":"product_tag","embeddable":true,"href":"https:\/\/uj.adatbank.ro\/lexikon\/wp-json\/wp\/v2\/product_tag?post=22546"}],"curies":[{"name":"wp","href":"https:\/\/api.w.org\/{rel}","templated":true}]}}