{"id":22549,"date":"2025-07-22T20:05:21","date_gmt":"2025-07-22T18:05:21","guid":{"rendered":"https:\/\/uj.adatbank.ro\/lexikon\/termek\/szoverdi-balint\/"},"modified":"2025-07-22T20:05:21","modified_gmt":"2025-07-22T18:05:21","slug":"szoverdi-balint","status":"publish","type":"product","link":"https:\/\/uj.adatbank.ro\/lexikon\/termek\/szoverdi-balint\/","title":{"rendered":"SZ\u00d6V\u00c9RDI B\u00e1lint"},"content":{"rendered":"<p>? \u2020?: marossz\u00e9ki nemes. \u2013 Erd\u00e9ly \u00e9s Mo. elnyomott szabads\u00e1ga v\u00e9delm\u00e9ben M\u00e1ty\u00e1s kir. ellen sz\u00f6vetkezett, Szentgy\u00f6rgyi \u00e9s Bazini J\u00e1nos \u00e9s Zsigmond gr\u00f3fokat \u00e9s Monyor\u00f3kereki Elderbach Bertholdot, erd\u00e9lyi vajd\u00e1kat \u00e9s sz\u00e9kelyek isp\u00e1njait, s Szapolyai Imre \u00e9s Istv\u00e1n szepesi gr\u00f3fokat igazgat\u00f3ikk\u00e1 \u00e9s el\u00f6lj\u00e1r\u00f3ikk\u00e1 v\u00e1lasztott\u00e1k, s nekik esk\u00fc alatt h\u0171s\u00e9get \u00e9s engedelmess\u00e9get fogadtak (1467). <br \/><strong>Irod.:<\/strong> SzOkl, 1.<\/br><\/p>\n","protected":false},"excerpt":{"rendered":"<p>? \u2020?: marossz\u00e9ki nemes. \u2013 Erd\u00e9ly \u00e9s Mo. elnyomott szabads\u00e1ga v\u00e9delm\u00e9ben M\u00e1ty\u00e1s kir. ellen sz\u00f6vetkezett, Szentgy\u00f6rgyi \u00e9s Bazini J\u00e1nos \u00e9s Zsigmond gr\u00f3fokat \u00e9s Monyor\u00f3kereki Elderbach Bertholdot, erd\u00e9lyi vajd\u00e1kat \u00e9s sz\u00e9kelyek isp\u00e1njait, s Szapolyai Imre \u00e9s Istv\u00e1n szepesi gr\u00f3fokat igazgat\u00f3ikk\u00e1 \u00e9s el\u00f6lj\u00e1r\u00f3ikk\u00e1 v\u00e1lasztott\u00e1k, s nekik esk\u00fc alatt h\u0171s\u00e9get \u00e9s engedelmess\u00e9get fogadtak (1467). Irod.: SzOkl, 1.<\/p>\n","protected":false},"featured_media":0,"comment_status":"open","ping_status":"closed","template":"","meta":[],"product_brand":[],"product_cat":[137],"product_tag":[],"class_list":{"0":"post-22549","1":"product","2":"type-product","3":"status-publish","5":"product_cat-maros-megyei-eletrajzi-lexikon","7":"first","8":"instock","9":"shipping-taxable","10":"product-type-simple"},"_links":{"self":[{"href":"https:\/\/uj.adatbank.ro\/lexikon\/wp-json\/wp\/v2\/product\/22549","targetHints":{"allow":["GET"]}}],"collection":[{"href":"https:\/\/uj.adatbank.ro\/lexikon\/wp-json\/wp\/v2\/product"}],"about":[{"href":"https:\/\/uj.adatbank.ro\/lexikon\/wp-json\/wp\/v2\/types\/product"}],"replies":[{"embeddable":true,"href":"https:\/\/uj.adatbank.ro\/lexikon\/wp-json\/wp\/v2\/comments?post=22549"}],"wp:attachment":[{"href":"https:\/\/uj.adatbank.ro\/lexikon\/wp-json\/wp\/v2\/media?parent=22549"}],"wp:term":[{"taxonomy":"product_brand","embeddable":true,"href":"https:\/\/uj.adatbank.ro\/lexikon\/wp-json\/wp\/v2\/product_brand?post=22549"},{"taxonomy":"product_cat","embeddable":true,"href":"https:\/\/uj.adatbank.ro\/lexikon\/wp-json\/wp\/v2\/product_cat?post=22549"},{"taxonomy":"product_tag","embeddable":true,"href":"https:\/\/uj.adatbank.ro\/lexikon\/wp-json\/wp\/v2\/product_tag?post=22549"}],"curies":[{"name":"wp","href":"https:\/\/api.w.org\/{rel}","templated":true}]}}