{"id":22555,"date":"2025-07-22T20:05:36","date_gmt":"2025-07-22T18:05:36","guid":{"rendered":"https:\/\/uj.adatbank.ro\/lexikon\/termek\/szoverffy-karoly-szoverdi\/"},"modified":"2025-07-22T20:05:36","modified_gmt":"2025-07-22T18:05:36","slug":"szoverffy-karoly-szoverdi","status":"publish","type":"product","link":"https:\/\/uj.adatbank.ro\/lexikon\/termek\/szoverffy-karoly-szoverdi\/","title":{"rendered":"SZ\u00d6V\u00c9RFFY K\u00e1roly, sz\u00f6v\u00e9rdi"},"content":{"rendered":"<p>Sz\u00f6v\u00e9rd, 1906., \u2020?: ref. ig. tan\u00edt\u00f3. \u2013 Feles\u00e9ge: Herbert Ilona. Gyermekeik: Attila, Magda. -Mv.-en v\u00e9gezte tanulm\u00e1nyait, Marosszentann\u00e1n kezdte p\u00e1lyafut\u00e1s\u00e1t, majd Sz\u00e9kelykakasdon tan\u00edtott (1931\u201348). A Gazdak\u00f6r \u00fajj\u00e1alak\u00edt\u00f3ja, az \u00c9nekkar megszervez\u0151je \u00e9s vezet\u0151je volt. Minden hazafias \u00e9s kult\u00faregyes\u00fclet tev\u00e9keny tagja volt. <br \/><strong>Irod.:<\/strong> Sz\u00e9kelyf\u00f6ld \u00ed. k.; Sz\u00e9kelykakasd.<\/br><\/p>\n","protected":false},"excerpt":{"rendered":"<p>Sz\u00f6v\u00e9rd, 1906., \u2020?: ref. ig. tan\u00edt\u00f3. \u2013 Feles\u00e9ge: Herbert Ilona. Gyermekeik: Attila, Magda. -Mv.-en v\u00e9gezte tanulm\u00e1nyait, Marosszentann\u00e1n kezdte p\u00e1lyafut\u00e1s\u00e1t, majd Sz\u00e9kelykakasdon tan\u00edtott (1931\u201348). A Gazdak\u00f6r \u00fajj\u00e1alak\u00edt\u00f3ja, az \u00c9nekkar megszervez\u0151je \u00e9s vezet\u0151je volt. Minden hazafias \u00e9s kult\u00faregyes\u00fclet tev\u00e9keny tagja volt. Irod.: Sz\u00e9kelyf\u00f6ld \u00ed. k.; Sz\u00e9kelykakasd.<\/p>\n","protected":false},"featured_media":0,"comment_status":"open","ping_status":"closed","template":"","meta":[],"product_brand":[],"product_cat":[137],"product_tag":[],"class_list":{"0":"post-22555","1":"product","2":"type-product","3":"status-publish","5":"product_cat-maros-megyei-eletrajzi-lexikon","7":"first","8":"instock","9":"shipping-taxable","10":"product-type-simple"},"_links":{"self":[{"href":"https:\/\/uj.adatbank.ro\/lexikon\/wp-json\/wp\/v2\/product\/22555","targetHints":{"allow":["GET"]}}],"collection":[{"href":"https:\/\/uj.adatbank.ro\/lexikon\/wp-json\/wp\/v2\/product"}],"about":[{"href":"https:\/\/uj.adatbank.ro\/lexikon\/wp-json\/wp\/v2\/types\/product"}],"replies":[{"embeddable":true,"href":"https:\/\/uj.adatbank.ro\/lexikon\/wp-json\/wp\/v2\/comments?post=22555"}],"wp:attachment":[{"href":"https:\/\/uj.adatbank.ro\/lexikon\/wp-json\/wp\/v2\/media?parent=22555"}],"wp:term":[{"taxonomy":"product_brand","embeddable":true,"href":"https:\/\/uj.adatbank.ro\/lexikon\/wp-json\/wp\/v2\/product_brand?post=22555"},{"taxonomy":"product_cat","embeddable":true,"href":"https:\/\/uj.adatbank.ro\/lexikon\/wp-json\/wp\/v2\/product_cat?post=22555"},{"taxonomy":"product_tag","embeddable":true,"href":"https:\/\/uj.adatbank.ro\/lexikon\/wp-json\/wp\/v2\/product_tag?post=22555"}],"curies":[{"name":"wp","href":"https:\/\/api.w.org\/{rel}","templated":true}]}}