{"id":22556,"date":"2025-07-22T20:05:38","date_gmt":"2025-07-22T18:05:38","guid":{"rendered":"https:\/\/uj.adatbank.ro\/lexikon\/termek\/szoverfi-karoly\/"},"modified":"2025-07-22T20:05:38","modified_gmt":"2025-07-22T18:05:38","slug":"szoverfi-karoly","status":"publish","type":"product","link":"https:\/\/uj.adatbank.ro\/lexikon\/termek\/szoverfi-karoly\/","title":{"rendered":"SZ\u00d6V\u00c9RFI K\u00e1roly"},"content":{"rendered":"<p>1937? \u2020\u00a0Mv., 2018. j\u00fal. 16.: b\u00e1dogos. \u2013 feles\u00e9ge: Katalin, le\u00e1nya, Enik\u0151, veje Lulu \u00e9s unok\u00e1i: Cristian, Gabriel \u00e9s Roberto. \u2013 Az Augusztus 23. b\u00fatorgy\u00e1r volt dolgoz\u00f3ja, futbalista. David Laz\u0103r esperes megb\u00edz\u00e1s\u00e1b\u00f3l Mv-en az ortodox katedr\u00e1lis b\u00e1dogoz\u00e1s\u00e1t v\u00e9gezte el (1970\u201380?). <br \/><strong>Irod.:<\/strong> B\u0103ciu\u0163, Nicolae \u2013 \u015eincan, Gheorghe Nicolae: Biserica de piatr\u0103 \u201e\u00cen\u0103l\u0163area Domnului\u201d T\u00e2rgu-Mure\u015f (Vatra veche, nr. 11., 2009). <br \/><strong>Irod.:<\/strong> Nekrol\u00f3g (N\u00fa.,2018. j\u00fal. 18.).<\/br><\/p>\n","protected":false},"excerpt":{"rendered":"<p>1937? \u2020\u00a0Mv., 2018. j\u00fal. 16.: b\u00e1dogos. \u2013 feles\u00e9ge: Katalin, le\u00e1nya, Enik\u0151, veje Lulu \u00e9s unok\u00e1i: Cristian, Gabriel \u00e9s Roberto. \u2013 Az Augusztus 23. b\u00fatorgy\u00e1r volt dolgoz\u00f3ja, futbalista. David Laz\u0103r esperes megb\u00edz\u00e1s\u00e1b\u00f3l Mv-en az ortodox katedr\u00e1lis b\u00e1dogoz\u00e1s\u00e1t v\u00e9gezte el (1970\u201380?). Irod.: B\u0103ciu\u0163, Nicolae \u2013 \u015eincan, Gheorghe Nicolae: Biserica de piatr\u0103 \u201e\u00cen\u0103l\u0163area Domnului\u201d T\u00e2rgu-Mure\u015f (Vatra veche, nr. [&hellip;]<\/p>\n","protected":false},"featured_media":0,"comment_status":"open","ping_status":"closed","template":"","meta":[],"product_brand":[],"product_cat":[137],"product_tag":[],"class_list":{"0":"post-22556","1":"product","2":"type-product","3":"status-publish","5":"product_cat-maros-megyei-eletrajzi-lexikon","7":"first","8":"instock","9":"shipping-taxable","10":"product-type-simple"},"_links":{"self":[{"href":"https:\/\/uj.adatbank.ro\/lexikon\/wp-json\/wp\/v2\/product\/22556","targetHints":{"allow":["GET"]}}],"collection":[{"href":"https:\/\/uj.adatbank.ro\/lexikon\/wp-json\/wp\/v2\/product"}],"about":[{"href":"https:\/\/uj.adatbank.ro\/lexikon\/wp-json\/wp\/v2\/types\/product"}],"replies":[{"embeddable":true,"href":"https:\/\/uj.adatbank.ro\/lexikon\/wp-json\/wp\/v2\/comments?post=22556"}],"wp:attachment":[{"href":"https:\/\/uj.adatbank.ro\/lexikon\/wp-json\/wp\/v2\/media?parent=22556"}],"wp:term":[{"taxonomy":"product_brand","embeddable":true,"href":"https:\/\/uj.adatbank.ro\/lexikon\/wp-json\/wp\/v2\/product_brand?post=22556"},{"taxonomy":"product_cat","embeddable":true,"href":"https:\/\/uj.adatbank.ro\/lexikon\/wp-json\/wp\/v2\/product_cat?post=22556"},{"taxonomy":"product_tag","embeddable":true,"href":"https:\/\/uj.adatbank.ro\/lexikon\/wp-json\/wp\/v2\/product_tag?post=22556"}],"curies":[{"name":"wp","href":"https:\/\/api.w.org\/{rel}","templated":true}]}}