{"id":22557,"date":"2025-07-22T20:05:41","date_gmt":"2025-07-22T18:05:41","guid":{"rendered":"https:\/\/uj.adatbank.ro\/lexikon\/termek\/szoverfi-lajos\/"},"modified":"2025-07-22T20:05:41","modified_gmt":"2025-07-22T18:05:41","slug":"szoverfi-lajos","status":"publish","type":"product","link":"https:\/\/uj.adatbank.ro\/lexikon\/termek\/szoverfi-lajos\/","title":{"rendered":"SZ\u00d6V\u00c9RFI Lajos"},"content":{"rendered":"<p>Mv., 1922. m\u00e1j. 17., \u2020?: ?. \u2013 Letart\u00f3ztatt\u00e1k (1956. dec.10.) \u00e9s 15 \u00e9vet kapott (szabdult 1965. m\u00e1j. 25.). Radn\u00f3ton lakott. <br \/><strong>Irod.:<\/strong> 1956 Erd\u00e9l.<\/br><\/p>\n","protected":false},"excerpt":{"rendered":"<p>Mv., 1922. m\u00e1j. 17., \u2020?: ?. \u2013 Letart\u00f3ztatt\u00e1k (1956. dec.10.) \u00e9s 15 \u00e9vet kapott (szabdult 1965. m\u00e1j. 25.). Radn\u00f3ton lakott. Irod.: 1956 Erd\u00e9l.<\/p>\n","protected":false},"featured_media":0,"comment_status":"open","ping_status":"closed","template":"","meta":[],"product_brand":[],"product_cat":[137],"product_tag":[],"class_list":{"0":"post-22557","1":"product","2":"type-product","3":"status-publish","5":"product_cat-maros-megyei-eletrajzi-lexikon","7":"first","8":"instock","9":"shipping-taxable","10":"product-type-simple"},"_links":{"self":[{"href":"https:\/\/uj.adatbank.ro\/lexikon\/wp-json\/wp\/v2\/product\/22557","targetHints":{"allow":["GET"]}}],"collection":[{"href":"https:\/\/uj.adatbank.ro\/lexikon\/wp-json\/wp\/v2\/product"}],"about":[{"href":"https:\/\/uj.adatbank.ro\/lexikon\/wp-json\/wp\/v2\/types\/product"}],"replies":[{"embeddable":true,"href":"https:\/\/uj.adatbank.ro\/lexikon\/wp-json\/wp\/v2\/comments?post=22557"}],"wp:attachment":[{"href":"https:\/\/uj.adatbank.ro\/lexikon\/wp-json\/wp\/v2\/media?parent=22557"}],"wp:term":[{"taxonomy":"product_brand","embeddable":true,"href":"https:\/\/uj.adatbank.ro\/lexikon\/wp-json\/wp\/v2\/product_brand?post=22557"},{"taxonomy":"product_cat","embeddable":true,"href":"https:\/\/uj.adatbank.ro\/lexikon\/wp-json\/wp\/v2\/product_cat?post=22557"},{"taxonomy":"product_tag","embeddable":true,"href":"https:\/\/uj.adatbank.ro\/lexikon\/wp-json\/wp\/v2\/product_tag?post=22557"}],"curies":[{"name":"wp","href":"https:\/\/api.w.org\/{rel}","templated":true}]}}