{"id":22560,"date":"2025-07-22T20:05:47","date_gmt":"2025-07-22T18:05:47","guid":{"rendered":"https:\/\/uj.adatbank.ro\/lexikon\/termek\/szoverfy-janos\/"},"modified":"2025-07-22T20:05:47","modified_gmt":"2025-07-22T18:05:47","slug":"szoverfy-janos","status":"publish","type":"product","link":"https:\/\/uj.adatbank.ro\/lexikon\/termek\/szoverfy-janos\/","title":{"rendered":"SZ\u00d6V\u00c9RFY J\u00e1nos"},"content":{"rendered":"<p>Backamadaras, 1882., \u2020 2012: gazd\u00e1lkod\u00f3. \u2013 Iskol\u00e1i elv\u00e9gz\u00e9se ut\u00e1n a sz\u00fcl\u0151i h\u00e1zn\u00e1l tanult gazd\u00e1lkodni, majd \u00f6n\u00e1ll\u00f3 lett Ny\u00e1r\u00e1dszentl\u00e1szl\u00f3n. Az els\u0151 vh.-ban a 12. t\u00fcz\u00e9rezredben az orosz \u00e9s az olasz fronton harcolt, mint tizedes a bronz v. \u00e9. \u00e9s a K\u00e1roly Csapatkereszt, valamint a h\u00e1b. eml\u00e9k\u00e9rem kit\u00fcntet\u00e9sekkel szerelt le. A ref. egyh\u00e1z gondnoka volt. <br \/><strong>Irod.:<\/strong> Sz\u00e9kelyf\u00f6ld \u00ed. k.<\/br><\/p>\n","protected":false},"excerpt":{"rendered":"<p>Backamadaras, 1882., \u2020 2012: gazd\u00e1lkod\u00f3. \u2013 Iskol\u00e1i elv\u00e9gz\u00e9se ut\u00e1n a sz\u00fcl\u0151i h\u00e1zn\u00e1l tanult gazd\u00e1lkodni, majd \u00f6n\u00e1ll\u00f3 lett Ny\u00e1r\u00e1dszentl\u00e1szl\u00f3n. Az els\u0151 vh.-ban a 12. t\u00fcz\u00e9rezredben az orosz \u00e9s az olasz fronton harcolt, mint tizedes a bronz v. \u00e9. \u00e9s a K\u00e1roly Csapatkereszt, valamint a h\u00e1b. eml\u00e9k\u00e9rem kit\u00fcntet\u00e9sekkel szerelt le. A ref. egyh\u00e1z gondnoka volt. Irod.: Sz\u00e9kelyf\u00f6ld [&hellip;]<\/p>\n","protected":false},"featured_media":0,"comment_status":"open","ping_status":"closed","template":"","meta":[],"product_brand":[],"product_cat":[137],"product_tag":[],"class_list":{"0":"post-22560","1":"product","2":"type-product","3":"status-publish","5":"product_cat-maros-megyei-eletrajzi-lexikon","7":"first","8":"instock","9":"shipping-taxable","10":"product-type-simple"},"_links":{"self":[{"href":"https:\/\/uj.adatbank.ro\/lexikon\/wp-json\/wp\/v2\/product\/22560","targetHints":{"allow":["GET"]}}],"collection":[{"href":"https:\/\/uj.adatbank.ro\/lexikon\/wp-json\/wp\/v2\/product"}],"about":[{"href":"https:\/\/uj.adatbank.ro\/lexikon\/wp-json\/wp\/v2\/types\/product"}],"replies":[{"embeddable":true,"href":"https:\/\/uj.adatbank.ro\/lexikon\/wp-json\/wp\/v2\/comments?post=22560"}],"wp:attachment":[{"href":"https:\/\/uj.adatbank.ro\/lexikon\/wp-json\/wp\/v2\/media?parent=22560"}],"wp:term":[{"taxonomy":"product_brand","embeddable":true,"href":"https:\/\/uj.adatbank.ro\/lexikon\/wp-json\/wp\/v2\/product_brand?post=22560"},{"taxonomy":"product_cat","embeddable":true,"href":"https:\/\/uj.adatbank.ro\/lexikon\/wp-json\/wp\/v2\/product_cat?post=22560"},{"taxonomy":"product_tag","embeddable":true,"href":"https:\/\/uj.adatbank.ro\/lexikon\/wp-json\/wp\/v2\/product_tag?post=22560"}],"curies":[{"name":"wp","href":"https:\/\/api.w.org\/{rel}","templated":true}]}}